{"id":76248,"date":"2025-07-14T14:48:22","date_gmt":"2025-07-14T11:48:22","guid":{"rendered":"https:\/\/demo8.ecube.lv\/sezona.lv\/products\/marmot-super-hero-sieviesu-jaka\/"},"modified":"2025-07-14T14:48:22","modified_gmt":"2025-07-14T11:48:22","slug":"marmot-super-hero-sieviesu-jaka","status":"publish","type":"product","link":"https:\/\/sezona.lv\/en\/products\/marmot-super-hero-sieviesu-jaka\/","title":{"rendered":"Marmot Super Hero sievie\u0161u jaka"},"content":{"rendered":"<p>Izcila&nbsp;<strong>Windstopper&reg;<\/strong>&nbsp;sievie&scaron;u jaka ar pastiprin\u0101jumiem no&nbsp;<strong>Marmot M2<\/strong>&nbsp;<strong>Softshell<\/strong><strong>&nbsp;<\/strong>auduma. Jakai ir no\u0146emama kapuce. Padus\u0113s ir \u0137\u012blveid\u012bgi ie&scaron;uvumi no&nbsp;<strong>Marmot M3<\/strong>&nbsp;<strong>Softhell<\/strong>&nbsp;auduma lab\u0101kai ventil\u0101cijai. \u013boti erganomisks piegriezums un funkcionalit\u0101te \u013cauj &scaron;o jaku izmantot jebkur\u0101s aktivit\u0101t\u0113s. Jakas plecuda\u013ca un piedurknes nodro&scaron;ina \u016bdensnotur\u012bbu un augstu nodilumiztur\u012bbu. Ide\u0101li piem\u0113rota alp\u012bnism\u0101, treking\u0101, p\u0101rg\u0101jienos k\u0101 ar\u012b ikdien\u0101.&nbsp;<\/p>\n<p><strong>Specifik\u0101cija:<\/strong><\/p>\n<p><strong>Materi\u0101ls:<\/strong><strong>&nbsp;<\/strong>Gore Windstopper<em>&reg;<\/em>&nbsp;Softshell 100% poliesters 5.4 oz\/yd<br \/> <strong>Pastiprin\u0101jums:<\/strong><strong>&nbsp;<\/strong>Gore Windstopper<em>&reg;<\/em>&nbsp;Softshell 100% poliesters 9.5 oz\/yd<br \/> <strong>Muguras garums:<\/strong>&nbsp;66cm (M izm\u0113ram)<br \/> <strong>Svars:&nbsp;<\/strong>595 grami<br \/> <strong>Kr\u0101sa:<\/strong>&nbsp;Sarkana<\/p>\n<p><strong>Galven\u0101s \u012bpa&scaron;\u012bbas:<\/strong><\/p>\n<p>&nbsp;Piedurk\u0146u man\u017eetes regul\u0113jamas ar&nbsp;<strong>Velcro&reg;<\/strong><br \/> &nbsp;Elast\u012bga, regul\u0113jo&scaron;a aukla jakas apak&scaron;da\u013c\u0101, skarbiem laika apst\u0101k\u013ciem&nbsp;<br \/> &nbsp;Iek&scaron;kabata ar r\u0101v\u0113jsl\u0113dz\u0113ju, s\u012bkiem priek&scaron;metiem un aksesu\u0101riem<br \/> &nbsp;S\u0101nu kabatas ar r\u0101v\u0113jsl\u0113dz\u0113jiem un no m\u012bksta auduma, roku sild\u012b&scaron;anai<br \/> &nbsp;Pastiprin\u0101ta plecu un elko\u0146u da\u013cas, padus\u0113s, ventil\u0101cijai, iestr\u0101d\u0101tas \u0137\u012b\u013cveida ie&scaron;uves no eplojo&scaron;a materi\u0101la<br \/> &nbsp;Ar r\u0101v\u0113jsl\u0113dz\u0113ju no\u0146emama kapuce<br \/> &nbsp;Sievie&scaron;u piegriezums<br \/> &nbsp;<strong>Marmot M2<\/strong>&nbsp;s\u0113rijas materi\u0101li &#8211; \u016bdens adgr\u016b\u017eo&scaron;i, maksim\u0101li elpojo&scaron;i, v\u0113ja necaurlaid\u012bgi, nodilumiztur\u012bgi un silti<\/p>\n<p><strong>Izm\u0113rs: <\/strong>&nbsp;S, M, L, XL<\/p>\n<p>Veicot pas\u016bt\u012bjumu, l\u016bdzu nor\u0101diet nepiecie&scaron;amo izm\u0113ru.<\/p>\n<p>&nbsp;<\/p>\n<p>&nbsp;<\/p>\n","protected":false},"excerpt":{"rendered":"<p>Izcila&nbsp;Windstopper&reg;&nbsp;sievie&scaron;u jaka ar pastiprin\u0101jumiem no&nbsp;Marmot M2&nbsp;Softshell&nbsp;auduma. Jakai ir no\u0146emama kapuce. Padus\u0113s ir \u0137\u012blveid\u012bgi ie&scaron;uvumi no&nbsp;Marmot M3&nbsp;Softhell&nbsp;auduma lab\u0101kai ventil\u0101cijai. \u013boti erganomisks piegriezums un funkcionalit\u0101te \u013cauj &scaron;o jaku izmantot jebkur\u0101s aktivit\u0101t\u0113s. Jakas plecuda\u013ca un piedurknes nodro&scaron;ina \u016bdensnotur\u012bbu un augstu nodilumiztur\u012bbu. Ide\u0101li piem\u0113rota alp\u012bnism\u0101, treking\u0101, p\u0101rg\u0101jienos k\u0101 ar\u012b ikdien\u0101.&nbsp; Specifik\u0101cija: Materi\u0101ls:&nbsp;Gore Windstopper&reg;&nbsp;Softshell 100% poliesters 5.4 oz\/yd Pastiprin\u0101jums:&nbsp;Gore Windstopper&reg;&nbsp;Softshell [&hellip;]<\/p>\n","protected":false},"featured_media":0,"template":"","meta":[],"product_brand":[908],"product_cat":[4619,4640,4716],"product_tag":[],"class_list":{"0":"post-76248","1":"product","2":"type-product","3":"status-publish","5":"product_brand-marmot","6":"product_cat-winter-clothes-recreation","7":"product_cat-recreation","8":"product_cat-softshell-jackets-winter-clothes-recreation","10":"first","11":"instock","12":"shipping-taxable","13":"purchasable","14":"product-type-simple"},"_links":{"self":[{"href":"https:\/\/sezona.lv\/en\/wp-json\/wp\/v2\/product\/76248","targetHints":{"allow":["GET"]}}],"collection":[{"href":"https:\/\/sezona.lv\/en\/wp-json\/wp\/v2\/product"}],"about":[{"href":"https:\/\/sezona.lv\/en\/wp-json\/wp\/v2\/types\/product"}],"wp:attachment":[{"href":"https:\/\/sezona.lv\/en\/wp-json\/wp\/v2\/media?parent=76248"}],"wp:term":[{"taxonomy":"product_brand","embeddable":true,"href":"https:\/\/sezona.lv\/en\/wp-json\/wp\/v2\/product_brand?post=76248"},{"taxonomy":"product_cat","embeddable":true,"href":"https:\/\/sezona.lv\/en\/wp-json\/wp\/v2\/product_cat?post=76248"},{"taxonomy":"product_tag","embeddable":true,"href":"https:\/\/sezona.lv\/en\/wp-json\/wp\/v2\/product_tag?post=76248"}],"curies":[{"name":"wp","href":"https:\/\/api.w.org\/{rel}","templated":true}]}}