{"id":76250,"date":"2025-07-14T14:48:24","date_gmt":"2025-07-14T11:48:24","guid":{"rendered":"https:\/\/demo8.ecube.lv\/sezona.lv\/products\/marmot-scree-bikses\/"},"modified":"2025-07-14T14:48:24","modified_gmt":"2025-07-14T11:48:24","slug":"marmot-scree-bikses","status":"publish","type":"product","link":"https:\/\/sezona.lv\/en\/products\/marmot-scree-bikses\/","title":{"rendered":"Marmot Scree bikses"},"content":{"rendered":"<p>Daudzfunkcion\u0101las softshell bikses no viegla un elpojo&scaron;a auduma. \u0100tri \u017eusto&scaron;as un elast\u012bgs &#8211; neierobe\u017eos nevinu j\u016bsu kust\u012bbu. Paredz\u0113tas akt\u012bvai atp\u016btai dab\u0101 no pavasara l\u012bdz v\u0113lam rudenim un ziem\u0101 kombin\u0101cij\u0101 ar termove\u013cu lieliski noder\u0113s distan\u010du sl\u0113po&scaron;an\u0101. Ide\u0101li piem\u0113rotas p\u0101rg\u0101jieniem, kalnu pastaig\u0101m, klin&scaron;u k\u0101p&scaron;anai k\u0101 ar\u012b ikdienai.<\/p>\n<p><strong>Specifik\u0101cija:<\/strong><\/p>\n<p><strong>Materi\u0101ls:<\/strong>&nbsp;Softshell Double Weave 90% Nylon 10% Elastane Stretch 6.3 oz\/yd<br \/> <strong>Svars:<\/strong>&nbsp;482 grami<br \/> <strong>Kr\u0101sa:<\/strong>&nbsp;melna, pel\u0113ka, haki<\/p>\n<p><strong>Raksturojums:<\/strong><\/p>\n<p>&nbsp;\u016adeni atgr\u016b\u017eo&scaron;as un elpojo&scaron;as<br \/> &nbsp;Pot\u012btes&nbsp;r\u0101v\u0113jsl\u0113dz\u0113ji viegl\u0101kai bik&scaron;u uzvilk&scaron;anai p\u0101ri apaviem<br \/> &nbsp;Visas kabatas ir ar r\u0101v\u0113jsl\u0113dz\u0113jiem<br \/> &nbsp;Jostas cilpas ja ir nepiecie&scaron;ama josta<br \/> &nbsp;Elast\u012bga jostas vieta ar Spiedpogu un r\u0101v\u0113jsl\u0113dz\u0113ju<br \/> &nbsp;Anatomisks sievie&scaron;u piegriezums<\/p>\n<p align=\"center\"><strong>!!!&Scaron;im modelim ir pieejami pagarin\u0101tie un sa\u012bsin\u0101tie izm\u0113ri!!!<\/strong><strong>&nbsp;<\/strong><strong><br \/> <strong>!!!Stara garums ir pagarin\u0101ts vai sa\u012bsin\u0101ts par aptuveni 5cm!!!<\/strong><\/strong><\/p>\n<p><strong>Izm\u0113rs: <\/strong>&nbsp;S, M, L, XL, XXL<\/p>\n<p>Veicot pas\u016bt\u012bjumu, l\u016bdzu nor\u0101diet nepiecie&scaron;amo izm\u0113ru.<\/p>\n<p>&nbsp;<\/p>\n<p>&nbsp;<\/p>\n","protected":false},"excerpt":{"rendered":"<p>Daudzfunkcion\u0101las softshell bikses no viegla un elpojo&scaron;a auduma. \u0100tri \u017eusto&scaron;as un elast\u012bgs &#8211; neierobe\u017eos nevinu j\u016bsu kust\u012bbu. Paredz\u0113tas akt\u012bvai atp\u016btai dab\u0101 no pavasara l\u012bdz v\u0113lam rudenim un ziem\u0101 kombin\u0101cij\u0101 ar termove\u013cu lieliski noder\u0113s distan\u010du sl\u0113po&scaron;an\u0101. Ide\u0101li piem\u0113rotas p\u0101rg\u0101jieniem, kalnu pastaig\u0101m, klin&scaron;u k\u0101p&scaron;anai k\u0101 ar\u012b ikdienai. Specifik\u0101cija: Materi\u0101ls:&nbsp;Softshell Double Weave 90% Nylon 10% Elastane Stretch 6.3 [&hellip;]<\/p>\n","protected":false},"featured_media":0,"template":"","meta":[],"product_brand":[908],"product_cat":[4619,4640,4717],"product_tag":[],"class_list":{"0":"post-76250","1":"product","2":"type-product","3":"status-publish","5":"product_brand-marmot","6":"product_cat-winter-clothes-recreation","7":"product_cat-recreation","8":"product_cat-softshell-pants-winter-clothes-recreation","10":"first","11":"instock","12":"shipping-taxable","13":"purchasable","14":"product-type-simple"},"_links":{"self":[{"href":"https:\/\/sezona.lv\/en\/wp-json\/wp\/v2\/product\/76250","targetHints":{"allow":["GET"]}}],"collection":[{"href":"https:\/\/sezona.lv\/en\/wp-json\/wp\/v2\/product"}],"about":[{"href":"https:\/\/sezona.lv\/en\/wp-json\/wp\/v2\/types\/product"}],"wp:attachment":[{"href":"https:\/\/sezona.lv\/en\/wp-json\/wp\/v2\/media?parent=76250"}],"wp:term":[{"taxonomy":"product_brand","embeddable":true,"href":"https:\/\/sezona.lv\/en\/wp-json\/wp\/v2\/product_brand?post=76250"},{"taxonomy":"product_cat","embeddable":true,"href":"https:\/\/sezona.lv\/en\/wp-json\/wp\/v2\/product_cat?post=76250"},{"taxonomy":"product_tag","embeddable":true,"href":"https:\/\/sezona.lv\/en\/wp-json\/wp\/v2\/product_tag?post=76250"}],"curies":[{"name":"wp","href":"https:\/\/api.w.org\/{rel}","templated":true}]}}