{"id":76251,"date":"2025-07-14T14:48:24","date_gmt":"2025-07-14T11:48:24","guid":{"rendered":"https:\/\/demo8.ecube.lv\/sezona.lv\/products\/marmot-rockstar-bikses\/"},"modified":"2025-07-14T14:48:24","modified_gmt":"2025-07-14T11:48:24","slug":"marmot-rockstar-bikses","status":"publish","type":"product","link":"https:\/\/sezona.lv\/en\/products\/marmot-rockstar-bikses\/","title":{"rendered":"Marmot Rockstar bikses"},"content":{"rendered":"<p>\u013boti vieglas un pl\u0101nas softshell bikses. \u0100tri \u017eusto&scaron;as un elpojo&scaron;as. \u010cetros virzienos staip\u012bgais audums neierobe\u017eos ne vienu kust\u012bbu. Iede\u0101li piem\u0113rotas klin&scaron;u k\u0101p&scaron;anai, t\u016brismam vai cit\u0101m aktivit\u0101t\u0113m.<\/p>\n<p><strong>Specifik\u0101cija:<\/strong><\/p>\n<p><strong>Materi\u0101ls:<\/strong>&nbsp;Softshell Double Weave 86% Nylon 14% Elastane Plain Weave 5.0 oz\/yd<br \/> <strong>Svars:<\/strong>&nbsp;323 grami<br \/> <strong>Kr\u0101sa:<\/strong>&nbsp;pel\u0113ka, haki, melna<\/p>\n<p><strong>Raksturojums:<\/strong><\/p>\n<p>&nbsp;\u0100tri \u017e\u016bsto&scaron;as un elpojo&scaron;as<br \/> &nbsp;Elast\u012bgas &#8211; ide\u0101las airobisk\u0101m aktivit\u0101t\u0113m<br \/> &nbsp;Sa&scaron;aurin\u0101ti stari ar r\u0101v\u0113jsl\u0113dz\u0113jiem<br \/> &nbsp;Anatomisks sievie&scaron;u piegriezums<\/p>\n<p><strong>Izm\u0113rs: <\/strong>&nbsp;30, 32, 34<\/p>\n<p>Veicot pas\u016bt\u012bjumu, l\u016bdzu nor\u0101diet nepiecie&scaron;amo izm\u0113ru.<\/p>\n<p>&nbsp;<\/p>\n<p>&nbsp;<\/p>\n","protected":false},"excerpt":{"rendered":"<p>\u013boti vieglas un pl\u0101nas softshell bikses. \u0100tri \u017eusto&scaron;as un elpojo&scaron;as. \u010cetros virzienos staip\u012bgais audums neierobe\u017eos ne vienu kust\u012bbu. Iede\u0101li piem\u0113rotas klin&scaron;u k\u0101p&scaron;anai, t\u016brismam vai cit\u0101m aktivit\u0101t\u0113m. Specifik\u0101cija: Materi\u0101ls:&nbsp;Softshell Double Weave 86% Nylon 14% Elastane Plain Weave 5.0 oz\/yd Svars:&nbsp;323 grami Kr\u0101sa:&nbsp;pel\u0113ka, haki, melna Raksturojums: &nbsp;\u0100tri \u017e\u016bsto&scaron;as un elpojo&scaron;as &nbsp;Elast\u012bgas &#8211; ide\u0101las airobisk\u0101m aktivit\u0101t\u0113m &nbsp;Sa&scaron;aurin\u0101ti stari [&hellip;]<\/p>\n","protected":false},"featured_media":0,"template":"","meta":[],"product_brand":[908],"product_cat":[4619,4640,4717],"product_tag":[],"class_list":{"0":"post-76251","1":"product","2":"type-product","3":"status-publish","5":"product_brand-marmot","6":"product_cat-winter-clothes-recreation","7":"product_cat-recreation","8":"product_cat-softshell-pants-winter-clothes-recreation","10":"first","11":"instock","12":"shipping-taxable","13":"purchasable","14":"product-type-simple"},"_links":{"self":[{"href":"https:\/\/sezona.lv\/en\/wp-json\/wp\/v2\/product\/76251","targetHints":{"allow":["GET"]}}],"collection":[{"href":"https:\/\/sezona.lv\/en\/wp-json\/wp\/v2\/product"}],"about":[{"href":"https:\/\/sezona.lv\/en\/wp-json\/wp\/v2\/types\/product"}],"wp:attachment":[{"href":"https:\/\/sezona.lv\/en\/wp-json\/wp\/v2\/media?parent=76251"}],"wp:term":[{"taxonomy":"product_brand","embeddable":true,"href":"https:\/\/sezona.lv\/en\/wp-json\/wp\/v2\/product_brand?post=76251"},{"taxonomy":"product_cat","embeddable":true,"href":"https:\/\/sezona.lv\/en\/wp-json\/wp\/v2\/product_cat?post=76251"},{"taxonomy":"product_tag","embeddable":true,"href":"https:\/\/sezona.lv\/en\/wp-json\/wp\/v2\/product_tag?post=76251"}],"curies":[{"name":"wp","href":"https:\/\/api.w.org\/{rel}","templated":true}]}}