{"id":76252,"date":"2025-07-14T14:48:25","date_gmt":"2025-07-14T11:48:25","guid":{"rendered":"https:\/\/demo8.ecube.lv\/sezona.lv\/products\/marmot-pro-tour-bikses\/"},"modified":"2025-07-14T14:48:25","modified_gmt":"2025-07-14T11:48:25","slug":"marmot-pro-tour-bikses","status":"publish","type":"product","link":"https:\/\/sezona.lv\/en\/products\/marmot-pro-tour-bikses\/","title":{"rendered":"Marmot Pro Tour bikses"},"content":{"rendered":"<p><span style=\"text-decoration: underline;font-weight: bold\">Specifik\u0101cija<\/span><\/p>\n<p><strong>Materi\u0101ls:<\/strong>&nbsp;Softshell Double Weave 100% Nylon Stretch 7.1 oz\/yd Polartec&reg;Power Shield&reg; O2 100% Nylon 4.8 oz\/yd<\/p>\n<p><strong>Svars:<\/strong><strong>&nbsp;<\/strong>618 grami<br \/> <strong>Kr\u0101sa:<\/strong><strong>&nbsp;<\/strong>Melna<\/p>\n<p><strong><span style=\"text-decoration: underline\">Raksturojums<\/span><\/strong><\/p>\n<p>\u016adens atgr\u016bdo&scaron;as, \u013coti elpojo&scaron;as, v\u0113ja iztur\u012bgas un siltas<\/p>\n<p>Ekskluz\u012bvs Polartec &reg; Powershield &reg; 02 audums<\/p>\n<p>No\u0146emams Ze\u0137turi &#8211; ir regul\u0113jami<\/p>\n<p><strong>Izm\u0113rs: <\/strong>&nbsp;S, M, L, XL<\/p>\n<p>Veicot pas\u016bt\u012bjumu, l\u016bdzu nor\u0101diet nepiecie&scaron;amo izm\u0113ru.<\/p>\n<p>&nbsp;<\/p>\n<p>&nbsp;<\/p>\n","protected":false},"excerpt":{"rendered":"<p>Specifik\u0101cija Materi\u0101ls:&nbsp;Softshell Double Weave 100% Nylon Stretch 7.1 oz\/yd Polartec&reg;Power Shield&reg; O2 100% Nylon 4.8 oz\/yd Svars:&nbsp;618 grami Kr\u0101sa:&nbsp;Melna Raksturojums \u016adens atgr\u016bdo&scaron;as, \u013coti elpojo&scaron;as, v\u0113ja iztur\u012bgas un siltas Ekskluz\u012bvs Polartec &reg; Powershield &reg; 02 audums No\u0146emams Ze\u0137turi &#8211; ir regul\u0113jami Izm\u0113rs: &nbsp;S, M, L, XL Veicot pas\u016bt\u012bjumu, l\u016bdzu nor\u0101diet nepiecie&scaron;amo izm\u0113ru. &nbsp; &nbsp;<\/p>\n","protected":false},"featured_media":0,"template":"","meta":[],"product_brand":[908],"product_cat":[4619,4640,4717],"product_tag":[],"class_list":{"0":"post-76252","1":"product","2":"type-product","3":"status-publish","5":"product_brand-marmot","6":"product_cat-winter-clothes-recreation","7":"product_cat-recreation","8":"product_cat-softshell-pants-winter-clothes-recreation","10":"first","11":"instock","12":"shipping-taxable","13":"purchasable","14":"product-type-simple"},"_links":{"self":[{"href":"https:\/\/sezona.lv\/en\/wp-json\/wp\/v2\/product\/76252","targetHints":{"allow":["GET"]}}],"collection":[{"href":"https:\/\/sezona.lv\/en\/wp-json\/wp\/v2\/product"}],"about":[{"href":"https:\/\/sezona.lv\/en\/wp-json\/wp\/v2\/types\/product"}],"wp:attachment":[{"href":"https:\/\/sezona.lv\/en\/wp-json\/wp\/v2\/media?parent=76252"}],"wp:term":[{"taxonomy":"product_brand","embeddable":true,"href":"https:\/\/sezona.lv\/en\/wp-json\/wp\/v2\/product_brand?post=76252"},{"taxonomy":"product_cat","embeddable":true,"href":"https:\/\/sezona.lv\/en\/wp-json\/wp\/v2\/product_cat?post=76252"},{"taxonomy":"product_tag","embeddable":true,"href":"https:\/\/sezona.lv\/en\/wp-json\/wp\/v2\/product_tag?post=76252"}],"curies":[{"name":"wp","href":"https:\/\/api.w.org\/{rel}","templated":true}]}}