{"id":76254,"date":"2025-07-14T14:48:27","date_gmt":"2025-07-14T11:48:27","guid":{"rendered":"https:\/\/demo8.ecube.lv\/sezona.lv\/products\/warmpeace-thira-sieviesu-jaka\/"},"modified":"2025-07-14T14:48:27","modified_gmt":"2025-07-14T11:48:27","slug":"warmpeace-thira-sieviesu-jaka","status":"publish","type":"product","link":"https:\/\/sezona.lv\/en\/products\/warmpeace-thira-sieviesu-jaka\/","title":{"rendered":"Warmpeace Thira sievie\u0161u jaka"},"content":{"rendered":"<p>Viegla un silta sievie&scaron;u jaci\u0146a ar kapuci no&nbsp;<strong>Coral Fleece<\/strong>&nbsp;materia\u0101la. Auduma strukt\u016bra ir p\u016bkaina, t\u0101d\u0113\u013c taut\u0101 &scaron;\u0101da tipa jaci\u0146as m\u0113dz d\u0113v\u0113t par &#8220;l\u0101c\u012b&scaron;iem&#8221;. Izskat\u012bga un silta.<\/p>\n<p><strong>Specifik\u0101cija:<\/strong><\/p>\n<p><strong>Materi\u0101ls:<\/strong><strong>&nbsp;<\/strong>100% poliesters Coral Fleece<br \/> <strong>Svars:<\/strong><strong>&nbsp;<\/strong>465 grami<br \/> <strong>Kr\u0101sa:<\/strong>&nbsp;sarkana, br\u016bna<\/p>\n<p><strong>Izm\u0113rs: <\/strong>&nbsp;S, M, L, XL<\/p>\n<p>Veicot pas\u016bt\u012bjumu, l\u016bdzu nor\u0101diet nepiecie&scaron;amo izm\u0113ru.<\/p>\n<p>&nbsp;<\/p>\n<p>&nbsp;<\/p>\n","protected":false},"excerpt":{"rendered":"<p>Viegla un silta sievie&scaron;u jaci\u0146a ar kapuci no&nbsp;Coral Fleece&nbsp;materia\u0101la. Auduma strukt\u016bra ir p\u016bkaina, t\u0101d\u0113\u013c taut\u0101 &scaron;\u0101da tipa jaci\u0146as m\u0113dz d\u0113v\u0113t par &#8220;l\u0101c\u012b&scaron;iem&#8221;. Izskat\u012bga un silta. Specifik\u0101cija: Materi\u0101ls:&nbsp;100% poliesters Coral Fleece Svars:&nbsp;465 grami Kr\u0101sa:&nbsp;sarkana, br\u016bna Izm\u0113rs: &nbsp;S, M, L, XL Veicot pas\u016bt\u012bjumu, l\u016bdzu nor\u0101diet nepiecie&scaron;amo izm\u0113ru. &nbsp; &nbsp;<\/p>\n","protected":false},"featured_media":0,"template":"","meta":[],"product_brand":[],"product_cat":[4619,4640,4718],"product_tag":[],"class_list":{"0":"post-76254","1":"product","2":"type-product","3":"status-publish","5":"product_cat-winter-clothes-recreation","6":"product_cat-recreation","7":"product_cat-fleece-jackets-winter-clothes-recreation","9":"first","10":"instock","11":"shipping-taxable","12":"purchasable","13":"product-type-simple"},"_links":{"self":[{"href":"https:\/\/sezona.lv\/en\/wp-json\/wp\/v2\/product\/76254","targetHints":{"allow":["GET"]}}],"collection":[{"href":"https:\/\/sezona.lv\/en\/wp-json\/wp\/v2\/product"}],"about":[{"href":"https:\/\/sezona.lv\/en\/wp-json\/wp\/v2\/types\/product"}],"wp:attachment":[{"href":"https:\/\/sezona.lv\/en\/wp-json\/wp\/v2\/media?parent=76254"}],"wp:term":[{"taxonomy":"product_brand","embeddable":true,"href":"https:\/\/sezona.lv\/en\/wp-json\/wp\/v2\/product_brand?post=76254"},{"taxonomy":"product_cat","embeddable":true,"href":"https:\/\/sezona.lv\/en\/wp-json\/wp\/v2\/product_cat?post=76254"},{"taxonomy":"product_tag","embeddable":true,"href":"https:\/\/sezona.lv\/en\/wp-json\/wp\/v2\/product_tag?post=76254"}],"curies":[{"name":"wp","href":"https:\/\/api.w.org\/{rel}","templated":true}]}}