{"id":76256,"date":"2025-07-14T14:48:28","date_gmt":"2025-07-14T11:48:28","guid":{"rendered":"https:\/\/demo8.ecube.lv\/sezona.lv\/products\/marmot-reactor-full-zip-jaka\/"},"modified":"2025-07-14T14:48:28","modified_gmt":"2025-07-14T11:48:28","slug":"marmot-reactor-full-zip-jaka","status":"publish","type":"product","link":"https:\/\/sezona.lv\/en\/products\/marmot-reactor-full-zip-jaka\/","title":{"rendered":"Marmot Reactor Full Zip jaka"},"content":{"rendered":"<p>Viegla, multifunkcion\u0101la jaka no&nbsp;<strong>Polartec&reg; Clasic 100 Micro<\/strong>&nbsp;auduma.&nbsp;Izmantojama gan k\u0101 virsjaka, gan siltumizol\u0113jo&scaron;s sl\u0101nis. Ide\u0101la lieto&scaron;anai pavasara un rudens&nbsp;pastaig\u0101m, p\u0101rg\u0101jieniem, klin&scaron;u k\u0101p&scaron;anai, alp\u012bnismam, ziemas sporta veidiem, pils\u0113tas apst\u0101k\u013ciem.<\/p>\n<p><strong>Specifik\u0101cija:<\/strong><\/p>\n<p><strong>Materi\u0101ls:<\/strong>&nbsp;Polartec&reg;Classic 100 100% Polyester Micro Fleece 4.6 oz\/yd<br \/> <strong>Muguras garums:<\/strong>&nbsp;70,5cm (M Izm\u0113ram)<br \/> <strong>Svars:<\/strong>&nbsp;360 grami<br \/> <strong>Kr\u0101sa:<\/strong>&nbsp;tum&scaron;i za\u013ca, melna, pel\u0113ka<\/p>\n<p><strong>Galven\u0101s \u012bpa&scaron;\u012bbas:<\/strong><\/p>\n<p> &nbsp;Elast\u012bga, regul\u0113jo&scaron;a&nbsp;aukla jakas apak&scaron;da\u013c\u0101&nbsp;<br \/> &nbsp;V\u0113ju aizturo&scaron;s atloks aiz priek&scaron;\u0113j\u0101 r\u0101v\u0113jsl\u0113dz\u0113ja<br \/> &nbsp;S\u0101nu kabatas ar r\u0101v\u0113jsl\u0113dz\u0113jiem&nbsp; no m\u012bksta auduma roku sild\u012b&scaron;anai<br \/> &nbsp;Apkal\u012bte viedota no&nbsp;<strong>M3 Softshell<\/strong>&nbsp;materi\u0101la &#8211; pasarg\u0101s no v\u0113ja<\/p>\n<p><strong>Izm\u0113rs: <\/strong>&nbsp;S, M, L, XL, XXL<\/p>\n<p>Veicot pas\u016bt\u012bjumu, l\u016bdzu nor\u0101diet nepiecie&scaron;amo izm\u0113ru.<\/p>\n<p>&nbsp;<\/p>\n<p>&nbsp;<\/p>\n","protected":false},"excerpt":{"rendered":"<p>Viegla, multifunkcion\u0101la jaka no&nbsp;Polartec&reg; Clasic 100 Micro&nbsp;auduma.&nbsp;Izmantojama gan k\u0101 virsjaka, gan siltumizol\u0113jo&scaron;s sl\u0101nis. Ide\u0101la lieto&scaron;anai pavasara un rudens&nbsp;pastaig\u0101m, p\u0101rg\u0101jieniem, klin&scaron;u k\u0101p&scaron;anai, alp\u012bnismam, ziemas sporta veidiem, pils\u0113tas apst\u0101k\u013ciem. Specifik\u0101cija: Materi\u0101ls:&nbsp;Polartec&reg;Classic 100 100% Polyester Micro Fleece 4.6 oz\/yd Muguras garums:&nbsp;70,5cm (M Izm\u0113ram) Svars:&nbsp;360 grami Kr\u0101sa:&nbsp;tum&scaron;i za\u013ca, melna, pel\u0113ka Galven\u0101s \u012bpa&scaron;\u012bbas: &nbsp;Elast\u012bga, regul\u0113jo&scaron;a&nbsp;aukla jakas apak&scaron;da\u013c\u0101&nbsp; &nbsp;V\u0113ju aizturo&scaron;s atloks [&hellip;]<\/p>\n","protected":false},"featured_media":0,"template":"","meta":[],"product_brand":[908],"product_cat":[4619,4640,4718],"product_tag":[],"class_list":{"0":"post-76256","1":"product","2":"type-product","3":"status-publish","5":"product_brand-marmot","6":"product_cat-winter-clothes-recreation","7":"product_cat-recreation","8":"product_cat-fleece-jackets-winter-clothes-recreation","10":"first","11":"instock","12":"shipping-taxable","13":"purchasable","14":"product-type-simple"},"_links":{"self":[{"href":"https:\/\/sezona.lv\/en\/wp-json\/wp\/v2\/product\/76256","targetHints":{"allow":["GET"]}}],"collection":[{"href":"https:\/\/sezona.lv\/en\/wp-json\/wp\/v2\/product"}],"about":[{"href":"https:\/\/sezona.lv\/en\/wp-json\/wp\/v2\/types\/product"}],"wp:attachment":[{"href":"https:\/\/sezona.lv\/en\/wp-json\/wp\/v2\/media?parent=76256"}],"wp:term":[{"taxonomy":"product_brand","embeddable":true,"href":"https:\/\/sezona.lv\/en\/wp-json\/wp\/v2\/product_brand?post=76256"},{"taxonomy":"product_cat","embeddable":true,"href":"https:\/\/sezona.lv\/en\/wp-json\/wp\/v2\/product_cat?post=76256"},{"taxonomy":"product_tag","embeddable":true,"href":"https:\/\/sezona.lv\/en\/wp-json\/wp\/v2\/product_tag?post=76256"}],"curies":[{"name":"wp","href":"https:\/\/api.w.org\/{rel}","templated":true}]}}