{"id":76258,"date":"2025-07-14T14:48:30","date_gmt":"2025-07-14T11:48:30","guid":{"rendered":"https:\/\/demo8.ecube.lv\/sezona.lv\/products\/marmot-flashpoint-sieviesu-jaka-ar-kapuci\/"},"modified":"2025-07-14T14:48:30","modified_gmt":"2025-07-14T11:48:30","slug":"marmot-flashpoint-sieviesu-jaka-ar-kapuci","status":"publish","type":"product","link":"https:\/\/sezona.lv\/en\/products\/marmot-flashpoint-sieviesu-jaka-ar-kapuci\/","title":{"rendered":"Marmot Flashpoint sievie\u0161u jaka ar kapuci"},"content":{"rendered":"<p>Viegla, multifunkcion\u0101la&nbsp;<strong>sievie&scaron;u<\/strong>&nbsp;jaka ar kapuci no&nbsp;<strong>Polartec&reg; Clasic 100 Micro<\/strong>&nbsp;auduma. Izmantojama gan k\u0101 virsjaka, gan siltumizol\u0113jo&scaron;s sl\u0101nis ap\u0123\u0113rb\u0101. Ide\u0101la lieto&scaron;anai pavasara un rudens pastaig\u0101m, p\u0101rg\u0101jieniem, klin&scaron;u k\u0101p&scaron;anai, alp\u012bnismam, ziemas sporta veidiem, pils\u0113tas apst\u0101k\u013ciem.<\/p>\n<p><strong>Specifik\u0101cija:<\/strong><\/p>\n<p><strong>Materi\u0101ls:<\/strong>&nbsp;Polartec&reg;Classic 100 100% Polyester Micro Fleece 4.6 oz\/yd<br \/> <strong>Muguras garums:<\/strong>&nbsp;66cm (M izm\u0113ram)<br \/> <strong>Svars:<\/strong>309&nbsp;grami<br \/> <strong>Kr\u0101sa:<\/strong><strong>&nbsp;<\/strong>za\u013ca<\/p>\n<p><strong>Galven\u0101s \u012bpa&scaron;\u012bbas:<\/strong><\/p>\n<p>&nbsp;Elast\u012bga, regul\u0113jo&scaron;a aukla jakas apak&scaron;da\u013c\u0101&nbsp;<br \/> &nbsp;V\u0113ju aizturo&scaron;s atloks aiz priek&scaron;\u0113j\u0101 r\u0101v\u0113jsl\u0113dz\u0113ja<br \/> &nbsp;S\u0101nu kabatas ar r\u0101v\u0113jsl\u0113dz\u0113jiem, kas izgatavotas no m\u012bksta auduma, roku sild\u012b&scaron;anai<br \/> &nbsp;Sievie&scaron;u piegriezums<\/p>\n<p><strong>Izm\u0113rs: <\/strong>&nbsp;L<\/p>\n<p>Veicot pas\u016bt\u012bjumu, l\u016bdzu nor\u0101diet nepiecie&scaron;amo izm\u0113ru.<\/p>\n<p>&nbsp;<\/p>\n<p>&nbsp;<\/p>\n","protected":false},"excerpt":{"rendered":"<p>Viegla, multifunkcion\u0101la&nbsp;sievie&scaron;u&nbsp;jaka ar kapuci no&nbsp;Polartec&reg; Clasic 100 Micro&nbsp;auduma. Izmantojama gan k\u0101 virsjaka, gan siltumizol\u0113jo&scaron;s sl\u0101nis ap\u0123\u0113rb\u0101. Ide\u0101la lieto&scaron;anai pavasara un rudens pastaig\u0101m, p\u0101rg\u0101jieniem, klin&scaron;u k\u0101p&scaron;anai, alp\u012bnismam, ziemas sporta veidiem, pils\u0113tas apst\u0101k\u013ciem. Specifik\u0101cija: Materi\u0101ls:&nbsp;Polartec&reg;Classic 100 100% Polyester Micro Fleece 4.6 oz\/yd Muguras garums:&nbsp;66cm (M izm\u0113ram) Svars:309&nbsp;grami Kr\u0101sa:&nbsp;za\u013ca Galven\u0101s \u012bpa&scaron;\u012bbas: &nbsp;Elast\u012bga, regul\u0113jo&scaron;a aukla jakas apak&scaron;da\u013c\u0101&nbsp; &nbsp;V\u0113ju aizturo&scaron;s [&hellip;]<\/p>\n","protected":false},"featured_media":0,"template":"","meta":[],"product_brand":[908],"product_cat":[4619,4640,4718],"product_tag":[],"class_list":{"0":"post-76258","1":"product","2":"type-product","3":"status-publish","5":"product_brand-marmot","6":"product_cat-winter-clothes-recreation","7":"product_cat-recreation","8":"product_cat-fleece-jackets-winter-clothes-recreation","10":"first","11":"instock","12":"shipping-taxable","13":"purchasable","14":"product-type-simple"},"_links":{"self":[{"href":"https:\/\/sezona.lv\/en\/wp-json\/wp\/v2\/product\/76258","targetHints":{"allow":["GET"]}}],"collection":[{"href":"https:\/\/sezona.lv\/en\/wp-json\/wp\/v2\/product"}],"about":[{"href":"https:\/\/sezona.lv\/en\/wp-json\/wp\/v2\/types\/product"}],"wp:attachment":[{"href":"https:\/\/sezona.lv\/en\/wp-json\/wp\/v2\/media?parent=76258"}],"wp:term":[{"taxonomy":"product_brand","embeddable":true,"href":"https:\/\/sezona.lv\/en\/wp-json\/wp\/v2\/product_brand?post=76258"},{"taxonomy":"product_cat","embeddable":true,"href":"https:\/\/sezona.lv\/en\/wp-json\/wp\/v2\/product_cat?post=76258"},{"taxonomy":"product_tag","embeddable":true,"href":"https:\/\/sezona.lv\/en\/wp-json\/wp\/v2\/product_tag?post=76258"}],"curies":[{"name":"wp","href":"https:\/\/api.w.org\/{rel}","templated":true}]}}