{"id":76259,"date":"2025-07-14T14:48:31","date_gmt":"2025-07-14T11:48:31","guid":{"rendered":"https:\/\/demo8.ecube.lv\/sezona.lv\/products\/marmot-greenwitch-alpine-krekls\/"},"modified":"2025-07-14T14:48:31","modified_gmt":"2025-07-14T11:48:31","slug":"marmot-greenwitch-alpine-krekls","status":"publish","type":"product","link":"https:\/\/sezona.lv\/en\/products\/marmot-greenwitch-alpine-krekls\/","title":{"rendered":"Marmot Greenwitch Alpine krekls"},"content":{"rendered":"<p>Daudzfunkcion\u0101ls un \u0113rts krekls no&nbsp;<strong>Polartec&reg; Power Stretch&reg;<\/strong>&nbsp;auduma. Paredz\u0113ts da\u017e\u0101da veida fizisk\u0101m aktivit\u0101t\u0113m dab\u0101 pie&nbsp;<strong>\u013coti zem\u0101m temperat\u016br\u0101m<\/strong>. Var tik izmantots gan k\u0101 virsk\u0101rta, gan ar\u012b k\u0101 apak&scaron;ve\u013ca ap\u0123\u0113rb\u0101. Audumam&nbsp;<strong>Polartec&reg; Power Stretch&reg;<\/strong>&nbsp;&#8211; piem\u012bt&nbsp;<strong>lieliskas termoizol\u0113jo&scaron;as \u012bpa&scaron;\u012bbas<\/strong>,&nbsp;izvada lieko mitrumu no \u0137erme\u0146a, elast\u012bgs visos virzienos, nodro&scaron;ina kust\u012bbu br\u012bv\u012bbu un komfortu. Paredz\u0113ta apl\u012bnismam, t\u016brisma p\u0101rg\u0101jieniem, med\u012bb\u0101m, ziemas mak&scaron;\u0137er\u0113&scaron;anai u.c.<\/p>\n<p><strong>Specifik\u0101cija:<\/strong><\/p>\n<p><strong>Pamatmateri\u0101ls:<\/strong>&nbsp;Polartec&reg; PowerStretch&reg; 91% Polyester; 9% Elastane<br \/> <strong>Svars:<\/strong><strong><br \/> <strong>Kr\u0101sa:<\/strong><\/strong>&nbsp;pel\u0113ka, melna, gai&scaron;i zila<\/p>\n<p><strong>Galven\u0101s tehnisk\u0101s&nbsp;\u012bpa&scaron;\u012bbas:<\/strong><\/p>\n<p>&nbsp;Polartec&reg; Power Stretch&reg;<br \/> &nbsp;Maksim\u0101li piegu\u013co&scaron;as &#8211; nodro&scaron;ina auduma elast\u012bgums<br \/> &nbsp;\u0100tri \u017e\u016bsto&scaron;s<br \/> &nbsp;Mitumu izvado&scaron;s<\/p>\n<p><strong>Izm\u0113rs: <\/strong>&nbsp;S, M, L, XL<\/p>\n<p>Veicot pas\u016bt\u012bjumu, l\u016bdzu nor\u0101diet nepiecie&scaron;amo izm\u0113ru.<\/p>\n<p>&nbsp;<\/p>\n<p>&nbsp;<\/p>\n","protected":false},"excerpt":{"rendered":"<p>Daudzfunkcion\u0101ls un \u0113rts krekls no&nbsp;Polartec&reg; Power Stretch&reg;&nbsp;auduma. Paredz\u0113ts da\u017e\u0101da veida fizisk\u0101m aktivit\u0101t\u0113m dab\u0101 pie&nbsp;\u013coti zem\u0101m temperat\u016br\u0101m. Var tik izmantots gan k\u0101 virsk\u0101rta, gan ar\u012b k\u0101 apak&scaron;ve\u013ca ap\u0123\u0113rb\u0101. Audumam&nbsp;Polartec&reg; Power Stretch&reg;&nbsp;&#8211; piem\u012bt&nbsp;lieliskas termoizol\u0113jo&scaron;as \u012bpa&scaron;\u012bbas,&nbsp;izvada lieko mitrumu no \u0137erme\u0146a, elast\u012bgs visos virzienos, nodro&scaron;ina kust\u012bbu br\u012bv\u012bbu un komfortu. Paredz\u0113ta apl\u012bnismam, t\u016brisma p\u0101rg\u0101jieniem, med\u012bb\u0101m, ziemas mak&scaron;\u0137er\u0113&scaron;anai u.c. Specifik\u0101cija: Pamatmateri\u0101ls:&nbsp;Polartec&reg; [&hellip;]<\/p>\n","protected":false},"featured_media":0,"template":"","meta":[],"product_brand":[908],"product_cat":[4619,4640,4718],"product_tag":[],"class_list":{"0":"post-76259","1":"product","2":"type-product","3":"status-publish","5":"product_brand-marmot","6":"product_cat-winter-clothes-recreation","7":"product_cat-recreation","8":"product_cat-fleece-jackets-winter-clothes-recreation","10":"first","11":"instock","12":"shipping-taxable","13":"purchasable","14":"product-type-simple"},"_links":{"self":[{"href":"https:\/\/sezona.lv\/en\/wp-json\/wp\/v2\/product\/76259","targetHints":{"allow":["GET"]}}],"collection":[{"href":"https:\/\/sezona.lv\/en\/wp-json\/wp\/v2\/product"}],"about":[{"href":"https:\/\/sezona.lv\/en\/wp-json\/wp\/v2\/types\/product"}],"wp:attachment":[{"href":"https:\/\/sezona.lv\/en\/wp-json\/wp\/v2\/media?parent=76259"}],"wp:term":[{"taxonomy":"product_brand","embeddable":true,"href":"https:\/\/sezona.lv\/en\/wp-json\/wp\/v2\/product_brand?post=76259"},{"taxonomy":"product_cat","embeddable":true,"href":"https:\/\/sezona.lv\/en\/wp-json\/wp\/v2\/product_cat?post=76259"},{"taxonomy":"product_tag","embeddable":true,"href":"https:\/\/sezona.lv\/en\/wp-json\/wp\/v2\/product_tag?post=76259"}],"curies":[{"name":"wp","href":"https:\/\/api.w.org\/{rel}","templated":true}]}}