{"id":76261,"date":"2025-07-14T14:48:33","date_gmt":"2025-07-14T11:48:33","guid":{"rendered":"https:\/\/demo8.ecube.lv\/sezona.lv\/products\/marmot-alpinist-half-zip-jaka\/"},"modified":"2025-07-14T14:48:33","modified_gmt":"2025-07-14T11:48:33","slug":"marmot-alpinist-half-zip-jaka","status":"publish","type":"product","link":"https:\/\/sezona.lv\/en\/products\/marmot-alpinist-half-zip-jaka\/","title":{"rendered":"Marmot Alpinist Half Zip jaka"},"content":{"rendered":"<p>Viegla \u013coti silta jaci\u0146a no&nbsp;<strong>Grid Fleece<\/strong>&nbsp;auduma. &Scaron;is audums b\u016bs k\u0101 perfekts balancs starp siltumu un svaru. Ide\u0101ls otrais sl\u0101nis p\u0113c termove\u013cas. Atl\u0113tiskais piegriezums \u013caus br\u012bvi kust\u0113ties pat pie lielas aktivit\u0101tes.<\/p>\n<p><strong>Specifik\u0101cija:<\/strong><\/p>\n<p><strong>Materi\u0101ls:<\/strong>&nbsp;100% Polyester Grid Fleece 5.9 oz\/yd<br \/> <strong>Muguras garums:<\/strong>&nbsp;69 cm (M izm\u0113ram)<br \/> <strong>Svars:<\/strong>&nbsp;439 grami<br \/> <strong>Kr\u0101sa:<\/strong>&nbsp;Melna<\/p>\n<p><strong>Raksturojums:<\/strong><\/p>\n<p>&nbsp;Ar r\u0101v\u0113jsl\u0113dz\u0113ju aizvelkama kr\u016b&scaron;u kabata<br \/> &nbsp;<strong>Lycra&reg;<\/strong>&nbsp;auduma aproces ar \u012bk&scaron;\u0137u caurumiem<br \/> &nbsp;Atl\u0113tisks piegriezums<\/p>\n<p><strong>Izm\u0113rs: <\/strong>&nbsp;S, M, L, XL<\/p>\n<p>Veicot pas\u016bt\u012bjumu, l\u016bdzu nor\u0101diet nepiecie&scaron;amo izm\u0113ru.<\/p>\n<p>&nbsp;<\/p>\n<p>&nbsp;<\/p>\n","protected":false},"excerpt":{"rendered":"<p>Viegla \u013coti silta jaci\u0146a no&nbsp;Grid Fleece&nbsp;auduma. &Scaron;is audums b\u016bs k\u0101 perfekts balancs starp siltumu un svaru. Ide\u0101ls otrais sl\u0101nis p\u0113c termove\u013cas. Atl\u0113tiskais piegriezums \u013caus br\u012bvi kust\u0113ties pat pie lielas aktivit\u0101tes. Specifik\u0101cija: Materi\u0101ls:&nbsp;100% Polyester Grid Fleece 5.9 oz\/yd Muguras garums:&nbsp;69 cm (M izm\u0113ram) Svars:&nbsp;439 grami Kr\u0101sa:&nbsp;Melna Raksturojums: &nbsp;Ar r\u0101v\u0113jsl\u0113dz\u0113ju aizvelkama kr\u016b&scaron;u kabata &nbsp;Lycra&reg;&nbsp;auduma aproces ar \u012bk&scaron;\u0137u [&hellip;]<\/p>\n","protected":false},"featured_media":0,"template":"","meta":[],"product_brand":[908],"product_cat":[4619,4640,4718],"product_tag":[],"class_list":{"0":"post-76261","1":"product","2":"type-product","3":"status-publish","5":"product_brand-marmot","6":"product_cat-winter-clothes-recreation","7":"product_cat-recreation","8":"product_cat-fleece-jackets-winter-clothes-recreation","10":"first","11":"instock","12":"shipping-taxable","13":"purchasable","14":"product-type-simple"},"_links":{"self":[{"href":"https:\/\/sezona.lv\/en\/wp-json\/wp\/v2\/product\/76261","targetHints":{"allow":["GET"]}}],"collection":[{"href":"https:\/\/sezona.lv\/en\/wp-json\/wp\/v2\/product"}],"about":[{"href":"https:\/\/sezona.lv\/en\/wp-json\/wp\/v2\/types\/product"}],"wp:attachment":[{"href":"https:\/\/sezona.lv\/en\/wp-json\/wp\/v2\/media?parent=76261"}],"wp:term":[{"taxonomy":"product_brand","embeddable":true,"href":"https:\/\/sezona.lv\/en\/wp-json\/wp\/v2\/product_brand?post=76261"},{"taxonomy":"product_cat","embeddable":true,"href":"https:\/\/sezona.lv\/en\/wp-json\/wp\/v2\/product_cat?post=76261"},{"taxonomy":"product_tag","embeddable":true,"href":"https:\/\/sezona.lv\/en\/wp-json\/wp\/v2\/product_tag?post=76261"}],"curies":[{"name":"wp","href":"https:\/\/api.w.org\/{rel}","templated":true}]}}