{"id":76262,"date":"2025-07-14T14:48:33","date_gmt":"2025-07-14T11:48:33","guid":{"rendered":"https:\/\/demo8.ecube.lv\/sezona.lv\/products\/marmot-furnace-sieviesu-jaka\/"},"modified":"2025-07-14T14:48:33","modified_gmt":"2025-07-14T11:48:33","slug":"marmot-furnace-sieviesu-jaka","status":"publish","type":"product","link":"https:\/\/sezona.lv\/en\/products\/marmot-furnace-sieviesu-jaka\/","title":{"rendered":"Marmot Furnace sievie\u0161u jaka"},"content":{"rendered":"<p>Klasiska, multifunkcion\u0101la,&nbsp;<strong>sievie&scaron;u piegriezuma<\/strong>&nbsp;jaka no&nbsp;<strong>Polartec&reg; Clasic 200<\/strong>&nbsp;auduma. Konstru\u0113ta izmanto&scaron;anai virs viegl\u0101s apak&scaron;ve\u013cas. Izmantojama gan k\u0101 virsjaka, gan siltumizol\u0113jo&scaron;s sl\u0101nis. Ide\u0101la lieto&scaron;anai pastaig\u0101m, p\u0101rg\u0101jieniem, klin&scaron;u k\u0101p&scaron;anai, alp\u012bnismam, ziemas sporta veidiem, pils\u0113tas apst\u0101k\u013ciem.<\/p>\n<p><strong>Specifik\u0101cija:<\/strong><\/p>\n<p> <strong>Materi\u0101ls:<\/strong>&nbsp;Polartec&reg;Classic 200 100% Polyester Double Velour Fleece 7.4 oz\/yd<br \/> <strong>Muguras garums:<\/strong>&nbsp;62cm (M izm\u0113ram)<br \/> <strong>Svars:<\/strong>&nbsp;368 grami<br \/> <strong>Kr\u0101sa:<\/strong>&nbsp;Za\u013ca, viol\u0113ta, lill\u0101<\/p>\n<p><strong>Raksturojums:<\/strong><\/p>\n<p>&nbsp;Sievie&scaron;u piegriezuma jaka<br \/> &nbsp;Elast\u012bga savilc\u0113jaukla jakas apak&scaron;da\u013c\u0101, skarbiem laika apst\u0101k\u013ciem<br \/> &nbsp;Anatomisks pieduk\u0146u dizains, neierobe\u017eo kust\u012bbas<br \/> &nbsp;V\u0113ju aizturo&scaron;s atloks aiz priek&scaron;\u0113j\u0101 r\u0101v\u0113jsl\u0113dz\u0113ja<br \/> &nbsp;S\u0101nu kabatas ar r\u0101v\u0113jsl\u0113dz\u0113jiem, kas izgatavotas no m\u012bksta auduma, roku sild\u012b&scaron;anai<\/p>\n<p><strong>Izm\u0113rs: <\/strong>&nbsp;S, M, L, XL<\/p>\n<p>Veicot pas\u016bt\u012bjumu, l\u016bdzu nor\u0101diet nepiecie&scaron;amo izm\u0113ru.<\/p>\n<p>&nbsp;<\/p>\n<p>&nbsp;<\/p>\n","protected":false},"excerpt":{"rendered":"<p>Klasiska, multifunkcion\u0101la,&nbsp;sievie&scaron;u piegriezuma&nbsp;jaka no&nbsp;Polartec&reg; Clasic 200&nbsp;auduma. Konstru\u0113ta izmanto&scaron;anai virs viegl\u0101s apak&scaron;ve\u013cas. Izmantojama gan k\u0101 virsjaka, gan siltumizol\u0113jo&scaron;s sl\u0101nis. Ide\u0101la lieto&scaron;anai pastaig\u0101m, p\u0101rg\u0101jieniem, klin&scaron;u k\u0101p&scaron;anai, alp\u012bnismam, ziemas sporta veidiem, pils\u0113tas apst\u0101k\u013ciem. Specifik\u0101cija: Materi\u0101ls:&nbsp;Polartec&reg;Classic 200 100% Polyester Double Velour Fleece 7.4 oz\/yd Muguras garums:&nbsp;62cm (M izm\u0113ram) Svars:&nbsp;368 grami Kr\u0101sa:&nbsp;Za\u013ca, viol\u0113ta, lill\u0101 Raksturojums: &nbsp;Sievie&scaron;u piegriezuma jaka &nbsp;Elast\u012bga savilc\u0113jaukla [&hellip;]<\/p>\n","protected":false},"featured_media":0,"template":"","meta":[],"product_brand":[908],"product_cat":[4619,4640,4718],"product_tag":[],"class_list":{"0":"post-76262","1":"product","2":"type-product","3":"status-publish","5":"product_brand-marmot","6":"product_cat-winter-clothes-recreation","7":"product_cat-recreation","8":"product_cat-fleece-jackets-winter-clothes-recreation","10":"first","11":"instock","12":"shipping-taxable","13":"purchasable","14":"product-type-simple"},"_links":{"self":[{"href":"https:\/\/sezona.lv\/en\/wp-json\/wp\/v2\/product\/76262","targetHints":{"allow":["GET"]}}],"collection":[{"href":"https:\/\/sezona.lv\/en\/wp-json\/wp\/v2\/product"}],"about":[{"href":"https:\/\/sezona.lv\/en\/wp-json\/wp\/v2\/types\/product"}],"wp:attachment":[{"href":"https:\/\/sezona.lv\/en\/wp-json\/wp\/v2\/media?parent=76262"}],"wp:term":[{"taxonomy":"product_brand","embeddable":true,"href":"https:\/\/sezona.lv\/en\/wp-json\/wp\/v2\/product_brand?post=76262"},{"taxonomy":"product_cat","embeddable":true,"href":"https:\/\/sezona.lv\/en\/wp-json\/wp\/v2\/product_cat?post=76262"},{"taxonomy":"product_tag","embeddable":true,"href":"https:\/\/sezona.lv\/en\/wp-json\/wp\/v2\/product_tag?post=76262"}],"curies":[{"name":"wp","href":"https:\/\/api.w.org\/{rel}","templated":true}]}}