{"id":76263,"date":"2025-07-14T14:48:34","date_gmt":"2025-07-14T11:48:34","guid":{"rendered":"https:\/\/demo8.ecube.lv\/sezona.lv\/products\/marmot-radiator-jaka\/"},"modified":"2025-07-14T14:48:34","modified_gmt":"2025-07-14T11:48:34","slug":"marmot-radiator-jaka","status":"publish","type":"product","link":"https:\/\/sezona.lv\/en\/products\/marmot-radiator-jaka\/","title":{"rendered":"Marmot Radiator jaka"},"content":{"rendered":"<p>Klasiska, multifunkcion\u0101la&nbsp;jaka no&nbsp;<strong>Polartec&reg; Clasic 200<\/strong>&nbsp;auduma. Konstru\u0113ta izmanto&scaron;anai virs&nbsp;viegl\u0101s apak&scaron;ve\u013cas. Izmantojama gan k\u0101 virsjaka, gan siltumizol\u0113jo&scaron;s sl\u0101nis ap\u0123\u0113rb\u0101. Ide\u0101la lieto&scaron;anai pastaig\u0101m, p\u0101rg\u0101jieniem, klin&scaron;u k\u0101p&scaron;anai, alp\u012bnismam, ziemas sporta veidiem, pils\u0113tas&nbsp;apst\u0101k\u013ciem.<\/p>\n<p><strong>Specifik\u0101cija:<\/strong><\/p>\n<p><strong>Materi\u0101ls:<\/strong>&nbsp;Polartec&reg;Classic 200 100% Polyester Micro Heather Fleece 8.1 oz\/yd<br \/> <strong>Muguras garums:<\/strong>&nbsp;72cm (M izm\u0113ram)<br \/> <strong>Svars:<\/strong>&nbsp;510 grami<br \/> <strong>Kr\u0101sa:<\/strong>&nbsp;melna<\/p>\n<p><strong>Raksturojums:<\/strong><\/p>\n<p> &nbsp;&nbsp;Elast\u012bga savilc\u0113jaukla jakas apak&scaron;da\u013c\u0101, skarbiem laika apst\u0101k\u013ciem<br \/> &nbsp;&nbsp;Iek&scaron;kabata ar r\u0101v\u0113jsl\u0113dz\u0113ju, s\u012bkiem priek&scaron;metiem un aksesu\u0101riem<br \/> &nbsp;&nbsp;S\u0101nu kabatas ar r\u0101v\u0113jsl\u0113dz\u0113jiem no m\u012bksta auduma, roku sild\u012b&scaron;anai<br \/> &nbsp;&nbsp;Viena \u0101rkabata ar r\u0101v\u0113jsl\u0113dz\u0113ju&nbsp; uz kreis\u0101s piedurknes<\/p>\n<p><strong>Izm\u0113rs: <\/strong>&nbsp;XXL<\/p>\n<p>Veicot pas\u016bt\u012bjumu, l\u016bdzu nor\u0101diet nepiecie&scaron;amo izm\u0113ru.<\/p>\n<p>&nbsp;<\/p>\n<p>&nbsp;<\/p>\n","protected":false},"excerpt":{"rendered":"<p>Klasiska, multifunkcion\u0101la&nbsp;jaka no&nbsp;Polartec&reg; Clasic 200&nbsp;auduma. Konstru\u0113ta izmanto&scaron;anai virs&nbsp;viegl\u0101s apak&scaron;ve\u013cas. Izmantojama gan k\u0101 virsjaka, gan siltumizol\u0113jo&scaron;s sl\u0101nis ap\u0123\u0113rb\u0101. Ide\u0101la lieto&scaron;anai pastaig\u0101m, p\u0101rg\u0101jieniem, klin&scaron;u k\u0101p&scaron;anai, alp\u012bnismam, ziemas sporta veidiem, pils\u0113tas&nbsp;apst\u0101k\u013ciem. Specifik\u0101cija: Materi\u0101ls:&nbsp;Polartec&reg;Classic 200 100% Polyester Micro Heather Fleece 8.1 oz\/yd Muguras garums:&nbsp;72cm (M izm\u0113ram) Svars:&nbsp;510 grami Kr\u0101sa:&nbsp;melna Raksturojums: &nbsp;&nbsp;Elast\u012bga savilc\u0113jaukla jakas apak&scaron;da\u013c\u0101, skarbiem laika apst\u0101k\u013ciem &nbsp;&nbsp;Iek&scaron;kabata ar [&hellip;]<\/p>\n","protected":false},"featured_media":0,"template":"","meta":[],"product_brand":[908],"product_cat":[4619,4640,4718],"product_tag":[],"class_list":{"0":"post-76263","1":"product","2":"type-product","3":"status-publish","5":"product_brand-marmot","6":"product_cat-winter-clothes-recreation","7":"product_cat-recreation","8":"product_cat-fleece-jackets-winter-clothes-recreation","10":"first","11":"instock","12":"shipping-taxable","13":"purchasable","14":"product-type-simple"},"_links":{"self":[{"href":"https:\/\/sezona.lv\/en\/wp-json\/wp\/v2\/product\/76263","targetHints":{"allow":["GET"]}}],"collection":[{"href":"https:\/\/sezona.lv\/en\/wp-json\/wp\/v2\/product"}],"about":[{"href":"https:\/\/sezona.lv\/en\/wp-json\/wp\/v2\/types\/product"}],"wp:attachment":[{"href":"https:\/\/sezona.lv\/en\/wp-json\/wp\/v2\/media?parent=76263"}],"wp:term":[{"taxonomy":"product_brand","embeddable":true,"href":"https:\/\/sezona.lv\/en\/wp-json\/wp\/v2\/product_brand?post=76263"},{"taxonomy":"product_cat","embeddable":true,"href":"https:\/\/sezona.lv\/en\/wp-json\/wp\/v2\/product_cat?post=76263"},{"taxonomy":"product_tag","embeddable":true,"href":"https:\/\/sezona.lv\/en\/wp-json\/wp\/v2\/product_tag?post=76263"}],"curies":[{"name":"wp","href":"https:\/\/api.w.org\/{rel}","templated":true}]}}