{"id":76264,"date":"2025-07-14T14:48:35","date_gmt":"2025-07-14T11:48:35","guid":{"rendered":"https:\/\/demo8.ecube.lv\/sezona.lv\/products\/marmot-variant-jaka-3\/"},"modified":"2025-07-14T14:48:35","modified_gmt":"2025-07-14T11:48:35","slug":"marmot-variant-jaka-3","status":"publish","type":"product","link":"https:\/\/sezona.lv\/en\/products\/marmot-variant-jaka-3\/","title":{"rendered":"Marmot Variant jaka"},"content":{"rendered":"<p>Tehniska jaka no&nbsp;<strong>Polartec&reg;Power Stretch&reg;<\/strong>&nbsp;auduma ar&nbsp;<strong>Thermal R Eco<\/strong><strong>&nbsp;<\/strong>siltin\u0101t\u0101ju kr\u016b&scaron;u un kakla da\u013c\u0101. Silta, mitruma izvado&scaron;a un \u0101rk\u0101rt\u012bgi \u0113rta. Piem\u0113rota sl\u0113po&scaron;anai alp\u012bnismam, p\u0101rg\u0101jiem un cit\u0101m aktivit\u0101t\u0113m.<\/p>\n<p><strong>Specifik\u0101cija:<\/strong><\/p>\n<p><strong>Materi\u0101ls:<\/strong>&nbsp;Polartec&reg;Power Stretch&reg; 88% Polyester, 12% Elastane 6.8 oz\/yd<br \/> <strong>Materi\u0101ls kr\u016b&scaron;u da\u013c\u0101:<\/strong>&nbsp;100% Nylon Ripstop DWR 0.8 oz\/yd<br \/> <strong>Siltin\u0101t\u0101js:<\/strong>&nbsp;Thermal R Eco<br \/> <strong>Muguras garums:<\/strong><strong>&nbsp;<\/strong>69 cm (M izm\u0113ram)<br \/> <strong>Svars:<\/strong><strong>&nbsp;<\/strong>263 garmi<br \/> <strong>Kr\u0101sa:<\/strong><strong>&nbsp;<\/strong>melna, pel\u0113ka<\/p>\n<p><strong>Raksturojums:<\/strong><\/p>\n<p>&nbsp;Viegla un silta<br \/> &nbsp;Siltin\u0101ta kr\u016b&scaron;u da\u013ca un apkakle&nbsp;<br \/> &nbsp;\u012ak&scaron;\u0137u caurumi<br \/> &nbsp;Atsarojo&scaron;i logotipi<\/p>\n<p><strong>Izm\u0113rs: <\/strong>&nbsp;S, M, L, XL<\/p>\n<p>Veicot pas\u016bt\u012bjumu, l\u016bdzu nor\u0101diet nepiecie&scaron;amo izm\u0113ru.<\/p>\n<p>&nbsp;<\/p>\n<p>&nbsp;<\/p>\n","protected":false},"excerpt":{"rendered":"<p>Tehniska jaka no&nbsp;Polartec&reg;Power Stretch&reg;&nbsp;auduma ar&nbsp;Thermal R Eco&nbsp;siltin\u0101t\u0101ju kr\u016b&scaron;u un kakla da\u013c\u0101. Silta, mitruma izvado&scaron;a un \u0101rk\u0101rt\u012bgi \u0113rta. Piem\u0113rota sl\u0113po&scaron;anai alp\u012bnismam, p\u0101rg\u0101jiem un cit\u0101m aktivit\u0101t\u0113m. Specifik\u0101cija: Materi\u0101ls:&nbsp;Polartec&reg;Power Stretch&reg; 88% Polyester, 12% Elastane 6.8 oz\/yd Materi\u0101ls kr\u016b&scaron;u da\u013c\u0101:&nbsp;100% Nylon Ripstop DWR 0.8 oz\/yd Siltin\u0101t\u0101js:&nbsp;Thermal R Eco Muguras garums:&nbsp;69 cm (M izm\u0113ram) Svars:&nbsp;263 garmi Kr\u0101sa:&nbsp;melna, pel\u0113ka Raksturojums: &nbsp;Viegla [&hellip;]<\/p>\n","protected":false},"featured_media":0,"template":"","meta":[],"product_brand":[908],"product_cat":[4619,4640,4718],"product_tag":[],"class_list":{"0":"post-76264","1":"product","2":"type-product","3":"status-publish","5":"product_brand-marmot","6":"product_cat-winter-clothes-recreation","7":"product_cat-recreation","8":"product_cat-fleece-jackets-winter-clothes-recreation","10":"first","11":"instock","12":"shipping-taxable","13":"purchasable","14":"product-type-simple"},"_links":{"self":[{"href":"https:\/\/sezona.lv\/en\/wp-json\/wp\/v2\/product\/76264","targetHints":{"allow":["GET"]}}],"collection":[{"href":"https:\/\/sezona.lv\/en\/wp-json\/wp\/v2\/product"}],"about":[{"href":"https:\/\/sezona.lv\/en\/wp-json\/wp\/v2\/types\/product"}],"wp:attachment":[{"href":"https:\/\/sezona.lv\/en\/wp-json\/wp\/v2\/media?parent=76264"}],"wp:term":[{"taxonomy":"product_brand","embeddable":true,"href":"https:\/\/sezona.lv\/en\/wp-json\/wp\/v2\/product_brand?post=76264"},{"taxonomy":"product_cat","embeddable":true,"href":"https:\/\/sezona.lv\/en\/wp-json\/wp\/v2\/product_cat?post=76264"},{"taxonomy":"product_tag","embeddable":true,"href":"https:\/\/sezona.lv\/en\/wp-json\/wp\/v2\/product_tag?post=76264"}],"curies":[{"name":"wp","href":"https:\/\/api.w.org\/{rel}","templated":true}]}}