{"id":76266,"date":"2025-07-14T14:48:37","date_gmt":"2025-07-14T11:48:37","guid":{"rendered":"https:\/\/demo8.ecube.lv\/sezona.lv\/products\/blurr-core-jaka\/"},"modified":"2025-07-14T14:48:37","modified_gmt":"2025-07-14T11:48:37","slug":"blurr-core-jaka","status":"publish","type":"product","link":"https:\/\/sezona.lv\/en\/products\/blurr-core-jaka\/","title":{"rendered":"Blurr Core jaka"},"content":{"rendered":"<p>Core Hoody apvieno komfortu un zin\u0101&scaron;anas par klasisko kreklu\/jaku ar kapuci.<\/p>\n<p>Audums 100% poliesteris<\/p>\n<p><strong>Izm\u0113rs: <\/strong>&nbsp;S<\/p>\n<p>Veicot pas\u016bt\u012bjumu, l\u016bdzu nor\u0101diet nepiecie&scaron;amo izm\u0113ru.<\/p>\n<p>&nbsp;<\/p>\n<p>&nbsp;<\/p>\n","protected":false},"excerpt":{"rendered":"<p>Core Hoody apvieno komfortu un zin\u0101&scaron;anas par klasisko kreklu\/jaku ar kapuci. Audums 100% poliesteris Izm\u0113rs: &nbsp;S Veicot pas\u016bt\u012bjumu, l\u016bdzu nor\u0101diet nepiecie&scaron;amo izm\u0113ru. &nbsp; &nbsp;<\/p>\n","protected":false},"featured_media":0,"template":"","meta":[],"product_brand":[],"product_cat":[4619,4640,4718],"product_tag":[],"class_list":{"0":"post-76266","1":"product","2":"type-product","3":"status-publish","5":"product_cat-winter-clothes-recreation","6":"product_cat-recreation","7":"product_cat-fleece-jackets-winter-clothes-recreation","9":"first","10":"instock","11":"shipping-taxable","12":"purchasable","13":"product-type-simple"},"_links":{"self":[{"href":"https:\/\/sezona.lv\/en\/wp-json\/wp\/v2\/product\/76266","targetHints":{"allow":["GET"]}}],"collection":[{"href":"https:\/\/sezona.lv\/en\/wp-json\/wp\/v2\/product"}],"about":[{"href":"https:\/\/sezona.lv\/en\/wp-json\/wp\/v2\/types\/product"}],"wp:attachment":[{"href":"https:\/\/sezona.lv\/en\/wp-json\/wp\/v2\/media?parent=76266"}],"wp:term":[{"taxonomy":"product_brand","embeddable":true,"href":"https:\/\/sezona.lv\/en\/wp-json\/wp\/v2\/product_brand?post=76266"},{"taxonomy":"product_cat","embeddable":true,"href":"https:\/\/sezona.lv\/en\/wp-json\/wp\/v2\/product_cat?post=76266"},{"taxonomy":"product_tag","embeddable":true,"href":"https:\/\/sezona.lv\/en\/wp-json\/wp\/v2\/product_tag?post=76266"}],"curies":[{"name":"wp","href":"https:\/\/api.w.org\/{rel}","templated":true}]}}