{"id":76267,"date":"2025-07-11T15:41:49","date_gmt":"2025-07-11T12:41:49","guid":{"rendered":"https:\/\/demo8.ecube.lv\/sezona.lv\/products\/kovea-multidegvielas-plitina-booster-1\/"},"modified":"2025-07-14T14:48:38","modified_gmt":"2025-07-14T11:48:38","slug":"kovea-multidegvielas-plitina-booster-1","status":"publish","type":"product","link":"https:\/\/sezona.lv\/en\/products\/kovea-multidegvielas-plitina-booster-1\/","title":{"rendered":"Kovea Multidegvielas pl\u012bti\u0146a BOOSTER +1"},"content":{"rendered":"<div class=\"rte\">\n<p>Jaud\u012bgs multidegvielas eksped\u012bciju s\u0113rijas g\u0101zes  deglis\/pl\u012bti\u0146a ar degvielas uzsild\u012b&scaron;anas sist\u0113mu. Stabili novietojama uz  zemes. Degvielas uzsild\u012b&scaron;anas sist\u0113ma nevainojami darbojas \u013coti zem\u0101s  temperat\u016br\u0101s un nodro&scaron;ina piln\u012bgu degvielas sadeg&scaron;anu. P\u0101rbaud\u012bts  neskait\u0101m\u0101s eksped\u012bcij\u0101s vis\u0101 pasaul\u0113. Kompakts un jaud\u012bgs eksped\u012bciju  s\u0113rijas deglis\/pl\u012bti\u0146a \u0113diena pagatavo&scaron;anai ce\u013cojuma laik\u0101. Darbojas gan  ar g\u0101zi, gan ar benz\u012bnu, bez galvi\u0146as nomai\u0146as. Nevainojami darbosies  ar\u012b \u013coti zem\u0101s temperat\u016br\u0101s (-40C un zem\u0101k\u0101s), novietojams uz zemes.  Vienk\u0101r&scaron;s lieto&scaron;an\u0101. Ner\u016bs\u0113jo&scaron;\u0101 t\u0113rauda atbalsta k\u0101ji\u0146as ar vienk\u0101r&scaron;u  loc\u012b&scaron;an\u0101s konstrukciju. Paredz\u0113ts visa veida eksped\u012bcij\u0101m, kalnu  p\u0101rg\u0101jieniem, laivo&scaron;an\u0101, velot\u016brism\u0101, atp\u016bt\u0101 pie dabas, mak&scaron;\u0137er\u0113&scaron;an\u0101 un  med\u012bb\u0101s. Ide\u0101ls vientu\u013ciem re\u0123ioniem, kur nav pieejami g\u0101zes baloni un  klimatiskie apst\u0101k\u013ci ir skarbi. Viegli kopjams.<\/p>\n<h4>Specifik\u0101cija:<\/h4>\n<p><strong>Aizdedze:<\/strong> Manu\u0101l\u0101<br \/><strong>Svars:<\/strong> 306 grami (deglis); 109 grami (pumpis); 115 grami (degvielas pudele) <br \/><strong>Izm\u0113rs:<\/strong> 100 x 80 x 80 mm <br \/><strong>Iepakojums:<\/strong> Iztur\u012bga materi\u0101la somi\u0146a <br \/><strong>Degviela:<\/strong> Benz\u012bns\/G\u0101ze <br \/><strong>Jauda:<\/strong> ar benz\u012bnu 3,068 kcal\/12,179BTU\/3,55 kW; ar g\u0101zi 1,798 kcal\/7,138BTU\/2,08 kW<br \/><strong>Pat\u0113ri\u0146&scaron;:<\/strong> Benz\u012bns: 274 ml\/h, G\u0101ze: 152 g\/h <br \/><strong>Uzv\u0101r\u012b&scaron;anas laiks:<\/strong> Benz\u012bns: 3,40 min; G\u0101ze: 5,03 min (1L auksta \u016bdens no 15C l\u012bdz 96C, istabas temperat\u016br\u0101 24C)<\/p>\n<h4>Komplekt\u0101cij\u0101 ietilpst:<\/h4>\n<ul>\n<li>Deglis<\/li>\n<li>Remonta komplekts<\/li>\n<li>Multifunkcion\u0101ls instruments kop&scaron;anai un remontam<\/li>\n<li>Somi\u0146a deglim<\/li>\n<li>Degvielas pumpis<\/li>\n<li>Degvielas pudele 600 ml<\/li>\n<\/ul>\n<\/div>\n<p>&nbsp;<\/p>\n","protected":false},"excerpt":{"rendered":"<p>Jaud\u012bgs multidegvielas eksped\u012bciju s\u0113rijas g\u0101zes deglis\/pl\u012bti\u0146a ar degvielas uzsild\u012b&scaron;anas sist\u0113mu. Stabili novietojama uz zemes. Degvielas uzsild\u012b&scaron;anas sist\u0113ma nevainojami darbojas \u013coti zem\u0101s temperat\u016br\u0101s un nodro&scaron;ina piln\u012bgu degvielas sadeg&scaron;anu. P\u0101rbaud\u012bts neskait\u0101m\u0101s eksped\u012bcij\u0101s vis\u0101 pasaul\u0113. Kompakts un jaud\u012bgs eksped\u012bciju s\u0113rijas deglis\/pl\u012bti\u0146a \u0113diena pagatavo&scaron;anai ce\u013cojuma laik\u0101. Darbojas gan ar g\u0101zi, gan ar benz\u012bnu, bez galvi\u0146as nomai\u0146as. Nevainojami darbosies ar\u012b [&hellip;]<\/p>\n","protected":false},"featured_media":60698,"template":"","meta":[],"product_brand":[934],"product_cat":[4558,4720,4721],"product_tag":[],"class_list":{"0":"post-76267","1":"product","2":"type-product","3":"status-publish","4":"has-post-thumbnail","6":"product_brand-kovea","7":"product_cat-for-tourism-recreation","8":"product_cat-gas-stoves-burners-lanterns-heaters-for-tourism-recreation","9":"product_cat-gas-stoves-gas-stoves-burners-lanterns-heaters-for-tourism-recreation","11":"first","12":"instock","13":"shipping-taxable","14":"purchasable","15":"product-type-simple"},"_links":{"self":[{"href":"https:\/\/sezona.lv\/en\/wp-json\/wp\/v2\/product\/76267","targetHints":{"allow":["GET"]}}],"collection":[{"href":"https:\/\/sezona.lv\/en\/wp-json\/wp\/v2\/product"}],"about":[{"href":"https:\/\/sezona.lv\/en\/wp-json\/wp\/v2\/types\/product"}],"wp:featuredmedia":[{"embeddable":true,"href":"https:\/\/sezona.lv\/en\/wp-json\/wp\/v2\/media\/60698"}],"wp:attachment":[{"href":"https:\/\/sezona.lv\/en\/wp-json\/wp\/v2\/media?parent=76267"}],"wp:term":[{"taxonomy":"product_brand","embeddable":true,"href":"https:\/\/sezona.lv\/en\/wp-json\/wp\/v2\/product_brand?post=76267"},{"taxonomy":"product_cat","embeddable":true,"href":"https:\/\/sezona.lv\/en\/wp-json\/wp\/v2\/product_cat?post=76267"},{"taxonomy":"product_tag","embeddable":true,"href":"https:\/\/sezona.lv\/en\/wp-json\/wp\/v2\/product_tag?post=76267"}],"curies":[{"name":"wp","href":"https:\/\/api.w.org\/{rel}","templated":true}]}}