{"id":76269,"date":"2025-07-14T14:48:39","date_gmt":"2025-07-14T11:48:39","guid":{"rendered":"https:\/\/demo8.ecube.lv\/sezona.lv\/products\/kovea-izkliedetajsietini-km-894\/"},"modified":"2025-07-14T14:48:39","modified_gmt":"2025-07-14T11:48:39","slug":"kovea-izkliedetajsietini-km-894","status":"publish","type":"product","link":"https:\/\/sezona.lv\/en\/products\/kovea-izkliedetajsietini-km-894\/","title":{"rendered":"Kovea Izklied\u0113t\u0101jsieti\u0146i KM-894"},"content":{"rendered":"<p><strong>Rezerves izklied\u0113t\u0101jsieti\u0146i g\u0101zes lamp\u0101m.&nbsp;<br \/><\/strong>\u012apa&scaron;a uzman\u012bba j\u0101piev\u0113r&scaron; sieti\u0146a pareizai uzst\u0101d\u012b&scaron;anai &#8211; sieti\u0146u uzmaukt uz laternas sprauslas, uzst\u0101d\u012b&scaron;anas laik\u0101 neizstiept. P\u0113c tam sieti\u0146&scaron; ir j\u0101apdedzina l\u012bdz tas sasniedz darba st\u0101vokli, kur\u0101 to var izmantot ilglaic\u012bgi, gar\u0101s tumsas stund\u0101s.<br \/><strong>Katram laternas modelim ir at&scaron;\u0137ir\u012bgs izklied\u0113t\u0101jsieti\u0146a tips.<br \/><\/strong><br \/><em><span style=\"text-decoration: underline\">(katr\u0101 iepakojum\u0101 itilpst 2 gab.):<\/p>\n<p><\/span><\/em>Izklied\u0113t\u0101jsieti\u0146i latern\u0101m&nbsp;<strong>OBSERVER un ADVENTURE<\/strong>&nbsp;<\/p>\n","protected":false},"excerpt":{"rendered":"<p>Rezerves izklied\u0113t\u0101jsieti\u0146i g\u0101zes lamp\u0101m.&nbsp;\u012apa&scaron;a uzman\u012bba j\u0101piev\u0113r&scaron; sieti\u0146a pareizai uzst\u0101d\u012b&scaron;anai &#8211; sieti\u0146u uzmaukt uz laternas sprauslas, uzst\u0101d\u012b&scaron;anas laik\u0101 neizstiept. P\u0113c tam sieti\u0146&scaron; ir j\u0101apdedzina l\u012bdz tas sasniedz darba st\u0101vokli, kur\u0101 to var izmantot ilglaic\u012bgi, gar\u0101s tumsas stund\u0101s.Katram laternas modelim ir at&scaron;\u0137ir\u012bgs izklied\u0113t\u0101jsieti\u0146a tips.(katr\u0101 iepakojum\u0101 itilpst 2 gab.): Izklied\u0113t\u0101jsieti\u0146i latern\u0101m&nbsp;OBSERVER un ADVENTURE&nbsp;<\/p>\n","protected":false},"featured_media":0,"template":"","meta":[],"product_brand":[934],"product_cat":[4558,4640,4720,4727],"product_tag":[],"class_list":{"0":"post-76269","1":"product","2":"type-product","3":"status-publish","5":"product_brand-kovea","6":"product_cat-for-tourism-recreation","7":"product_cat-recreation","8":"product_cat-gas-stoves-burners-lanterns-heaters-for-tourism-recreation","9":"product_cat-accessories-en-dupcheck-789-gas-stoves-burners-lanterns-heaters-for-tourism-recreation","11":"first","12":"instock","13":"shipping-taxable","14":"purchasable","15":"product-type-simple"},"_links":{"self":[{"href":"https:\/\/sezona.lv\/en\/wp-json\/wp\/v2\/product\/76269","targetHints":{"allow":["GET"]}}],"collection":[{"href":"https:\/\/sezona.lv\/en\/wp-json\/wp\/v2\/product"}],"about":[{"href":"https:\/\/sezona.lv\/en\/wp-json\/wp\/v2\/types\/product"}],"wp:attachment":[{"href":"https:\/\/sezona.lv\/en\/wp-json\/wp\/v2\/media?parent=76269"}],"wp:term":[{"taxonomy":"product_brand","embeddable":true,"href":"https:\/\/sezona.lv\/en\/wp-json\/wp\/v2\/product_brand?post=76269"},{"taxonomy":"product_cat","embeddable":true,"href":"https:\/\/sezona.lv\/en\/wp-json\/wp\/v2\/product_cat?post=76269"},{"taxonomy":"product_tag","embeddable":true,"href":"https:\/\/sezona.lv\/en\/wp-json\/wp\/v2\/product_tag?post=76269"}],"curies":[{"name":"wp","href":"https:\/\/api.w.org\/{rel}","templated":true}]}}