{"id":76270,"date":"2025-07-11T15:41:52","date_gmt":"2025-07-11T12:41:52","guid":{"rendered":"https:\/\/demo8.ecube.lv\/sezona.lv\/products\/kovea-pareja-adapters-cobra-gas\/"},"modified":"2025-07-14T14:48:40","modified_gmt":"2025-07-14T11:48:40","slug":"kovea-pareja-adapters-cobra-gas","status":"publish","type":"product","link":"https:\/\/sezona.lv\/en\/products\/kovea-pareja-adapters-cobra-gas\/","title":{"rendered":"Kovea P\u0101reja &#8211; adapters Cobra Gas"},"content":{"rendered":"<div class=\"rte\">\n<p>P\u0101reja &#8211; adapteris ar cauruli, p\u0101rejai no gar\u0101  sprauslas tipa balonu lieto&scaron;anas uz deg\u013ciem ar v\u012btnes tipa skr\u016bv\u0113jamo  balonu (epi-gas). Izmantojot &scaron;o p\u0101reju, \u0113rti novietot jebkuru skr\u016bv\u0113jamo  degli uz stabil\u0101m k\u0101ji\u0146\u0101m. Maksim\u0101la stabilit\u0101te un siltuma zudumu  nov\u0113r&scaron;ana gatavojot. Pateicoties balona novietojumam un savienojo&scaron;ai  caurul\u012btei ,balonos nerodas g\u0101zes atlikumi. Pielietojams visu deg\u013cu un  laternu veidiem ar skr\u016bv\u0113jamu v\u012btnes tipa savienojumu.<\/p>\n<p>Specifik\u0101cija:<\/p>\n<p>Svars: 180 grami<br \/> Izm\u0113ri: 12 x 4 x 7 cm<\/p>\n<\/div>\n","protected":false},"excerpt":{"rendered":"<p>P\u0101reja &#8211; adapteris ar cauruli, p\u0101rejai no gar\u0101 sprauslas tipa balonu lieto&scaron;anas uz deg\u013ciem ar v\u012btnes tipa skr\u016bv\u0113jamo balonu (epi-gas). Izmantojot &scaron;o p\u0101reju, \u0113rti novietot jebkuru skr\u016bv\u0113jamo degli uz stabil\u0101m k\u0101ji\u0146\u0101m. Maksim\u0101la stabilit\u0101te un siltuma zudumu nov\u0113r&scaron;ana gatavojot. Pateicoties balona novietojumam un savienojo&scaron;ai caurul\u012btei ,balonos nerodas g\u0101zes atlikumi. Pielietojams visu deg\u013cu un laternu veidiem ar [&hellip;]<\/p>\n","protected":false},"featured_media":60713,"template":"","meta":[],"product_brand":[934],"product_cat":[4558,4720,4727],"product_tag":[],"class_list":{"0":"post-76270","1":"product","2":"type-product","3":"status-publish","4":"has-post-thumbnail","6":"product_brand-kovea","7":"product_cat-for-tourism-recreation","8":"product_cat-gas-stoves-burners-lanterns-heaters-for-tourism-recreation","9":"product_cat-accessories-en-dupcheck-789-gas-stoves-burners-lanterns-heaters-for-tourism-recreation","11":"first","12":"instock","13":"shipping-taxable","14":"purchasable","15":"product-type-simple"},"_links":{"self":[{"href":"https:\/\/sezona.lv\/en\/wp-json\/wp\/v2\/product\/76270","targetHints":{"allow":["GET"]}}],"collection":[{"href":"https:\/\/sezona.lv\/en\/wp-json\/wp\/v2\/product"}],"about":[{"href":"https:\/\/sezona.lv\/en\/wp-json\/wp\/v2\/types\/product"}],"wp:featuredmedia":[{"embeddable":true,"href":"https:\/\/sezona.lv\/en\/wp-json\/wp\/v2\/media\/60713"}],"wp:attachment":[{"href":"https:\/\/sezona.lv\/en\/wp-json\/wp\/v2\/media?parent=76270"}],"wp:term":[{"taxonomy":"product_brand","embeddable":true,"href":"https:\/\/sezona.lv\/en\/wp-json\/wp\/v2\/product_brand?post=76270"},{"taxonomy":"product_cat","embeddable":true,"href":"https:\/\/sezona.lv\/en\/wp-json\/wp\/v2\/product_cat?post=76270"},{"taxonomy":"product_tag","embeddable":true,"href":"https:\/\/sezona.lv\/en\/wp-json\/wp\/v2\/product_tag?post=76270"}],"curies":[{"name":"wp","href":"https:\/\/api.w.org\/{rel}","templated":true}]}}