{"id":76271,"date":"2025-07-11T15:41:57","date_gmt":"2025-07-11T12:41:57","guid":{"rendered":"https:\/\/demo8.ecube.lv\/sezona.lv\/products\/kovea-observer-kupols\/"},"modified":"2025-07-14T14:48:41","modified_gmt":"2025-07-14T11:48:41","slug":"kovea-observer-kupols","status":"publish","type":"product","link":"https:\/\/sezona.lv\/en\/products\/kovea-observer-kupols\/","title":{"rendered":"Kovea Observer kupols"},"content":{"rendered":"<p>Rezeves kupols laternai&nbsp;<strong>OBSERVER KL-103<\/strong><\/p>\n<p align=\"left\">Stikla kupols, kur&scaron; izgatavots V\u0101cij\u0101. Kupoliem piem\u012bt augsta iztur\u012bbas sp\u0113ja. Neliels aizsargton\u0113jums, acu pasarg\u0101&scaron;anai no spilgtas gaismas.<\/p>\n<p>Izm\u0113rs: 36x30x30<br \/>Svars: 15<\/p>\n<p>&nbsp;<\/p>\n<p>&nbsp;<\/p>\n","protected":false},"excerpt":{"rendered":"<p>Rezeves kupols laternai&nbsp;OBSERVER KL-103 Stikla kupols, kur&scaron; izgatavots V\u0101cij\u0101. Kupoliem piem\u012bt augsta iztur\u012bbas sp\u0113ja. Neliels aizsargton\u0113jums, acu pasarg\u0101&scaron;anai no spilgtas gaismas. Izm\u0113rs: 36x30x30Svars: 15 &nbsp; &nbsp;<\/p>\n","protected":false},"featured_media":60716,"template":"","meta":[],"product_brand":[934],"product_cat":[4558,4720,4724],"product_tag":[],"class_list":{"0":"post-76271","1":"product","2":"type-product","3":"status-publish","4":"has-post-thumbnail","6":"product_brand-kovea","7":"product_cat-for-tourism-recreation","8":"product_cat-gas-stoves-burners-lanterns-heaters-for-tourism-recreation","9":"product_cat-gas-lanterns-gas-stoves-burners-lanterns-heaters-for-tourism-recreation","11":"first","12":"instock","13":"shipping-taxable","14":"purchasable","15":"product-type-simple"},"_links":{"self":[{"href":"https:\/\/sezona.lv\/en\/wp-json\/wp\/v2\/product\/76271","targetHints":{"allow":["GET"]}}],"collection":[{"href":"https:\/\/sezona.lv\/en\/wp-json\/wp\/v2\/product"}],"about":[{"href":"https:\/\/sezona.lv\/en\/wp-json\/wp\/v2\/types\/product"}],"wp:featuredmedia":[{"embeddable":true,"href":"https:\/\/sezona.lv\/en\/wp-json\/wp\/v2\/media\/60716"}],"wp:attachment":[{"href":"https:\/\/sezona.lv\/en\/wp-json\/wp\/v2\/media?parent=76271"}],"wp:term":[{"taxonomy":"product_brand","embeddable":true,"href":"https:\/\/sezona.lv\/en\/wp-json\/wp\/v2\/product_brand?post=76271"},{"taxonomy":"product_cat","embeddable":true,"href":"https:\/\/sezona.lv\/en\/wp-json\/wp\/v2\/product_cat?post=76271"},{"taxonomy":"product_tag","embeddable":true,"href":"https:\/\/sezona.lv\/en\/wp-json\/wp\/v2\/product_tag?post=76271"}],"curies":[{"name":"wp","href":"https:\/\/api.w.org\/{rel}","templated":true}]}}