{"id":76272,"date":"2025-07-14T14:48:42","date_gmt":"2025-07-14T11:48:42","guid":{"rendered":"https:\/\/demo8.ecube.lv\/sezona.lv\/products\/kovea-adventure-kupols\/"},"modified":"2025-07-14T14:48:42","modified_gmt":"2025-07-14T11:48:42","slug":"kovea-adventure-kupols","status":"publish","type":"product","link":"https:\/\/sezona.lv\/en\/products\/kovea-adventure-kupols\/","title":{"rendered":"Kovea Adventure kupols"},"content":{"rendered":"<p>Rezeves kupols laternai&nbsp;A<strong>DVENTURE<\/strong><\/p>\n<p>Stikla kupols, kur&scaron; izgatavots V\u0101cij\u0101. Kupoliem piem\u012bt augsta iztur\u012bbas sp\u0113ja. Neliels aizsargton\u0113jums, acu pasarg\u0101&scaron;anai no spilgtas gaismas.<\/p>\n<p><strong>Izm\u0113rs:&nbsp;<\/strong>40x34x34<br \/><strong>Svars:&nbsp;<\/strong>20grami<\/p>\n<p>&nbsp;<\/p>\n<p>&nbsp;<\/p>\n","protected":false},"excerpt":{"rendered":"<p>Rezeves kupols laternai&nbsp;ADVENTURE Stikla kupols, kur&scaron; izgatavots V\u0101cij\u0101. Kupoliem piem\u012bt augsta iztur\u012bbas sp\u0113ja. Neliels aizsargton\u0113jums, acu pasarg\u0101&scaron;anai no spilgtas gaismas. Izm\u0113rs:&nbsp;40x34x34Svars:&nbsp;20grami &nbsp; &nbsp;<\/p>\n","protected":false},"featured_media":0,"template":"","meta":[],"product_brand":[934],"product_cat":[4558,4640,4720,4727],"product_tag":[],"class_list":{"0":"post-76272","1":"product","2":"type-product","3":"status-publish","5":"product_brand-kovea","6":"product_cat-for-tourism-recreation","7":"product_cat-recreation","8":"product_cat-gas-stoves-burners-lanterns-heaters-for-tourism-recreation","9":"product_cat-accessories-en-dupcheck-789-gas-stoves-burners-lanterns-heaters-for-tourism-recreation","11":"first","12":"instock","13":"shipping-taxable","14":"purchasable","15":"product-type-simple"},"_links":{"self":[{"href":"https:\/\/sezona.lv\/en\/wp-json\/wp\/v2\/product\/76272","targetHints":{"allow":["GET"]}}],"collection":[{"href":"https:\/\/sezona.lv\/en\/wp-json\/wp\/v2\/product"}],"about":[{"href":"https:\/\/sezona.lv\/en\/wp-json\/wp\/v2\/types\/product"}],"wp:attachment":[{"href":"https:\/\/sezona.lv\/en\/wp-json\/wp\/v2\/media?parent=76272"}],"wp:term":[{"taxonomy":"product_brand","embeddable":true,"href":"https:\/\/sezona.lv\/en\/wp-json\/wp\/v2\/product_brand?post=76272"},{"taxonomy":"product_cat","embeddable":true,"href":"https:\/\/sezona.lv\/en\/wp-json\/wp\/v2\/product_cat?post=76272"},{"taxonomy":"product_tag","embeddable":true,"href":"https:\/\/sezona.lv\/en\/wp-json\/wp\/v2\/product_tag?post=76272"}],"curies":[{"name":"wp","href":"https:\/\/api.w.org\/{rel}","templated":true}]}}