{"id":76276,"date":"2025-07-11T15:42:04","date_gmt":"2025-07-11T12:42:04","guid":{"rendered":"https:\/\/demo8.ecube.lv\/sezona.lv\/products\/spirts-brennspiritus-1-0l\/"},"modified":"2025-07-14T14:48:45","modified_gmt":"2025-07-14T11:48:45","slug":"spirts-brennspiritus-1-0l","status":"publish","type":"product","link":"https:\/\/sezona.lv\/en\/products\/spirts-brennspiritus-1-0l\/","title":{"rendered":"Spirts Brennspiritus 1,0L"},"content":{"rendered":"<p>Brennspiritus 1,0L<\/p>\n<p>Paredz\u0113ts spirta pl\u012bti\u0146\u0101m<\/p>\n<p>&nbsp;<\/p>\n<p>&nbsp;<\/p>\n","protected":false},"excerpt":{"rendered":"<p>Brennspiritus 1,0L Paredz\u0113ts spirta pl\u012bti\u0146\u0101m &nbsp; &nbsp;<\/p>\n","protected":false},"featured_media":60731,"template":"","meta":[],"product_brand":[],"product_cat":[4558,4720,4722],"product_tag":[],"class_list":{"0":"post-76276","1":"product","2":"type-product","3":"status-publish","4":"has-post-thumbnail","6":"product_cat-for-tourism-recreation","7":"product_cat-gas-stoves-burners-lanterns-heaters-for-tourism-recreation","8":"product_cat-liquid-fuel-stoves-gas-stoves-burners-lanterns-heaters-for-tourism-recreation","10":"first","11":"instock","12":"shipping-taxable","13":"purchasable","14":"product-type-simple"},"_links":{"self":[{"href":"https:\/\/sezona.lv\/en\/wp-json\/wp\/v2\/product\/76276","targetHints":{"allow":["GET"]}}],"collection":[{"href":"https:\/\/sezona.lv\/en\/wp-json\/wp\/v2\/product"}],"about":[{"href":"https:\/\/sezona.lv\/en\/wp-json\/wp\/v2\/types\/product"}],"wp:featuredmedia":[{"embeddable":true,"href":"https:\/\/sezona.lv\/en\/wp-json\/wp\/v2\/media\/60731"}],"wp:attachment":[{"href":"https:\/\/sezona.lv\/en\/wp-json\/wp\/v2\/media?parent=76276"}],"wp:term":[{"taxonomy":"product_brand","embeddable":true,"href":"https:\/\/sezona.lv\/en\/wp-json\/wp\/v2\/product_brand?post=76276"},{"taxonomy":"product_cat","embeddable":true,"href":"https:\/\/sezona.lv\/en\/wp-json\/wp\/v2\/product_cat?post=76276"},{"taxonomy":"product_tag","embeddable":true,"href":"https:\/\/sezona.lv\/en\/wp-json\/wp\/v2\/product_tag?post=76276"}],"curies":[{"name":"wp","href":"https:\/\/api.w.org\/{rel}","templated":true}]}}