{"id":76277,"date":"2025-07-11T15:42:06","date_gmt":"2025-07-11T12:42:06","guid":{"rendered":"https:\/\/demo8.ecube.lv\/sezona.lv\/products\/primus-degviela-powerfuel-benzin\/"},"modified":"2025-07-14T14:48:46","modified_gmt":"2025-07-14T11:48:46","slug":"primus-degviela-powerfuel-benzin","status":"publish","type":"product","link":"https:\/\/sezona.lv\/en\/products\/primus-degviela-powerfuel-benzin\/","title":{"rendered":"Primus Degviela Powerfuel Benzin"},"content":{"rendered":"<p>Att\u012br\u012bta degviela ar pretkorozijas piedevu. Piem\u0113rota benz\u012bna de\u0123\u013ciem un latern\u0101m.&nbsp;<\/p>\n","protected":false},"excerpt":{"rendered":"<p>Att\u012br\u012bta degviela ar pretkorozijas piedevu. Piem\u0113rota benz\u012bna de\u0123\u013ciem un latern\u0101m.&nbsp;<\/p>\n","protected":false},"featured_media":60734,"template":"","meta":[],"product_brand":[],"product_cat":[4558,4720,4722],"product_tag":[],"class_list":{"0":"post-76277","1":"product","2":"type-product","3":"status-publish","4":"has-post-thumbnail","6":"product_cat-for-tourism-recreation","7":"product_cat-gas-stoves-burners-lanterns-heaters-for-tourism-recreation","8":"product_cat-liquid-fuel-stoves-gas-stoves-burners-lanterns-heaters-for-tourism-recreation","10":"first","11":"instock","12":"shipping-taxable","13":"purchasable","14":"product-type-simple"},"_links":{"self":[{"href":"https:\/\/sezona.lv\/en\/wp-json\/wp\/v2\/product\/76277","targetHints":{"allow":["GET"]}}],"collection":[{"href":"https:\/\/sezona.lv\/en\/wp-json\/wp\/v2\/product"}],"about":[{"href":"https:\/\/sezona.lv\/en\/wp-json\/wp\/v2\/types\/product"}],"wp:featuredmedia":[{"embeddable":true,"href":"https:\/\/sezona.lv\/en\/wp-json\/wp\/v2\/media\/60734"}],"wp:attachment":[{"href":"https:\/\/sezona.lv\/en\/wp-json\/wp\/v2\/media?parent=76277"}],"wp:term":[{"taxonomy":"product_brand","embeddable":true,"href":"https:\/\/sezona.lv\/en\/wp-json\/wp\/v2\/product_brand?post=76277"},{"taxonomy":"product_cat","embeddable":true,"href":"https:\/\/sezona.lv\/en\/wp-json\/wp\/v2\/product_cat?post=76277"},{"taxonomy":"product_tag","embeddable":true,"href":"https:\/\/sezona.lv\/en\/wp-json\/wp\/v2\/product_tag?post=76277"}],"curies":[{"name":"wp","href":"https:\/\/api.w.org\/{rel}","templated":true}]}}