{"id":76278,"date":"2025-07-14T14:48:47","date_gmt":"2025-07-14T11:48:47","guid":{"rendered":"https:\/\/demo8.ecube.lv\/sezona.lv\/products\/warmpeace-summerlite-300-reg-gulammaiss\/"},"modified":"2025-07-14T14:48:47","modified_gmt":"2025-07-14T11:48:47","slug":"warmpeace-summerlite-300-reg-gulammaiss","status":"publish","type":"product","link":"https:\/\/sezona.lv\/en\/products\/warmpeace-summerlite-300-reg-gulammaiss\/","title":{"rendered":"Warmpeace Summerlite 300 Reg gu\u013cammaiss"},"content":{"rendered":"<p>Superkompakts tr\u012bs sezonu gu\u013cammaiss. Zosu d\u016bnu pild\u012bjums sniegs maksim\u0101lu komfortu. Gu\u013cammaisam ir nieka&nbsp;<strong>2,8 litru&nbsp;<\/strong>tilpums un tas sver nieka&nbsp;<strong>630 gramus.&nbsp;<\/strong>Tas b\u016bs ide\u0101li piem\u0113rots ce\u013cot\u0101jiem minim\u0101listiem &#8211; tie, kas ce\u013co ar niec\u012bgu bag\u0101\u017eu un kuriem r\u016bp svars un tilpums. &Scaron;o gu\u013cammaisu nov\u0113rt\u0113s gan velot\u016bristi, gan ar\u012b alp\u012bnisti.<\/p>\n<p><strong><span style=\"text-decoration: underline\">Specifik\u0101cija<\/span><\/strong><\/p>\n<p><strong>Virs\u0113jais materi\u0101ls:<\/strong>&nbsp;Colibri DWR<br \/><strong>Oder\u0113jums:&nbsp;<\/strong>Colibri DWR&nbsp;<br \/><strong>Siltin\u0101t\u0101js:&nbsp;<\/strong>zosu d\u016bnas 750FP&nbsp;<br \/><strong>Siltin\u0101t\u0101ja daudzums:&nbsp;<\/strong>300 grami&nbsp;<br \/><strong>Komforta temperat\u016bra:<\/strong>&nbsp;0*C<br \/><strong>Garums:&nbsp;<\/strong>180cm<br \/><strong>Svars:&nbsp;<\/strong>630 grami&nbsp;<br \/><strong>Tilpums:<\/strong>&nbsp;2,8 litri<br \/><strong>Sapakot\u0101 veid\u0101:<\/strong>&nbsp;12cm x 25cm<br \/><strong>Kr\u0101sa:<\/strong>&nbsp;tum&scaron;i zila<\/p>\n<p><strong><span style=\"text-decoration: underline\">Raksturojums<\/span><\/strong><\/p>\n<p>&nbsp;Atlas\u012btas zosu d\u016bnas (<strong>750 Fill Power<\/strong>)<br \/>&nbsp;Ir iek&scaron;\u0113j\u0101 kabati\u0146a<br \/>&nbsp;R\u0101v\u0113jsl\u0113dz\u0113ja aizsargs ne\u013caus iev\u0113rt audumu<br \/>&nbsp;Komplekt\u0101 ir uzglab\u0101&scaron;anas maiss<br \/>&nbsp;Mazs un kompakts<\/p>\n<p>&nbsp;<\/p>\n<p>&nbsp;<\/p>\n","protected":false},"excerpt":{"rendered":"<p>Superkompakts tr\u012bs sezonu gu\u013cammaiss. Zosu d\u016bnu pild\u012bjums sniegs maksim\u0101lu komfortu. Gu\u013cammaisam ir nieka&nbsp;2,8 litru&nbsp;tilpums un tas sver nieka&nbsp;630 gramus.&nbsp;Tas b\u016bs ide\u0101li piem\u0113rots ce\u013cot\u0101jiem minim\u0101listiem &#8211; tie, kas ce\u013co ar niec\u012bgu bag\u0101\u017eu un kuriem r\u016bp svars un tilpums. &Scaron;o gu\u013cammaisu nov\u0113rt\u0113s gan velot\u016bristi, gan ar\u012b alp\u012bnisti. Specifik\u0101cija Virs\u0113jais materi\u0101ls:&nbsp;Colibri DWROder\u0113jums:&nbsp;Colibri DWR&nbsp;Siltin\u0101t\u0101js:&nbsp;zosu d\u016bnas 750FP&nbsp;Siltin\u0101t\u0101ja daudzums:&nbsp;300 grami&nbsp;Komforta temperat\u016bra:&nbsp;0*CGarums:&nbsp;180cmSvars:&nbsp;630 [&hellip;]<\/p>\n","protected":false},"featured_media":0,"template":"","meta":[],"product_brand":[],"product_cat":[4558,4569,4640],"product_tag":[],"class_list":{"0":"post-76278","1":"product","2":"type-product","3":"status-publish","5":"product_cat-for-tourism-recreation","6":"product_cat-sleeping-bags-for-tourism-recreation","7":"product_cat-recreation","9":"first","10":"instock","11":"shipping-taxable","12":"purchasable","13":"product-type-simple"},"_links":{"self":[{"href":"https:\/\/sezona.lv\/en\/wp-json\/wp\/v2\/product\/76278","targetHints":{"allow":["GET"]}}],"collection":[{"href":"https:\/\/sezona.lv\/en\/wp-json\/wp\/v2\/product"}],"about":[{"href":"https:\/\/sezona.lv\/en\/wp-json\/wp\/v2\/types\/product"}],"wp:attachment":[{"href":"https:\/\/sezona.lv\/en\/wp-json\/wp\/v2\/media?parent=76278"}],"wp:term":[{"taxonomy":"product_brand","embeddable":true,"href":"https:\/\/sezona.lv\/en\/wp-json\/wp\/v2\/product_brand?post=76278"},{"taxonomy":"product_cat","embeddable":true,"href":"https:\/\/sezona.lv\/en\/wp-json\/wp\/v2\/product_cat?post=76278"},{"taxonomy":"product_tag","embeddable":true,"href":"https:\/\/sezona.lv\/en\/wp-json\/wp\/v2\/product_tag?post=76278"}],"curies":[{"name":"wp","href":"https:\/\/api.w.org\/{rel}","templated":true}]}}