{"id":76281,"date":"2025-07-14T14:48:49","date_gmt":"2025-07-14T11:48:49","guid":{"rendered":"https:\/\/demo8.ecube.lv\/sezona.lv\/products\/marmot-sawtooth-reg-gulammaiss\/"},"modified":"2025-07-14T14:48:49","modified_gmt":"2025-07-14T11:48:49","slug":"marmot-sawtooth-reg-gulammaiss","status":"publish","type":"product","link":"https:\/\/sezona.lv\/en\/products\/marmot-sawtooth-reg-gulammaiss\/","title":{"rendered":"Marmot Sawtooth Reg gu\u013cammaiss"},"content":{"rendered":"<p>Viens no popul\u0101rakajiem&nbsp;<strong>Marmot<\/strong>&nbsp;\u010detru sezonu d\u016bnu gu\u013cammaisiem. Ide\u0101ls cenas un siltuma, un kompaktuma attiec\u012bba. Gu\u013cammaiss ir siltin\u0101ts ar augstas kvalit\u0101tes zosu d\u016bn\u0101m, kuras ir r\u016bp\u012bgi atlas\u012btas un sertific\u0113tas. Viena no &scaron;\u012bs serijas gu\u013cammaisu \u012bpa&scaron;\u012bb\u0101m ir k\u0101jgal\u012b ie&scaron;\u016bta silde\u0146a kabati\u0146a, kas pat sal\u012bg\u0101kajiem piedz\u012bvojumu mekl\u0113t\u0101jiem sniegs komfortablu miegu. Ide\u0101li piem\u0113rots p\u0101rg\u0101jieniem, alp\u012bnismam un citiem piedz\u012bvojumu mekl\u0113t\u0101jiem, kam ir svar\u012bgs kompaktums un minim\u0101ls svars attiec\u012bb\u0101 pret nevainojamu komfortu.<\/p>\n<p><strong><span style=\"text-decoration: underline\">Specifik\u0101cija<\/span><\/strong><\/p>\n<p><strong>Virs\u0113jais materi\u0101ls:<\/strong><strong>&nbsp;<\/strong>100% Nylon Ripstop AC 44g\/m2<br \/> <strong>Apak&scaron;\u0113jais materi\u0101ls:<\/strong><strong>&nbsp;<\/strong>100% Nylon Ripstop&nbsp;47g\/m2<br \/> <strong>Oder\u0113jums:<\/strong><strong>&nbsp;<\/strong>100% Polyester Dobby WR 75g\/m2<br \/> <strong>Siltin\u0101jums:<\/strong><strong>&nbsp;<\/strong>600+ Zosu d\u016bnas<br \/> <strong>Siltin\u0101t\u0101ja daudzums:<\/strong>&nbsp;623 grami<br \/> <strong>Komforta temperat\u016bra:<\/strong>&nbsp;-10*C<br \/> <strong>Garums:<\/strong><strong>&nbsp;<\/strong>183cm<br \/> <strong>Izm\u0113rs plecos:<\/strong>&nbsp;l\u012bdz 157cm apk\u0101rtmer\u0101<br \/> <strong>Izm\u0113rs gurnos:<\/strong>&nbsp;l\u012bdz 147cm apk\u0101rtm\u0113r\u0101<br \/> <strong>Izm\u0113rs k\u0101j\u0101s:<\/strong>&nbsp;l\u012bdz 101cm apk\u0101rtm\u0113r\u0101<br \/> <strong>Svars:<\/strong><strong>&nbsp;<\/strong>1389 grami<br \/> <strong>Tilpums:<\/strong>&nbsp;11.6 litri (nekompres\u0113ts)<br \/> <strong>Kr\u0101sa:<\/strong><strong>&nbsp;<\/strong>tum&scaron;i zila<\/p>\n<p><strong><span style=\"text-decoration: underline\">Raksturojums<\/span><\/strong><\/p>\n<p>&nbsp;R\u016bp\u012bgi atlas\u012btas un sertific\u0113tas augst\u0101k\u0101s klases d\u016bnas (<strong>600+ Fill Power<\/strong>)&nbsp;<\/p>\n<p>&nbsp;Test\u0113ts&nbsp;saska\u0146\u0101 ar&nbsp;Eiropas normat\u012bviem&nbsp;<strong>EN 13537<\/strong><\/p>\n<p>&nbsp;Trapecveida k\u0101jgalis nodro&scaron;ina k\u0101j\u0101m vair\u0101k vietas<\/p>\n<p>&nbsp;Silde\u0146a kabati\u0146a k\u0101jgal\u012b<\/p>\n<p>&nbsp;Pilna garuma r\u0101v\u0113jsl\u0113dz\u0113js<\/p>\n<p>&nbsp;R\u0101v\u0113jsl\u0113dz\u0113j\u0101 aizsargs ne\u013caus iev\u0113rt taj\u0101 audumu un pasarg\u0101s no aukst\u0101 gaisa iek\u013c\u016b&scaron;anas<\/p>\n<p>&nbsp;Superviegls un kompakts<\/p>\n<p>&nbsp;Divus gu\u013cammaisus&nbsp;<strong>var sasl\u0113gt kop\u0101<\/strong>&nbsp;(labais un kreisais r\u0101v\u0113jsl\u0113dz\u0113js)<\/p>\n<p>&nbsp;Komplekt\u0101 ietilpst ar\u012b uzglab\u0101&scaron;anas maiss<\/p>\n<p><strong>Pieejams: <\/strong>Labais, Kreisais<\/p>\n<p>&nbsp;<\/p>\n<p>&nbsp;<\/p>\n","protected":false},"excerpt":{"rendered":"<p>Viens no popul\u0101rakajiem&nbsp;Marmot&nbsp;\u010detru sezonu d\u016bnu gu\u013cammaisiem. Ide\u0101ls cenas un siltuma, un kompaktuma attiec\u012bba. Gu\u013cammaiss ir siltin\u0101ts ar augstas kvalit\u0101tes zosu d\u016bn\u0101m, kuras ir r\u016bp\u012bgi atlas\u012btas un sertific\u0113tas. Viena no &scaron;\u012bs serijas gu\u013cammaisu \u012bpa&scaron;\u012bb\u0101m ir k\u0101jgal\u012b ie&scaron;\u016bta silde\u0146a kabati\u0146a, kas pat sal\u012bg\u0101kajiem piedz\u012bvojumu mekl\u0113t\u0101jiem sniegs komfortablu miegu. Ide\u0101li piem\u0113rots p\u0101rg\u0101jieniem, alp\u012bnismam un citiem piedz\u012bvojumu mekl\u0113t\u0101jiem, kam [&hellip;]<\/p>\n","protected":false},"featured_media":0,"template":"","meta":[],"product_brand":[908],"product_cat":[4558,4569,4640,4963],"product_tag":[],"class_list":{"0":"post-76281","1":"product","2":"type-product","3":"status-publish","5":"product_brand-marmot","6":"product_cat-for-tourism-recreation","7":"product_cat-sleeping-bags-for-tourism-recreation","8":"product_cat-recreation","9":"product_cat-marmot-sleeping-bags-sleeping-bags-for-tourism-recreation","11":"first","12":"instock","13":"shipping-taxable","14":"purchasable","15":"product-type-simple"},"_links":{"self":[{"href":"https:\/\/sezona.lv\/en\/wp-json\/wp\/v2\/product\/76281","targetHints":{"allow":["GET"]}}],"collection":[{"href":"https:\/\/sezona.lv\/en\/wp-json\/wp\/v2\/product"}],"about":[{"href":"https:\/\/sezona.lv\/en\/wp-json\/wp\/v2\/types\/product"}],"wp:attachment":[{"href":"https:\/\/sezona.lv\/en\/wp-json\/wp\/v2\/media?parent=76281"}],"wp:term":[{"taxonomy":"product_brand","embeddable":true,"href":"https:\/\/sezona.lv\/en\/wp-json\/wp\/v2\/product_brand?post=76281"},{"taxonomy":"product_cat","embeddable":true,"href":"https:\/\/sezona.lv\/en\/wp-json\/wp\/v2\/product_cat?post=76281"},{"taxonomy":"product_tag","embeddable":true,"href":"https:\/\/sezona.lv\/en\/wp-json\/wp\/v2\/product_tag?post=76281"}],"curies":[{"name":"wp","href":"https:\/\/api.w.org\/{rel}","templated":true}]}}