{"id":76283,"date":"2025-07-14T14:48:51","date_gmt":"2025-07-14T11:48:51","guid":{"rendered":"https:\/\/demo8.ecube.lv\/sezona.lv\/products\/marmot-nanowave-45-reg-gulammaiss\/"},"modified":"2025-07-14T14:48:51","modified_gmt":"2025-07-14T11:48:51","slug":"marmot-nanowave-45-reg-gulammaiss","status":"publish","type":"product","link":"https:\/\/sezona.lv\/en\/products\/marmot-nanowave-45-reg-gulammaiss\/","title":{"rendered":"Marmot NanoWave 45 Reg gu\u013cammaiss"},"content":{"rendered":"<p>Superviegls un kompakts vasaras gu\u013cammaiss ar&nbsp;<strong>Spirafil 100<\/strong><strong>&nbsp;<\/strong>siltin\u0101t\u0101ju. Gu\u013cammaiss ir ide\u0101li piem\u0113rots velo t\u016bristiem, k\u0101 ar\u012b cities piedz\u012bvojumu mekl\u0113t\u0101jiem, kuriem r\u016bp minim\u0101ls svars un tilpums pret nevainojamu komfortu.<\/p>\n<p><strong>Specifik\u0101cija:<\/strong><\/p>\n<p><strong>Virs\u0113jais materi\u0101ls:<\/strong><strong>&nbsp;<\/strong>100% Polyester Tafffeta DWR 2.2 oz\/yd<br \/> <strong>Oder\u0113jums:&nbsp;<\/strong>100% Polyester WR 1.3 oz\/yd<br \/> <strong>Siltin\u0101jums:&nbsp;<\/strong>Spirafil 100<br \/> <strong>Siltin\u0101t\u0101ja daudzums:<\/strong>&nbsp;<br \/> <strong>Komforta temperat\u016bra:<\/strong>&nbsp;+9*C<br \/> <strong>Garums:&nbsp;<\/strong>Augumam l\u012bdz 183cm<br \/> <strong>Svars:&nbsp;<\/strong>822 grami<br \/> <strong>Kr\u0101sa:<\/strong><strong>&nbsp;<\/strong>sarkans<\/p>\n<p><strong>Raksturojums:<\/strong><\/p>\n<p>&nbsp;Test\u0113ts p\u0113c Eiropas normat\u012bviem&nbsp;<strong>EN 13537<\/strong><\/p>\n<p>&nbsp;Pilna garuma r\u0101v\u0113jsl\u0113dz\u0113js<\/p>\n<p>&nbsp;R\u0101v\u0113jsl\u0113dz\u0113ja aizsargs aiztur\u0113s auksto gaisu, k\u0101 ar\u012b ne\u013caus iev\u0113rt taj\u0101 audumu<\/p>\n<p>&nbsp;Kompakts un mazs svars.<\/p>\n<p>&nbsp;Trapecveid\u012bgs k\u0101jgalis nodro&scaron;ina vair\u0101k vietas k\u0101j\u0101m&nbsp;<\/p>\n<p>&nbsp;Divus gu\u013cammaisus var sasl\u0113gt kop\u0101 (ir labais un kreisais r\u0101v\u0113jsl\u0113dz\u0113js)<\/p>\n<p><strong>Pieejams: <\/strong>Kreisais<\/p>\n<p>&nbsp;<\/p>\n<p>&nbsp;<\/p>\n","protected":false},"excerpt":{"rendered":"<p>Superviegls un kompakts vasaras gu\u013cammaiss ar&nbsp;Spirafil 100&nbsp;siltin\u0101t\u0101ju. Gu\u013cammaiss ir ide\u0101li piem\u0113rots velo t\u016bristiem, k\u0101 ar\u012b cities piedz\u012bvojumu mekl\u0113t\u0101jiem, kuriem r\u016bp minim\u0101ls svars un tilpums pret nevainojamu komfortu. Specifik\u0101cija: Virs\u0113jais materi\u0101ls:&nbsp;100% Polyester Tafffeta DWR 2.2 oz\/yd Oder\u0113jums:&nbsp;100% Polyester WR 1.3 oz\/yd Siltin\u0101jums:&nbsp;Spirafil 100 Siltin\u0101t\u0101ja daudzums:&nbsp; Komforta temperat\u016bra:&nbsp;+9*C Garums:&nbsp;Augumam l\u012bdz 183cm Svars:&nbsp;822 grami Kr\u0101sa:&nbsp;sarkans Raksturojums: &nbsp;Test\u0113ts p\u0113c [&hellip;]<\/p>\n","protected":false},"featured_media":0,"template":"","meta":[],"product_brand":[908],"product_cat":[4558,4569,4640,4963],"product_tag":[],"class_list":{"0":"post-76283","1":"product","2":"type-product","3":"status-publish","5":"product_brand-marmot","6":"product_cat-for-tourism-recreation","7":"product_cat-sleeping-bags-for-tourism-recreation","8":"product_cat-recreation","9":"product_cat-marmot-sleeping-bags-sleeping-bags-for-tourism-recreation","11":"first","12":"instock","13":"shipping-taxable","14":"purchasable","15":"product-type-simple"},"_links":{"self":[{"href":"https:\/\/sezona.lv\/en\/wp-json\/wp\/v2\/product\/76283","targetHints":{"allow":["GET"]}}],"collection":[{"href":"https:\/\/sezona.lv\/en\/wp-json\/wp\/v2\/product"}],"about":[{"href":"https:\/\/sezona.lv\/en\/wp-json\/wp\/v2\/types\/product"}],"wp:attachment":[{"href":"https:\/\/sezona.lv\/en\/wp-json\/wp\/v2\/media?parent=76283"}],"wp:term":[{"taxonomy":"product_brand","embeddable":true,"href":"https:\/\/sezona.lv\/en\/wp-json\/wp\/v2\/product_brand?post=76283"},{"taxonomy":"product_cat","embeddable":true,"href":"https:\/\/sezona.lv\/en\/wp-json\/wp\/v2\/product_cat?post=76283"},{"taxonomy":"product_tag","embeddable":true,"href":"https:\/\/sezona.lv\/en\/wp-json\/wp\/v2\/product_tag?post=76283"}],"curies":[{"name":"wp","href":"https:\/\/api.w.org\/{rel}","templated":true}]}}