{"id":76284,"date":"2025-07-14T14:48:52","date_gmt":"2025-07-14T11:48:52","guid":{"rendered":"https:\/\/demo8.ecube.lv\/sezona.lv\/products\/summit-mat-super-light-matracis\/"},"modified":"2025-07-14T14:48:52","modified_gmt":"2025-07-14T11:48:52","slug":"summit-mat-super-light-matracis","status":"publish","type":"product","link":"https:\/\/sezona.lv\/en\/products\/summit-mat-super-light-matracis\/","title":{"rendered":"Summit Mat Super Light matracis"},"content":{"rendered":"<p><strong>Superviegls&nbsp;<\/strong><strong>pa&scaron;piep\u016b&scaron;amais tr\u012bs sezonu pakl\u0101js.<\/strong>&nbsp;Viegli un \u0101tri piep\u016b&scaron;ams ar nesl\u012bdo&scaron;u virsmu. \u013boti viegli sapakojams. Svara ekonomijai pakl\u0101jai\u0146\u0101m ir&nbsp;<strong>m\u016bmijas tipa forma.<\/strong><\/p>\n<p align=\"justify\">Pateicoties pakl\u0101ji\u0146a kompaktumam un zemajam svaram, tas lieti noder\u0113s, laivot\u0101jiem, velo t\u016bristiem, un citiem piedz\u012bvojumu mekl\u0113t\u0101jiem, kuriem r\u016bp mazs tilpums ar niec\u012bgu svaru, bet nevainojamu komfortu.<\/p>\n<p><span style=\"text-decoration: underline\"><strong>Specifik\u0101cija<\/strong><\/span><\/p>\n<p><strong>Virs\u0113jais materi\u0101ls:&nbsp;<\/strong>75D Daimond Embosed&nbsp;(viegls, \u016bdeni atgr\u016bdo&scaron;s, nodilumiztur\u012bgs)<br \/><strong>Pamatnes materi\u0101ls:&nbsp;<\/strong>Non-Slip B (nodro&scaron;ana pakl\u0101ji\u0146a nesl\u012bd\u0113&scaron;anu pa telts virsmu)<br \/><strong>Pild\u012bjums:<\/strong>&nbsp;Vieglas, termizol\u0113jo&scaron;as putas ar vertik\u0101l\u0101m gaisa kamer\u0101m.<br \/><strong>Izm\u0113ri:&nbsp;183 x 51 x 2,5cm<\/strong><br \/><strong>Sapakot\u0101 veid\u0101:<\/strong>&nbsp;26 x 13,5 cm<br \/><strong>Svars:&nbsp;<\/strong>580 grami<br \/><strong>Kr\u0101sa:&nbsp;<\/strong>Mango<br \/><strong>R-v\u0113rt\u012bba:&nbsp;<\/strong>2,1<\/p>\n<p>&nbsp;<\/p>\n<p>&nbsp;<\/p>\n","protected":false},"excerpt":{"rendered":"<p>Superviegls&nbsp;pa&scaron;piep\u016b&scaron;amais tr\u012bs sezonu pakl\u0101js.&nbsp;Viegli un \u0101tri piep\u016b&scaron;ams ar nesl\u012bdo&scaron;u virsmu. \u013boti viegli sapakojams. Svara ekonomijai pakl\u0101jai\u0146\u0101m ir&nbsp;m\u016bmijas tipa forma. Pateicoties pakl\u0101ji\u0146a kompaktumam un zemajam svaram, tas lieti noder\u0113s, laivot\u0101jiem, velo t\u016bristiem, un citiem piedz\u012bvojumu mekl\u0113t\u0101jiem, kuriem r\u016bp mazs tilpums ar niec\u012bgu svaru, bet nevainojamu komfortu. Specifik\u0101cija Virs\u0113jais materi\u0101ls:&nbsp;75D Daimond Embosed&nbsp;(viegls, \u016bdeni atgr\u016bdo&scaron;s, nodilumiztur\u012bgs)Pamatnes materi\u0101ls:&nbsp;Non-Slip B [&hellip;]<\/p>\n","protected":false},"featured_media":0,"template":"","meta":[],"product_brand":[],"product_cat":[4558,4640,4663,4772],"product_tag":[],"class_list":{"0":"post-76284","1":"product","2":"type-product","3":"status-publish","5":"product_cat-for-tourism-recreation","6":"product_cat-recreation","7":"product_cat-mattresses-and-travel-mats-for-tourism-recreation","8":"product_cat-self-inflating-mattresses-mattresses-and-travel-mats-for-tourism-recreation","10":"first","11":"instock","12":"shipping-taxable","13":"purchasable","14":"product-type-simple"},"_links":{"self":[{"href":"https:\/\/sezona.lv\/en\/wp-json\/wp\/v2\/product\/76284","targetHints":{"allow":["GET"]}}],"collection":[{"href":"https:\/\/sezona.lv\/en\/wp-json\/wp\/v2\/product"}],"about":[{"href":"https:\/\/sezona.lv\/en\/wp-json\/wp\/v2\/types\/product"}],"wp:attachment":[{"href":"https:\/\/sezona.lv\/en\/wp-json\/wp\/v2\/media?parent=76284"}],"wp:term":[{"taxonomy":"product_brand","embeddable":true,"href":"https:\/\/sezona.lv\/en\/wp-json\/wp\/v2\/product_brand?post=76284"},{"taxonomy":"product_cat","embeddable":true,"href":"https:\/\/sezona.lv\/en\/wp-json\/wp\/v2\/product_cat?post=76284"},{"taxonomy":"product_tag","embeddable":true,"href":"https:\/\/sezona.lv\/en\/wp-json\/wp\/v2\/product_tag?post=76284"}],"curies":[{"name":"wp","href":"https:\/\/api.w.org\/{rel}","templated":true}]}}