{"id":76286,"date":"2025-07-14T14:48:53","date_gmt":"2025-07-14T11:48:53","guid":{"rendered":"https:\/\/demo8.ecube.lv\/sezona.lv\/products\/summit-mat-extreme-long-matracis\/"},"modified":"2025-07-14T14:48:53","modified_gmt":"2025-07-14T11:48:53","slug":"summit-mat-extreme-long-matracis","status":"publish","type":"product","link":"https:\/\/sezona.lv\/en\/products\/summit-mat-extreme-long-matracis\/","title":{"rendered":"Summit Mat Extreme Long matracis"},"content":{"rendered":"<div class=\"rte\">\n<p>Ekstr\u0113m\u0101s s\u0113rijas superviegls, pa&scaron;piep\u016b&scaron;amais, \u010detru  sezonu pakl\u0101js. Viegli un \u0101tri piep\u016b&scaron;ams ar nesl\u012bdo&scaron;u virsmu. \u013boti  viegli sapakojams. Paredz\u0113ts lieto&scaron;anai skarbos apst\u0101k\u013cos. Pakl\u0101ji\u0146a  vidusda\u013c\u0101, zem \u0137erme\u0146a, papildus siltin\u0101jums. Tikai pie 2,5cm biezuma un  675gr svara, pakl\u0101ji\u0146a R v\u0113rt\u012bba sasniedz 2,4! Pateicoties kompaktumam  un zemajam svaram, tas lieti noder\u0113s alp\u012bnistiem, laivot\u0101jiem, velo  t\u016bristiem, un citiem piedz\u012bvojumu mekl\u0113t\u0101jiem, kuriem r\u016bp mazs tilpums  ar niec\u012bgu svaru, bet nevainojamu komfortu.<\/p>\n<h4>Specifik\u0101cija<\/h4>\n<p><strong>Virs\u0113jais materi\u0101ls<\/strong>: 75D Daimond Ripstop (viegls, \u016bdeni atgr\u016bdo&scaron;s, nodilumiztur\u012bgs) <br \/><strong>Pamatnes materi\u0101ls<\/strong>: Non-Slip B (nodro&scaron;ana pakl\u0101ji\u0146a nesl\u012bd\u0113&scaron;anu pa telts virsmu) <br \/><strong>Pild\u012bjums<\/strong>: Vieglas, termizol\u0113jo&scaron;as putas ar vertik\u0101l\u0101m un horizont\u0101l\u0101m gaisa kamer\u0101m. <br \/><strong>Izm\u0113ri<\/strong>: 183 x 51 x 2,5cm <br \/><strong>Sapakot\u0101 veid\u0101<\/strong>: 26,5 x 12,5 cm <br \/><strong>Svars<\/strong>: 675 grami <br \/><strong>Kr\u0101sa<\/strong>: Sarkana <br \/><strong>R-v\u0113rt\u012bba<\/strong>: 2,2-2,4<\/p>\n<\/div>\n<p>&nbsp;<\/p>\n<p>&nbsp;<\/p>\n","protected":false},"excerpt":{"rendered":"<p>Ekstr\u0113m\u0101s s\u0113rijas superviegls, pa&scaron;piep\u016b&scaron;amais, \u010detru sezonu pakl\u0101js. Viegli un \u0101tri piep\u016b&scaron;ams ar nesl\u012bdo&scaron;u virsmu. \u013boti viegli sapakojams. Paredz\u0113ts lieto&scaron;anai skarbos apst\u0101k\u013cos. Pakl\u0101ji\u0146a vidusda\u013c\u0101, zem \u0137erme\u0146a, papildus siltin\u0101jums. Tikai pie 2,5cm biezuma un 675gr svara, pakl\u0101ji\u0146a R v\u0113rt\u012bba sasniedz 2,4! Pateicoties kompaktumam un zemajam svaram, tas lieti noder\u0113s alp\u012bnistiem, laivot\u0101jiem, velo t\u016bristiem, un citiem piedz\u012bvojumu mekl\u0113t\u0101jiem, [&hellip;]<\/p>\n","protected":false},"featured_media":0,"template":"","meta":[],"product_brand":[],"product_cat":[4558,4640,4663,4772],"product_tag":[],"class_list":{"0":"post-76286","1":"product","2":"type-product","3":"status-publish","5":"product_cat-for-tourism-recreation","6":"product_cat-recreation","7":"product_cat-mattresses-and-travel-mats-for-tourism-recreation","8":"product_cat-self-inflating-mattresses-mattresses-and-travel-mats-for-tourism-recreation","10":"first","11":"instock","12":"shipping-taxable","13":"purchasable","14":"product-type-simple"},"_links":{"self":[{"href":"https:\/\/sezona.lv\/en\/wp-json\/wp\/v2\/product\/76286","targetHints":{"allow":["GET"]}}],"collection":[{"href":"https:\/\/sezona.lv\/en\/wp-json\/wp\/v2\/product"}],"about":[{"href":"https:\/\/sezona.lv\/en\/wp-json\/wp\/v2\/types\/product"}],"wp:attachment":[{"href":"https:\/\/sezona.lv\/en\/wp-json\/wp\/v2\/media?parent=76286"}],"wp:term":[{"taxonomy":"product_brand","embeddable":true,"href":"https:\/\/sezona.lv\/en\/wp-json\/wp\/v2\/product_brand?post=76286"},{"taxonomy":"product_cat","embeddable":true,"href":"https:\/\/sezona.lv\/en\/wp-json\/wp\/v2\/product_cat?post=76286"},{"taxonomy":"product_tag","embeddable":true,"href":"https:\/\/sezona.lv\/en\/wp-json\/wp\/v2\/product_tag?post=76286"}],"curies":[{"name":"wp","href":"https:\/\/api.w.org\/{rel}","templated":true}]}}