{"id":76287,"date":"2025-07-14T14:48:54","date_gmt":"2025-07-14T11:48:54","guid":{"rendered":"https:\/\/demo8.ecube.lv\/sezona.lv\/products\/summit-mat-camping-matracis\/"},"modified":"2025-07-14T14:48:54","modified_gmt":"2025-07-14T11:48:54","slug":"summit-mat-camping-matracis","status":"publish","type":"product","link":"https:\/\/sezona.lv\/en\/products\/summit-mat-camping-matracis\/","title":{"rendered":"Summit Mat Camping matracis"},"content":{"rendered":"<div class=\"rte\">\n<p>Univers\u0101ls, viegls un komfortabls pa&scaron;piep\u016b&scaron;amais  pakl\u0101js. Viegli un \u0101tri piep\u016b&scaron;ams ar nesl\u012bdo&scaron;u virsmu. \u013boti viegli  sapakojams. Popul\u0101r\u0101kis no SUMMIT MAT kompakto matra\u010du kl\u0101sta!  Pateicoties pakl\u0101ji\u0146a multifunkcionalit\u0101tei, kompaktumam un zemajam  svaram, to \u0113rti lietot gan sare\u017e\u0123\u012btos t\u016brisma mar&scaron;rutos, gan \u0123imenes  kempinga izbraucienos, gan citos pas\u0101kumos, kur prim\u0101rs ir nevainojams  komforts.<\/p>\n<h4>Specifik\u0101cija:<\/h4>\n<p><strong>Virs\u0113jais materi\u0101ls:<\/strong> 75D Daimond Ripstop (viegls, \u016bdeni atgr\u016bdo&scaron;s, nodilumiztur\u012bgs) <br \/><strong>Pamatnes materi\u0101ls<\/strong>: Non-Slip B (nodro&scaron;ana pakl\u0101ji\u0146a nesl\u012bd\u0113&scaron;anu pa telts virsmu) <br \/><strong>Pild\u012bjums<\/strong>: Vieglas, termizol\u0113jo&scaron;as putas ar vertik\u0101l\u0101m un horizont\u0101l\u0101m gaisa kamer\u0101m. <br \/><strong>Izm\u0113ri<\/strong>: 183 x 51 x 3,8 cm <br \/><strong>Sapakot\u0101 veid\u0101<\/strong>: 27 x 15 cm <br \/><strong>Svars<\/strong>: 830 grami <br \/><strong>R-v\u0113rt\u012bba<\/strong>: 3,8<\/p>\n<\/div>\n<p>&nbsp;<\/p>\n<p>&nbsp;<\/p>\n","protected":false},"excerpt":{"rendered":"<p>Univers\u0101ls, viegls un komfortabls pa&scaron;piep\u016b&scaron;amais pakl\u0101js. Viegli un \u0101tri piep\u016b&scaron;ams ar nesl\u012bdo&scaron;u virsmu. \u013boti viegli sapakojams. Popul\u0101r\u0101kis no SUMMIT MAT kompakto matra\u010du kl\u0101sta! Pateicoties pakl\u0101ji\u0146a multifunkcionalit\u0101tei, kompaktumam un zemajam svaram, to \u0113rti lietot gan sare\u017e\u0123\u012btos t\u016brisma mar&scaron;rutos, gan \u0123imenes kempinga izbraucienos, gan citos pas\u0101kumos, kur prim\u0101rs ir nevainojams komforts. Specifik\u0101cija: Virs\u0113jais materi\u0101ls: 75D Daimond Ripstop [&hellip;]<\/p>\n","protected":false},"featured_media":0,"template":"","meta":[],"product_brand":[],"product_cat":[4558,4663,4772],"product_tag":[],"class_list":{"0":"post-76287","1":"product","2":"type-product","3":"status-publish","5":"product_cat-for-tourism-recreation","6":"product_cat-mattresses-and-travel-mats-for-tourism-recreation","7":"product_cat-self-inflating-mattresses-mattresses-and-travel-mats-for-tourism-recreation","9":"first","10":"instock","11":"shipping-taxable","12":"purchasable","13":"product-type-simple"},"_links":{"self":[{"href":"https:\/\/sezona.lv\/en\/wp-json\/wp\/v2\/product\/76287","targetHints":{"allow":["GET"]}}],"collection":[{"href":"https:\/\/sezona.lv\/en\/wp-json\/wp\/v2\/product"}],"about":[{"href":"https:\/\/sezona.lv\/en\/wp-json\/wp\/v2\/types\/product"}],"wp:attachment":[{"href":"https:\/\/sezona.lv\/en\/wp-json\/wp\/v2\/media?parent=76287"}],"wp:term":[{"taxonomy":"product_brand","embeddable":true,"href":"https:\/\/sezona.lv\/en\/wp-json\/wp\/v2\/product_brand?post=76287"},{"taxonomy":"product_cat","embeddable":true,"href":"https:\/\/sezona.lv\/en\/wp-json\/wp\/v2\/product_cat?post=76287"},{"taxonomy":"product_tag","embeddable":true,"href":"https:\/\/sezona.lv\/en\/wp-json\/wp\/v2\/product_tag?post=76287"}],"curies":[{"name":"wp","href":"https:\/\/api.w.org\/{rel}","templated":true}]}}