{"id":76289,"date":"2025-07-11T15:42:20","date_gmt":"2025-07-11T12:42:20","guid":{"rendered":"https:\/\/demo8.ecube.lv\/sezona.lv\/products\/esbit-karote-titan-foldable-ti-spork\/"},"modified":"2025-07-14T14:48:55","modified_gmt":"2025-07-14T11:48:55","slug":"esbit-karote-titan-foldable-ti-spork","status":"publish","type":"product","link":"https:\/\/sezona.lv\/en\/products\/esbit-karote-titan-foldable-ti-spork\/","title":{"rendered":"Esbit Karote Titan Foldable TI Spork"},"content":{"rendered":"<div class=\"rte\">\n<p>Nesp\u0113j izv\u0113l\u0113ties dak&scaron;u vai karoti?! Ir risin\u0101jums &#8211;  jauna dizaina Esbit tit\u0101na &#8220;sporks&#8221; jeb dak&scaron;karote ir teicams \u0113damr\u012bks  jebkuram piedz\u012bvojumam.<\/p>\n<h4>Specifik\u0101cija:<\/h4>\n<p><strong>Materi\u0101ls<\/strong>: Tit\u0101ns <br \/><strong>Svars<\/strong>: 17 grami <br \/><strong>Salikt\u0101 veid\u0101<\/strong>: 39mm x 104mm<\/p>\n<\/div>\n","protected":false},"excerpt":{"rendered":"<p>Nesp\u0113j izv\u0113l\u0113ties dak&scaron;u vai karoti?! Ir risin\u0101jums &#8211; jauna dizaina Esbit tit\u0101na &#8220;sporks&#8221; jeb dak&scaron;karote ir teicams \u0113damr\u012bks jebkuram piedz\u012bvojumam. Specifik\u0101cija: Materi\u0101ls: Tit\u0101ns Svars: 17 grami Salikt\u0101 veid\u0101: 39mm x 104mm<\/p>\n","protected":false},"featured_media":60798,"template":"","meta":[],"product_brand":[941],"product_cat":[4558,4571,4732],"product_tag":[],"class_list":{"0":"post-76289","1":"product","2":"type-product","3":"status-publish","4":"has-post-thumbnail","6":"product_brand-esbit","7":"product_cat-for-tourism-recreation","8":"product_cat-dishes-knives-folding-tables-for-tourism-recreation","9":"product_cat-cutlery-dishes-knives-folding-tables-for-tourism-recreation","11":"first","12":"instock","13":"shipping-taxable","14":"purchasable","15":"product-type-simple"},"_links":{"self":[{"href":"https:\/\/sezona.lv\/en\/wp-json\/wp\/v2\/product\/76289","targetHints":{"allow":["GET"]}}],"collection":[{"href":"https:\/\/sezona.lv\/en\/wp-json\/wp\/v2\/product"}],"about":[{"href":"https:\/\/sezona.lv\/en\/wp-json\/wp\/v2\/types\/product"}],"wp:featuredmedia":[{"embeddable":true,"href":"https:\/\/sezona.lv\/en\/wp-json\/wp\/v2\/media\/60798"}],"wp:attachment":[{"href":"https:\/\/sezona.lv\/en\/wp-json\/wp\/v2\/media?parent=76289"}],"wp:term":[{"taxonomy":"product_brand","embeddable":true,"href":"https:\/\/sezona.lv\/en\/wp-json\/wp\/v2\/product_brand?post=76289"},{"taxonomy":"product_cat","embeddable":true,"href":"https:\/\/sezona.lv\/en\/wp-json\/wp\/v2\/product_cat?post=76289"},{"taxonomy":"product_tag","embeddable":true,"href":"https:\/\/sezona.lv\/en\/wp-json\/wp\/v2\/product_tag?post=76289"}],"curies":[{"name":"wp","href":"https:\/\/api.w.org\/{rel}","templated":true}]}}