{"id":76293,"date":"2025-07-11T15:42:28","date_gmt":"2025-07-11T12:42:28","guid":{"rendered":"https:\/\/demo8.ecube.lv\/sezona.lv\/products\/victorinox-nazis-outrider\/"},"modified":"2025-07-14T14:48:58","modified_gmt":"2025-07-14T11:48:58","slug":"victorinox-nazis-outrider","status":"publish","type":"product","link":"https:\/\/sezona.lv\/en\/products\/victorinox-nazis-outrider\/","title":{"rendered":"Victorinox Nazis Outrider"},"content":{"rendered":"<div class=\"rte\">\n<p>Liels, ori\u0123in\u0101lais &Scaron;veices armijas nazis ar &scaron;\u0137\u0113r\u0113m.  Izgatavots no kvalitat\u012bva ner\u016bs\u0113jo&scaron;a t\u0113rauda. &Scaron;im modelim ir nofiks\u0113jams  asmens. At&scaron;\u0137ir\u012bb\u0101 no iepriek&scaron;\u0113j\u0101 mode\u013ca, &scaron;im nazim fiksators ir ar  pl\u0101ksn\u012bti, nevis ar pogu k\u0101 iepriek&scaron;\u0113jam modelim. Ra\u017eots &Scaron;veic\u0113.<\/p>\n<h4>Specifik\u0101cija:<\/h4>\n<table style=\"height: 65px\" border=\"0\" width=\"560\">\n<tbody>\n<tr>\n<td><strong>Izm\u0113rs:<\/strong><\/td>\n<td>111 x 21.5 mm<\/td>\n<\/tr>\n<tr>\n<td><strong>Svars:<\/strong><\/td>\n<td>156 grami<\/td>\n<\/tr>\n<tr>\n<td><strong>Materi\u0101ls:<\/strong><\/td>\n<td>Ner\u016bs\u0113jo&scaron;s t\u0113rauds<\/td>\n<\/tr>\n<\/tbody>\n<\/table>\n<h4>Funkcijas:<\/h4>\n<p>1. Liels, fiks\u0113jams asmens<br \/>2. Pude\u013cu attais\u0101mais<br \/>3. 5mm fiks\u0113jams skr\u016bvgriezis<br \/>4. Vadu izol\u0101cijas no\u0146\u0113m\u0113js<br \/>5. Z\u0101\u0123is kokam<br \/>6. Konservu attais\u0101mais<br \/>7. 3mm skr\u016bvgriezis<br \/>8. \u012al\u0113ns<br \/>9. Kor\u0137uvi\u013c\u0137is<br \/>10. Gar&scaron;s + skr\u016bvgriezis 0\/1<br \/>11. &Scaron;\u0137\u0113res<br \/>12. Pincete<br \/>13. Zobu bakst\u0101mais<br \/>14. Ri\u0146\u0137is atsl\u0113g\u0101m<\/p>\n<p>&nbsp;<\/p>\n<\/div>\n","protected":false},"excerpt":{"rendered":"<p>Liels, ori\u0123in\u0101lais &Scaron;veices armijas nazis ar &scaron;\u0137\u0113r\u0113m. Izgatavots no kvalitat\u012bva ner\u016bs\u0113jo&scaron;a t\u0113rauda. &Scaron;im modelim ir nofiks\u0113jams asmens. At&scaron;\u0137ir\u012bb\u0101 no iepriek&scaron;\u0113j\u0101 mode\u013ca, &scaron;im nazim fiksators ir ar pl\u0101ksn\u012bti, nevis ar pogu k\u0101 iepriek&scaron;\u0113jam modelim. Ra\u017eots &Scaron;veic\u0113. Specifik\u0101cija: Izm\u0113rs: 111 x 21.5 mm Svars: 156 grami Materi\u0101ls: Ner\u016bs\u0113jo&scaron;s t\u0113rauds Funkcijas: 1. Liels, fiks\u0113jams asmens2. Pude\u013cu attais\u0101mais3. 5mm [&hellip;]<\/p>\n","protected":false},"featured_media":60812,"template":"","meta":[],"product_brand":[54],"product_cat":[4558,4571,4734],"product_tag":[],"class_list":{"0":"post-76293","1":"product","2":"type-product","3":"status-publish","4":"has-post-thumbnail","6":"product_brand-victorinox","7":"product_cat-for-tourism-recreation","8":"product_cat-dishes-knives-folding-tables-for-tourism-recreation","9":"product_cat-swiss-knives-dishes-knives-folding-tables-for-tourism-recreation","11":"first","12":"instock","13":"shipping-taxable","14":"purchasable","15":"product-type-simple"},"_links":{"self":[{"href":"https:\/\/sezona.lv\/en\/wp-json\/wp\/v2\/product\/76293","targetHints":{"allow":["GET"]}}],"collection":[{"href":"https:\/\/sezona.lv\/en\/wp-json\/wp\/v2\/product"}],"about":[{"href":"https:\/\/sezona.lv\/en\/wp-json\/wp\/v2\/types\/product"}],"wp:featuredmedia":[{"embeddable":true,"href":"https:\/\/sezona.lv\/en\/wp-json\/wp\/v2\/media\/60812"}],"wp:attachment":[{"href":"https:\/\/sezona.lv\/en\/wp-json\/wp\/v2\/media?parent=76293"}],"wp:term":[{"taxonomy":"product_brand","embeddable":true,"href":"https:\/\/sezona.lv\/en\/wp-json\/wp\/v2\/product_brand?post=76293"},{"taxonomy":"product_cat","embeddable":true,"href":"https:\/\/sezona.lv\/en\/wp-json\/wp\/v2\/product_cat?post=76293"},{"taxonomy":"product_tag","embeddable":true,"href":"https:\/\/sezona.lv\/en\/wp-json\/wp\/v2\/product_tag?post=76293"}],"curies":[{"name":"wp","href":"https:\/\/api.w.org\/{rel}","templated":true}]}}