{"id":76294,"date":"2025-07-11T15:42:29","date_gmt":"2025-07-11T12:42:29","guid":{"rendered":"https:\/\/demo8.ecube.lv\/sezona.lv\/products\/victorinox-nazis-sentinel-one-hand\/"},"modified":"2025-07-14T14:48:59","modified_gmt":"2025-07-14T11:48:59","slug":"victorinox-nazis-sentinel-one-hand","status":"publish","type":"product","link":"https:\/\/sezona.lv\/en\/products\/victorinox-nazis-sentinel-one-hand\/","title":{"rendered":"Victorinox Nazis Sentinel One Hand"},"content":{"rendered":"<div class=\"rte\">\n<p>Sentinel One Hand ir ori\u0123in\u0101lais &Scaron;veices armijas  nazis. Izgatavots no kvalitat\u012bva ner\u016bs\u0113jo&scaron;a t\u0113rauda. Atverams ar vienu  roku. &Scaron;im modelim ir nofiks\u0113jams asmens. Ra\u017eots &Scaron;veic\u0113.<\/p>\n<h4>Specifik\u0101cija:<\/h4>\n<p><strong>Materi\u0101ls:<\/strong> ner\u016bs\u0113jo&scaron;ais t\u0113rauds <br \/><strong>Izm\u0113rs:<\/strong> 111mm x 35mm x 12mm <br \/><strong>Svars:<\/strong>&nbsp;72grami <br \/><strong>Kr\u0101sa:<\/strong> melna<\/p>\n<h4>Funkcijas:<\/h4>\n<p>1. Zobu bakst\u0101mais <br \/>2. Pincet\u012bte <br \/>3. Fiks\u0113jams lielais asmens<\/p>\n<\/div>\n<p>&nbsp;<\/p>\n<p>&nbsp;<\/p>\n","protected":false},"excerpt":{"rendered":"<p>Sentinel One Hand ir ori\u0123in\u0101lais &Scaron;veices armijas nazis. Izgatavots no kvalitat\u012bva ner\u016bs\u0113jo&scaron;a t\u0113rauda. Atverams ar vienu roku. &Scaron;im modelim ir nofiks\u0113jams asmens. Ra\u017eots &Scaron;veic\u0113. Specifik\u0101cija: Materi\u0101ls: ner\u016bs\u0113jo&scaron;ais t\u0113rauds Izm\u0113rs: 111mm x 35mm x 12mm Svars:&nbsp;72grami Kr\u0101sa: melna Funkcijas: 1. Zobu bakst\u0101mais 2. Pincet\u012bte 3. Fiks\u0113jams lielais asmens &nbsp; &nbsp;<\/p>\n","protected":false},"featured_media":60815,"template":"","meta":[],"product_brand":[54],"product_cat":[4558,4571,4734],"product_tag":[],"class_list":{"0":"post-76294","1":"product","2":"type-product","3":"status-publish","4":"has-post-thumbnail","6":"product_brand-victorinox","7":"product_cat-for-tourism-recreation","8":"product_cat-dishes-knives-folding-tables-for-tourism-recreation","9":"product_cat-swiss-knives-dishes-knives-folding-tables-for-tourism-recreation","11":"first","12":"instock","13":"shipping-taxable","14":"purchasable","15":"product-type-simple"},"_links":{"self":[{"href":"https:\/\/sezona.lv\/en\/wp-json\/wp\/v2\/product\/76294","targetHints":{"allow":["GET"]}}],"collection":[{"href":"https:\/\/sezona.lv\/en\/wp-json\/wp\/v2\/product"}],"about":[{"href":"https:\/\/sezona.lv\/en\/wp-json\/wp\/v2\/types\/product"}],"wp:featuredmedia":[{"embeddable":true,"href":"https:\/\/sezona.lv\/en\/wp-json\/wp\/v2\/media\/60815"}],"wp:attachment":[{"href":"https:\/\/sezona.lv\/en\/wp-json\/wp\/v2\/media?parent=76294"}],"wp:term":[{"taxonomy":"product_brand","embeddable":true,"href":"https:\/\/sezona.lv\/en\/wp-json\/wp\/v2\/product_brand?post=76294"},{"taxonomy":"product_cat","embeddable":true,"href":"https:\/\/sezona.lv\/en\/wp-json\/wp\/v2\/product_cat?post=76294"},{"taxonomy":"product_tag","embeddable":true,"href":"https:\/\/sezona.lv\/en\/wp-json\/wp\/v2\/product_tag?post=76294"}],"curies":[{"name":"wp","href":"https:\/\/api.w.org\/{rel}","templated":true}]}}