{"id":76297,"date":"2025-07-11T15:42:32","date_gmt":"2025-07-11T12:42:32","guid":{"rendered":"https:\/\/demo8.ecube.lv\/sezona.lv\/products\/victorinox-nazis-trailmaster\/"},"modified":"2025-07-14T14:49:02","modified_gmt":"2025-07-14T11:49:02","slug":"victorinox-nazis-trailmaster","status":"publish","type":"product","link":"https:\/\/sezona.lv\/en\/products\/victorinox-nazis-trailmaster\/","title":{"rendered":"Victorinox Nazis Trailmaster"},"content":{"rendered":"<div class=\"rte\">\n<p>Ori\u0123in\u0101lais &Scaron;veices armijas nazis. Izgatavots no  kvalitat\u012bva ner\u016bs\u0113jo&scaron;a t\u0113rauda. &Scaron;im modelim ir nofiks\u0113jams asmens un  z\u0101\u0123\u012btis. Viss kas nepiecie&scaron;ams kvalitat\u012bvai atp\u016btai pie dabas. Ra\u017eots  &Scaron;veic\u0113.<\/p>\n<h4>Specifik\u0101cija:<\/h4>\n<p><strong>Materi\u0101ls:<\/strong> ner\u016bs\u0113jo&scaron;ais t\u0113rauds<br \/><strong>Izm\u0113rs:<\/strong> 111mm x 32mm x 18mm <br \/><strong>Kr\u0101sa:<\/strong> melna<\/p>\n<h4>Funkcijas:<\/h4>\n<p>1. Konservu attais\u0101mais <br \/>2. Mazais plakanais skr\u016bvgriezis <br \/>3. Krusti\u0146 skr\u016bvgrieznis <br \/>4. \u012alens <br \/>5. Zobu bakst\u0101mais <br \/>6. Pincet\u012bte <br \/>7. Fiks\u0113jams lielais asmens <br \/>8. Pude\u013cu attais\u0101mais <br \/>9. Fiks\u0113jams lielais plakanais skr\u016bvgriezis <br \/>11. Z\u0101\u0123\u012btis<\/p>\n<\/div>\n","protected":false},"excerpt":{"rendered":"<p>Ori\u0123in\u0101lais &Scaron;veices armijas nazis. Izgatavots no kvalitat\u012bva ner\u016bs\u0113jo&scaron;a t\u0113rauda. &Scaron;im modelim ir nofiks\u0113jams asmens un z\u0101\u0123\u012btis. Viss kas nepiecie&scaron;ams kvalitat\u012bvai atp\u016btai pie dabas. Ra\u017eots &Scaron;veic\u0113. Specifik\u0101cija: Materi\u0101ls: ner\u016bs\u0113jo&scaron;ais t\u0113raudsIzm\u0113rs: 111mm x 32mm x 18mm Kr\u0101sa: melna Funkcijas: 1. Konservu attais\u0101mais 2. Mazais plakanais skr\u016bvgriezis 3. Krusti\u0146 skr\u016bvgrieznis 4. \u012alens 5. Zobu bakst\u0101mais 6. Pincet\u012bte 7. [&hellip;]<\/p>\n","protected":false},"featured_media":60824,"template":"","meta":[],"product_brand":[54],"product_cat":[4558,4571,4734],"product_tag":[],"class_list":{"0":"post-76297","1":"product","2":"type-product","3":"status-publish","4":"has-post-thumbnail","6":"product_brand-victorinox","7":"product_cat-for-tourism-recreation","8":"product_cat-dishes-knives-folding-tables-for-tourism-recreation","9":"product_cat-swiss-knives-dishes-knives-folding-tables-for-tourism-recreation","11":"first","12":"instock","13":"shipping-taxable","14":"purchasable","15":"product-type-simple"},"_links":{"self":[{"href":"https:\/\/sezona.lv\/en\/wp-json\/wp\/v2\/product\/76297","targetHints":{"allow":["GET"]}}],"collection":[{"href":"https:\/\/sezona.lv\/en\/wp-json\/wp\/v2\/product"}],"about":[{"href":"https:\/\/sezona.lv\/en\/wp-json\/wp\/v2\/types\/product"}],"wp:featuredmedia":[{"embeddable":true,"href":"https:\/\/sezona.lv\/en\/wp-json\/wp\/v2\/media\/60824"}],"wp:attachment":[{"href":"https:\/\/sezona.lv\/en\/wp-json\/wp\/v2\/media?parent=76297"}],"wp:term":[{"taxonomy":"product_brand","embeddable":true,"href":"https:\/\/sezona.lv\/en\/wp-json\/wp\/v2\/product_brand?post=76297"},{"taxonomy":"product_cat","embeddable":true,"href":"https:\/\/sezona.lv\/en\/wp-json\/wp\/v2\/product_cat?post=76297"},{"taxonomy":"product_tag","embeddable":true,"href":"https:\/\/sezona.lv\/en\/wp-json\/wp\/v2\/product_tag?post=76297"}],"curies":[{"name":"wp","href":"https:\/\/api.w.org\/{rel}","templated":true}]}}