{"id":76298,"date":"2025-07-14T14:49:04","date_gmt":"2025-07-14T11:49:04","guid":{"rendered":"https:\/\/demo8.ecube.lv\/sezona.lv\/products\/victorinox-nazis-classic-sd\/"},"modified":"2025-07-14T14:49:04","modified_gmt":"2025-07-14T11:49:04","slug":"victorinox-nazis-classic-sd","status":"publish","type":"product","link":"https:\/\/sezona.lv\/en\/products\/victorinox-nazis-classic-sd\/","title":{"rendered":"Victorinox Nazis Classic SD"},"content":{"rendered":"<div class=\"rte\">\n<p>Victorinox Classic univers\u0101lais mazais kabatas  nazis. Multifunkcion\u0101ls nazis Victorinox Classic apvieno sev\u012b 6 da\u017e\u0101das  funkcijas.<\/p>\n<h4>Funkcija:<\/h4>\n<p>1. mazs nazis <br \/>2. &scaron;\u0137\u0113res <br \/>3. v\u012bl\u012bte <br \/>4. atsl\u0113gu piekari\u0146&scaron; <br \/>5. pincete <br \/>6. zobu bakst\u0101mais<\/p>\n<h4>Specifik\u0101cija:<\/h4>\n<p><strong>Asmenis:<\/strong> ner\u016bs\u0113jo&scaron;\u0101 t\u0113rauda. <br \/><strong>Kr\u0101sa:<\/strong> sarkana. Izm\u0113rs\/Svars&nbsp; <br \/><strong>Garums:<\/strong> 56 mm <br \/><strong>Platums:<\/strong> 18 mm <br \/><strong>Augstums:<\/strong> 9 mm <br \/><strong>Svars:<\/strong> 72 g<\/p>\n<\/div>\n","protected":false},"excerpt":{"rendered":"<p>Victorinox Classic univers\u0101lais mazais kabatas nazis. Multifunkcion\u0101ls nazis Victorinox Classic apvieno sev\u012b 6 da\u017e\u0101das funkcijas. Funkcija: 1. mazs nazis 2. &scaron;\u0137\u0113res 3. v\u012bl\u012bte 4. atsl\u0113gu piekari\u0146&scaron; 5. pincete 6. zobu bakst\u0101mais Specifik\u0101cija: Asmenis: ner\u016bs\u0113jo&scaron;\u0101 t\u0113rauda. Kr\u0101sa: sarkana. Izm\u0113rs\/Svars&nbsp; Garums: 56 mm Platums: 18 mm Augstums: 9 mm Svars: 72 g<\/p>\n","protected":false},"featured_media":0,"template":"","meta":[],"product_brand":[54],"product_cat":[4558,4571,4734],"product_tag":[],"class_list":{"0":"post-76298","1":"product","2":"type-product","3":"status-publish","5":"product_brand-victorinox","6":"product_cat-for-tourism-recreation","7":"product_cat-dishes-knives-folding-tables-for-tourism-recreation","8":"product_cat-swiss-knives-dishes-knives-folding-tables-for-tourism-recreation","10":"first","11":"instock","12":"shipping-taxable","13":"purchasable","14":"product-type-simple"},"_links":{"self":[{"href":"https:\/\/sezona.lv\/en\/wp-json\/wp\/v2\/product\/76298","targetHints":{"allow":["GET"]}}],"collection":[{"href":"https:\/\/sezona.lv\/en\/wp-json\/wp\/v2\/product"}],"about":[{"href":"https:\/\/sezona.lv\/en\/wp-json\/wp\/v2\/types\/product"}],"wp:attachment":[{"href":"https:\/\/sezona.lv\/en\/wp-json\/wp\/v2\/media?parent=76298"}],"wp:term":[{"taxonomy":"product_brand","embeddable":true,"href":"https:\/\/sezona.lv\/en\/wp-json\/wp\/v2\/product_brand?post=76298"},{"taxonomy":"product_cat","embeddable":true,"href":"https:\/\/sezona.lv\/en\/wp-json\/wp\/v2\/product_cat?post=76298"},{"taxonomy":"product_tag","embeddable":true,"href":"https:\/\/sezona.lv\/en\/wp-json\/wp\/v2\/product_tag?post=76298"}],"curies":[{"name":"wp","href":"https:\/\/api.w.org\/{rel}","templated":true}]}}