{"id":76299,"date":"2025-07-11T15:42:35","date_gmt":"2025-07-11T12:42:35","guid":{"rendered":"https:\/\/demo8.ecube.lv\/sezona.lv\/products\/victorinox-nazis-rambler\/"},"modified":"2025-07-14T14:49:07","modified_gmt":"2025-07-14T11:49:07","slug":"victorinox-nazis-rambler","status":"publish","type":"product","link":"https:\/\/sezona.lv\/en\/products\/victorinox-nazis-rambler\/","title":{"rendered":"Victorinox Nazis Rambler"},"content":{"rendered":"<div class=\"rte\">\n<p>Ori\u0123in\u0101lais &Scaron;veices armijas nazis. Izgatavots no  kvalitat\u012bva ner\u016bs\u0113jo&scaron;a t\u0113rauda. &Scaron;im modelim ir magn\u0113tisks krusti\u0146a tipa  skr\u016bvgrieznis. Viss kas nepiecie&scaron;ams kvalitat\u012bvai atp\u016btai pie dabas.  Ra\u017eots &Scaron;veic\u0113.<\/p>\n<h4>Specifik\u0101cija:<\/h4>\n<p><strong>Materi\u0101ls:<\/strong> ner\u016bs\u0113jo&scaron;ais t\u0113rauds <br \/><strong>Izm\u0113rs:<\/strong> 58mm x 19.5mm x 10.5mm <br \/><strong>Kr\u0101sa:<\/strong> sarkana<\/p>\n<h4>Funkcijas:<\/h4>\n<p>1. Nagu v\u012bl\u012bte <br \/>2. Krusti\u0146a tipa skr\u016bvgrieznis <br \/>3. Zobu bakst\u0101mais <br \/>4. Pincet\u012bte <br \/>5. Asmens <br \/>6. &Scaron;\u0137\u0113res<\/p>\n<\/div>\n","protected":false},"excerpt":{"rendered":"<p>Ori\u0123in\u0101lais &Scaron;veices armijas nazis. Izgatavots no kvalitat\u012bva ner\u016bs\u0113jo&scaron;a t\u0113rauda. &Scaron;im modelim ir magn\u0113tisks krusti\u0146a tipa skr\u016bvgrieznis. Viss kas nepiecie&scaron;ams kvalitat\u012bvai atp\u016btai pie dabas. Ra\u017eots &Scaron;veic\u0113. Specifik\u0101cija: Materi\u0101ls: ner\u016bs\u0113jo&scaron;ais t\u0113rauds Izm\u0113rs: 58mm x 19.5mm x 10.5mm Kr\u0101sa: sarkana Funkcijas: 1. Nagu v\u012bl\u012bte 2. Krusti\u0146a tipa skr\u016bvgrieznis 3. Zobu bakst\u0101mais 4. Pincet\u012bte 5. Asmens 6. &Scaron;\u0137\u0113res<\/p>\n","protected":false},"featured_media":60835,"template":"","meta":[],"product_brand":[54],"product_cat":[4558,4571,4734],"product_tag":[],"class_list":{"0":"post-76299","1":"product","2":"type-product","3":"status-publish","4":"has-post-thumbnail","6":"product_brand-victorinox","7":"product_cat-for-tourism-recreation","8":"product_cat-dishes-knives-folding-tables-for-tourism-recreation","9":"product_cat-swiss-knives-dishes-knives-folding-tables-for-tourism-recreation","11":"first","12":"instock","13":"shipping-taxable","14":"purchasable","15":"product-type-simple"},"_links":{"self":[{"href":"https:\/\/sezona.lv\/en\/wp-json\/wp\/v2\/product\/76299","targetHints":{"allow":["GET"]}}],"collection":[{"href":"https:\/\/sezona.lv\/en\/wp-json\/wp\/v2\/product"}],"about":[{"href":"https:\/\/sezona.lv\/en\/wp-json\/wp\/v2\/types\/product"}],"wp:featuredmedia":[{"embeddable":true,"href":"https:\/\/sezona.lv\/en\/wp-json\/wp\/v2\/media\/60835"}],"wp:attachment":[{"href":"https:\/\/sezona.lv\/en\/wp-json\/wp\/v2\/media?parent=76299"}],"wp:term":[{"taxonomy":"product_brand","embeddable":true,"href":"https:\/\/sezona.lv\/en\/wp-json\/wp\/v2\/product_brand?post=76299"},{"taxonomy":"product_cat","embeddable":true,"href":"https:\/\/sezona.lv\/en\/wp-json\/wp\/v2\/product_cat?post=76299"},{"taxonomy":"product_tag","embeddable":true,"href":"https:\/\/sezona.lv\/en\/wp-json\/wp\/v2\/product_tag?post=76299"}],"curies":[{"name":"wp","href":"https:\/\/api.w.org\/{rel}","templated":true}]}}