{"id":76300,"date":"2025-07-14T14:49:08","date_gmt":"2025-07-14T11:49:08","guid":{"rendered":"https:\/\/demo8.ecube.lv\/sezona.lv\/products\/victorinox-nazis-waiter\/"},"modified":"2025-07-14T14:49:08","modified_gmt":"2025-07-14T11:49:08","slug":"victorinox-nazis-waiter","status":"publish","type":"product","link":"https:\/\/sezona.lv\/en\/products\/victorinox-nazis-waiter\/","title":{"rendered":"Victorinox Nazis Waiter"},"content":{"rendered":"<div class=\"rte\">\n<p>Ori\u0123in\u0101lais &Scaron;veices armijas nazis. Izgatavots no kvalitat\u012bva ner\u016bs\u0113jo&scaron;a t\u0113rauda. Ra\u017eots &Scaron;veic\u0113.<\/p>\n<h4>Funkcijas:<\/h4>\n<p>1. Lielais asmenis. <br \/>2. Pude\u013cu atais\u0101mais. <br \/>3. Konservu atais\u0101mais. <br \/>4. Skr\u016bvgriezis. <br \/>5. Stiep\u013cu at\u012br\u012bt\u0101js. <br \/>6. Kor\u0137a vi\u013c\u0137is. <br \/>7. Atsl\u0113gas ri\u0146\u0137is. <br \/>8. Zobu bakst\u0101mais. <br \/>9. Pincete.<\/p>\n<h4>Citas \u012bpa&scaron;\u012bbas:<\/h4>\n<p><strong>Asmenis<\/strong>: ner\u016bs\u0113jo&scaron;\u0101 t\u0113rauda <br \/><strong>Garums<\/strong>: 84mm. <br \/><strong>Platums<\/strong>: 26mm.<br \/><strong>Augstums<\/strong>: 12.5mm. <br \/><strong>Svars<\/strong>: 72gr.<\/p>\n<\/div>\n","protected":false},"excerpt":{"rendered":"<p>Ori\u0123in\u0101lais &Scaron;veices armijas nazis. Izgatavots no kvalitat\u012bva ner\u016bs\u0113jo&scaron;a t\u0113rauda. Ra\u017eots &Scaron;veic\u0113. Funkcijas: 1. Lielais asmenis. 2. Pude\u013cu atais\u0101mais. 3. Konservu atais\u0101mais. 4. Skr\u016bvgriezis. 5. Stiep\u013cu at\u012br\u012bt\u0101js. 6. Kor\u0137a vi\u013c\u0137is. 7. Atsl\u0113gas ri\u0146\u0137is. 8. Zobu bakst\u0101mais. 9. Pincete. Citas \u012bpa&scaron;\u012bbas: Asmenis: ner\u016bs\u0113jo&scaron;\u0101 t\u0113rauda Garums: 84mm. Platums: 26mm.Augstums: 12.5mm. Svars: 72gr.<\/p>\n","protected":false},"featured_media":0,"template":"","meta":[],"product_brand":[54],"product_cat":[4558,4571,4734],"product_tag":[],"class_list":{"0":"post-76300","1":"product","2":"type-product","3":"status-publish","5":"product_brand-victorinox","6":"product_cat-for-tourism-recreation","7":"product_cat-dishes-knives-folding-tables-for-tourism-recreation","8":"product_cat-swiss-knives-dishes-knives-folding-tables-for-tourism-recreation","10":"first","11":"instock","12":"shipping-taxable","13":"purchasable","14":"product-type-simple"},"_links":{"self":[{"href":"https:\/\/sezona.lv\/en\/wp-json\/wp\/v2\/product\/76300","targetHints":{"allow":["GET"]}}],"collection":[{"href":"https:\/\/sezona.lv\/en\/wp-json\/wp\/v2\/product"}],"about":[{"href":"https:\/\/sezona.lv\/en\/wp-json\/wp\/v2\/types\/product"}],"wp:attachment":[{"href":"https:\/\/sezona.lv\/en\/wp-json\/wp\/v2\/media?parent=76300"}],"wp:term":[{"taxonomy":"product_brand","embeddable":true,"href":"https:\/\/sezona.lv\/en\/wp-json\/wp\/v2\/product_brand?post=76300"},{"taxonomy":"product_cat","embeddable":true,"href":"https:\/\/sezona.lv\/en\/wp-json\/wp\/v2\/product_cat?post=76300"},{"taxonomy":"product_tag","embeddable":true,"href":"https:\/\/sezona.lv\/en\/wp-json\/wp\/v2\/product_tag?post=76300"}],"curies":[{"name":"wp","href":"https:\/\/api.w.org\/{rel}","templated":true}]}}