{"id":76305,"date":"2025-07-14T14:49:12","date_gmt":"2025-07-14T11:49:12","guid":{"rendered":"https:\/\/demo8.ecube.lv\/sezona.lv\/products\/victorinox-nazis-camper\/"},"modified":"2025-07-14T14:49:12","modified_gmt":"2025-07-14T11:49:12","slug":"victorinox-nazis-camper","status":"publish","type":"product","link":"https:\/\/sezona.lv\/en\/products\/victorinox-nazis-camper\/","title":{"rendered":"Victorinox Nazis Camper"},"content":{"rendered":"<div class=\"rte\">\n<p>Ori\u0123in\u0101lais &Scaron;veices armijas nazis. Izgatavots no  kvalitat\u012bva ner\u016bs\u0113jo&scaron;a t\u0113rauda. &Scaron;is modelis ir apr\u012bkots ar vis\u0101m  nepiecie&scaron;amaj\u0101m liet\u0101m, kas ir nepiecie&scaron;amas dodoties treking\u0101,  p\u0101rg\u0101jien\u0101 vai vienk\u0101r&scaron;i ned\u0113\u013cas nogalei kemping\u0101. &Scaron;is nazis b\u016bs tikpat  noder\u012bgs k\u0101 gu\u013cammais un degl\u012btis. Lieliski noder\u0113s ikdien\u0101. Ra\u017eots  &Scaron;veic\u0113.<\/p>\n<h4>Specifik\u0101cija:<\/h4>\n<p><strong>Materi\u0101ls:<\/strong> ner\u016bs\u0113jo&scaron;ais t\u0113rauds <br \/><strong>Izm\u0113rs:<\/strong>&nbsp;91mm x 27mm x 18mm <br \/><strong>Kr\u0101sa:<\/strong> sarkana<\/p>\n<h4>Funkcijas:<\/h4>\n<p>1. Konservu attais\u0101mais <br \/>2. Mazais plakanais skr\u016bvgriezis <br \/>3. Kor\u0137vi\u013c\u0137is <br \/>4. \u012alens <br \/>5. Zobu bakst\u0101mais <br \/>6. Pincet\u012bte <br \/>7. Lielais asmens <br \/>8. Mazais asmenis <br \/>9. Pude\u013cu attais\u0101mais <br \/>10. Fiks\u0113jams lielais plakanais skr\u016bvgriezis <br \/>11. Vadu izol\u0101cijas no\u0146\u0113m\u0113js <br \/>12. Z\u0101\u0123\u012btis<\/p>\n<\/div>\n","protected":false},"excerpt":{"rendered":"<p>Ori\u0123in\u0101lais &Scaron;veices armijas nazis. Izgatavots no kvalitat\u012bva ner\u016bs\u0113jo&scaron;a t\u0113rauda. &Scaron;is modelis ir apr\u012bkots ar vis\u0101m nepiecie&scaron;amaj\u0101m liet\u0101m, kas ir nepiecie&scaron;amas dodoties treking\u0101, p\u0101rg\u0101jien\u0101 vai vienk\u0101r&scaron;i ned\u0113\u013cas nogalei kemping\u0101. &Scaron;is nazis b\u016bs tikpat noder\u012bgs k\u0101 gu\u013cammais un degl\u012btis. Lieliski noder\u0113s ikdien\u0101. Ra\u017eots &Scaron;veic\u0113. Specifik\u0101cija: Materi\u0101ls: ner\u016bs\u0113jo&scaron;ais t\u0113rauds Izm\u0113rs:&nbsp;91mm x 27mm x 18mm Kr\u0101sa: sarkana Funkcijas: 1. [&hellip;]<\/p>\n","protected":false},"featured_media":0,"template":"","meta":[],"product_brand":[54],"product_cat":[4558,4571,4640,4734],"product_tag":[],"class_list":{"0":"post-76305","1":"product","2":"type-product","3":"status-publish","5":"product_brand-victorinox","6":"product_cat-for-tourism-recreation","7":"product_cat-dishes-knives-folding-tables-for-tourism-recreation","8":"product_cat-recreation","9":"product_cat-swiss-knives-dishes-knives-folding-tables-for-tourism-recreation","11":"first","12":"instock","13":"shipping-taxable","14":"purchasable","15":"product-type-simple"},"_links":{"self":[{"href":"https:\/\/sezona.lv\/en\/wp-json\/wp\/v2\/product\/76305","targetHints":{"allow":["GET"]}}],"collection":[{"href":"https:\/\/sezona.lv\/en\/wp-json\/wp\/v2\/product"}],"about":[{"href":"https:\/\/sezona.lv\/en\/wp-json\/wp\/v2\/types\/product"}],"wp:attachment":[{"href":"https:\/\/sezona.lv\/en\/wp-json\/wp\/v2\/media?parent=76305"}],"wp:term":[{"taxonomy":"product_brand","embeddable":true,"href":"https:\/\/sezona.lv\/en\/wp-json\/wp\/v2\/product_brand?post=76305"},{"taxonomy":"product_cat","embeddable":true,"href":"https:\/\/sezona.lv\/en\/wp-json\/wp\/v2\/product_cat?post=76305"},{"taxonomy":"product_tag","embeddable":true,"href":"https:\/\/sezona.lv\/en\/wp-json\/wp\/v2\/product_tag?post=76305"}],"curies":[{"name":"wp","href":"https:\/\/api.w.org\/{rel}","templated":true}]}}