{"id":76306,"date":"2025-07-11T15:42:43","date_gmt":"2025-07-11T12:42:43","guid":{"rendered":"https:\/\/demo8.ecube.lv\/sezona.lv\/products\/victorinox-nazis-sportsman\/"},"modified":"2025-07-14T14:49:13","modified_gmt":"2025-07-14T11:49:13","slug":"victorinox-nazis-sportsman","status":"publish","type":"product","link":"https:\/\/sezona.lv\/en\/products\/victorinox-nazis-sportsman\/","title":{"rendered":"Victorinox Nazis Sportsman"},"content":{"rendered":"<div class=\"rte\">\n<p>Ori\u0123in\u0101lais &Scaron;veices armijas nazis. Izgatavots no  kvalitat\u012bva ner\u016bs\u0113jo&scaron;a t\u0113rauda.Multifunkcion\u0101ls naz\u012btis, kas b\u016bs  noder\u012bgs gan ikdien\u0101, gan ar\u012b p\u0101rg\u0101jienos. Ra\u017eots &Scaron;veic\u0113.<\/p>\n<h4>Specifik\u0101cija:<\/h4>\n<p><strong>Materi\u0101ls:<\/strong> ner\u016bs\u0113jo&scaron;ais t\u0113rauds <br \/><strong>Izm\u0113rs:<\/strong> 84mm x 26mm x 15mm <br \/><strong>Kr\u0101sa:<\/strong> sarkana<\/p>\n<h4>Funkcijas:<\/h4>\n<p>1. Konservu attais\u0101mais <br \/>2. Mazais plakanais skr\u016bvgriezis <br \/>3. Kor\u0137vi\u013c\u0137is <br \/>4. \u012alens <br \/>5. Zobu bakst\u0101mais <br \/>6. Pincet\u012bte <br \/>7. Lielais asmens <br \/>8. Nagu v\u012bl\u012bte <br \/>9. Pude\u013cu attais\u0101mais <br \/>10. Fiks\u0113jams lielais plakanais skr\u016bvgriezis <br \/>11. Vadu izol\u0101cijas no\u0146\u0113m\u0113js<\/p>\n<\/div>\n","protected":false},"excerpt":{"rendered":"<p>Ori\u0123in\u0101lais &Scaron;veices armijas nazis. Izgatavots no kvalitat\u012bva ner\u016bs\u0113jo&scaron;a t\u0113rauda.Multifunkcion\u0101ls naz\u012btis, kas b\u016bs noder\u012bgs gan ikdien\u0101, gan ar\u012b p\u0101rg\u0101jienos. Ra\u017eots &Scaron;veic\u0113. Specifik\u0101cija: Materi\u0101ls: ner\u016bs\u0113jo&scaron;ais t\u0113rauds Izm\u0113rs: 84mm x 26mm x 15mm Kr\u0101sa: sarkana Funkcijas: 1. Konservu attais\u0101mais 2. Mazais plakanais skr\u016bvgriezis 3. Kor\u0137vi\u013c\u0137is 4. \u012alens 5. Zobu bakst\u0101mais 6. Pincet\u012bte 7. Lielais asmens 8. Nagu v\u012bl\u012bte [&hellip;]<\/p>\n","protected":false},"featured_media":60855,"template":"","meta":[],"product_brand":[54],"product_cat":[4558,4571,4734],"product_tag":[],"class_list":{"0":"post-76306","1":"product","2":"type-product","3":"status-publish","4":"has-post-thumbnail","6":"product_brand-victorinox","7":"product_cat-for-tourism-recreation","8":"product_cat-dishes-knives-folding-tables-for-tourism-recreation","9":"product_cat-swiss-knives-dishes-knives-folding-tables-for-tourism-recreation","11":"first","12":"instock","13":"shipping-taxable","14":"purchasable","15":"product-type-simple"},"_links":{"self":[{"href":"https:\/\/sezona.lv\/en\/wp-json\/wp\/v2\/product\/76306","targetHints":{"allow":["GET"]}}],"collection":[{"href":"https:\/\/sezona.lv\/en\/wp-json\/wp\/v2\/product"}],"about":[{"href":"https:\/\/sezona.lv\/en\/wp-json\/wp\/v2\/types\/product"}],"wp:featuredmedia":[{"embeddable":true,"href":"https:\/\/sezona.lv\/en\/wp-json\/wp\/v2\/media\/60855"}],"wp:attachment":[{"href":"https:\/\/sezona.lv\/en\/wp-json\/wp\/v2\/media?parent=76306"}],"wp:term":[{"taxonomy":"product_brand","embeddable":true,"href":"https:\/\/sezona.lv\/en\/wp-json\/wp\/v2\/product_brand?post=76306"},{"taxonomy":"product_cat","embeddable":true,"href":"https:\/\/sezona.lv\/en\/wp-json\/wp\/v2\/product_cat?post=76306"},{"taxonomy":"product_tag","embeddable":true,"href":"https:\/\/sezona.lv\/en\/wp-json\/wp\/v2\/product_tag?post=76306"}],"curies":[{"name":"wp","href":"https:\/\/api.w.org\/{rel}","templated":true}]}}