{"id":76307,"date":"2025-07-11T15:42:44","date_gmt":"2025-07-11T12:42:44","guid":{"rendered":"https:\/\/demo8.ecube.lv\/sezona.lv\/products\/victorinox-nazis-handyman\/"},"modified":"2025-07-14T14:49:14","modified_gmt":"2025-07-14T11:49:14","slug":"victorinox-nazis-handyman","status":"publish","type":"product","link":"https:\/\/sezona.lv\/en\/products\/victorinox-nazis-handyman\/","title":{"rendered":"Victorinox Nazis Handyman"},"content":{"rendered":"<div class=\"rte\">\n<p>Ori\u0123in\u0101lais &Scaron;veices armijas nazis. Izgatavots no  kvalitat\u012bva ner\u016bs\u0113jo&scaron;a t\u0113rauda. Multifunkcion\u0101ls nazis, kas apvieno sev\u012b  da\u017e\u0101dus noder\u012bgus instrumentus. Noder\u012bgs instruments ikdienas darbos.  Ra\u017eots &Scaron;veic\u0113.<\/p>\n<h4>Specifik\u0101cija:<\/h4>\n<p><strong>Materi\u0101ls:<\/strong> ner\u016bs\u0113jo&scaron;ais t\u0113rauds <br \/><strong>Izm\u0113rs:<\/strong> 91mm x 27mm x 28mm <br \/><strong>Kr\u0101sa:<\/strong> Sarkana<\/p>\n<h4>Funkcijas:<\/h4>\n<p>1. Konservu attais\u0101mais <br \/>2. Mazais plakanais skr\u016bvgriezis <br \/>3. Kor\u0137vi\u013c\u0137is <br \/>4. \u012alens <br \/>5. Zobu bakst\u0101mais <br \/>6. Pincet\u012bte <br \/>7. Lielais asmens <br \/>8. Pude\u013cu attais\u0101mais <br \/>9. Lielais skr\u016bvgrieznis <br \/>11. &Scaron;\u0137\u0113r\u012btes <br \/>12. Multifunkcion\u0101ls \u0101\u0137is (var nest maisi\u0146us) <br \/>13. Z\u0101\u0123\u012btis <br \/>14. Mazais asmenis <br \/>15. V\u012bl\u012bte <br \/>16. Knaibles <br \/>17. Smalkais skr\u016bvgrieznis<\/p>\n<\/div>\n","protected":false},"excerpt":{"rendered":"<p>Ori\u0123in\u0101lais &Scaron;veices armijas nazis. Izgatavots no kvalitat\u012bva ner\u016bs\u0113jo&scaron;a t\u0113rauda. Multifunkcion\u0101ls nazis, kas apvieno sev\u012b da\u017e\u0101dus noder\u012bgus instrumentus. Noder\u012bgs instruments ikdienas darbos. Ra\u017eots &Scaron;veic\u0113. Specifik\u0101cija: Materi\u0101ls: ner\u016bs\u0113jo&scaron;ais t\u0113rauds Izm\u0113rs: 91mm x 27mm x 28mm Kr\u0101sa: Sarkana Funkcijas: 1. Konservu attais\u0101mais 2. Mazais plakanais skr\u016bvgriezis 3. Kor\u0137vi\u013c\u0137is 4. \u012alens 5. Zobu bakst\u0101mais 6. Pincet\u012bte 7. Lielais asmens [&hellip;]<\/p>\n","protected":false},"featured_media":60858,"template":"","meta":[],"product_brand":[54],"product_cat":[4558,4571,4734],"product_tag":[],"class_list":{"0":"post-76307","1":"product","2":"type-product","3":"status-publish","4":"has-post-thumbnail","6":"product_brand-victorinox","7":"product_cat-for-tourism-recreation","8":"product_cat-dishes-knives-folding-tables-for-tourism-recreation","9":"product_cat-swiss-knives-dishes-knives-folding-tables-for-tourism-recreation","11":"first","12":"instock","13":"shipping-taxable","14":"purchasable","15":"product-type-simple"},"_links":{"self":[{"href":"https:\/\/sezona.lv\/en\/wp-json\/wp\/v2\/product\/76307","targetHints":{"allow":["GET"]}}],"collection":[{"href":"https:\/\/sezona.lv\/en\/wp-json\/wp\/v2\/product"}],"about":[{"href":"https:\/\/sezona.lv\/en\/wp-json\/wp\/v2\/types\/product"}],"wp:featuredmedia":[{"embeddable":true,"href":"https:\/\/sezona.lv\/en\/wp-json\/wp\/v2\/media\/60858"}],"wp:attachment":[{"href":"https:\/\/sezona.lv\/en\/wp-json\/wp\/v2\/media?parent=76307"}],"wp:term":[{"taxonomy":"product_brand","embeddable":true,"href":"https:\/\/sezona.lv\/en\/wp-json\/wp\/v2\/product_brand?post=76307"},{"taxonomy":"product_cat","embeddable":true,"href":"https:\/\/sezona.lv\/en\/wp-json\/wp\/v2\/product_cat?post=76307"},{"taxonomy":"product_tag","embeddable":true,"href":"https:\/\/sezona.lv\/en\/wp-json\/wp\/v2\/product_tag?post=76307"}],"curies":[{"name":"wp","href":"https:\/\/api.w.org\/{rel}","templated":true}]}}