{"id":76308,"date":"2025-07-14T14:49:15","date_gmt":"2025-07-14T11:49:15","guid":{"rendered":"https:\/\/demo8.ecube.lv\/sezona.lv\/products\/victorinox-nazis-soldiers-knife\/"},"modified":"2025-07-14T14:49:15","modified_gmt":"2025-07-14T11:49:15","slug":"victorinox-nazis-soldiers-knife","status":"publish","type":"product","link":"https:\/\/sezona.lv\/en\/products\/victorinox-nazis-soldiers-knife\/","title":{"rendered":"Victorinox Nazis Soldiers knife"},"content":{"rendered":"<div class=\"rte\">\n<p>Ori\u0123in\u0101lais &Scaron;veices armijas nazis. &Scaron;is ir ofici\u0101lais  &Scaron;veices armijas karav\u012bru nazis. Izgatavots no kvalitat\u012bva ner\u016bs\u0113jo&scaron;a  t\u0113rauda. &Scaron;is nazis b\u016bs noder\u012bgs tiem, kuri dodas lielos p\u0101rg\u0101jienos.  Asmenis ir attais\u0101ms ar vienu roku. Ra\u017eots &Scaron;veic\u0113.<\/p>\n<h4>Specifik\u0101cija:<\/h4>\n<p><strong>Materi\u0101ls:<\/strong> ner\u016bs\u0113jo&scaron;ais t\u0113rauds <br \/><strong>Izm\u0113rs:<\/strong> 111mm x 34.5mm x 18mm <br \/><strong>Kr\u0101sa:<\/strong> Sarkana<\/p>\n<h4>Funkcijas:<\/h4>\n<p>1. Konservu attais\u0101mais <br \/>2. Mazais plakanais skr\u016bvgriezis <br \/>3. Krusti\u0146a tipa skr\u016bvgrieznis <br \/>4. \u012alens <br \/>5. Zobu bakst\u0101mais <br \/>6. Pincet\u012bte <br \/>7. Fiks\u0113jams lielais asmens <br \/>8. Pude\u013cu attais\u0101mais <br \/>9. Lielais skr\u016bvgrieznis <br \/>10. Z\u0101\u0123is<\/p>\n<\/div>\n","protected":false},"excerpt":{"rendered":"<p>Ori\u0123in\u0101lais &Scaron;veices armijas nazis. &Scaron;is ir ofici\u0101lais &Scaron;veices armijas karav\u012bru nazis. Izgatavots no kvalitat\u012bva ner\u016bs\u0113jo&scaron;a t\u0113rauda. &Scaron;is nazis b\u016bs noder\u012bgs tiem, kuri dodas lielos p\u0101rg\u0101jienos. Asmenis ir attais\u0101ms ar vienu roku. Ra\u017eots &Scaron;veic\u0113. Specifik\u0101cija: Materi\u0101ls: ner\u016bs\u0113jo&scaron;ais t\u0113rauds Izm\u0113rs: 111mm x 34.5mm x 18mm Kr\u0101sa: Sarkana Funkcijas: 1. Konservu attais\u0101mais 2. Mazais plakanais skr\u016bvgriezis 3. Krusti\u0146a [&hellip;]<\/p>\n","protected":false},"featured_media":0,"template":"","meta":[],"product_brand":[54],"product_cat":[4558,4571,4640,4734],"product_tag":[],"class_list":{"0":"post-76308","1":"product","2":"type-product","3":"status-publish","5":"product_brand-victorinox","6":"product_cat-for-tourism-recreation","7":"product_cat-dishes-knives-folding-tables-for-tourism-recreation","8":"product_cat-recreation","9":"product_cat-swiss-knives-dishes-knives-folding-tables-for-tourism-recreation","11":"first","12":"instock","13":"shipping-taxable","14":"purchasable","15":"product-type-simple"},"_links":{"self":[{"href":"https:\/\/sezona.lv\/en\/wp-json\/wp\/v2\/product\/76308","targetHints":{"allow":["GET"]}}],"collection":[{"href":"https:\/\/sezona.lv\/en\/wp-json\/wp\/v2\/product"}],"about":[{"href":"https:\/\/sezona.lv\/en\/wp-json\/wp\/v2\/types\/product"}],"wp:attachment":[{"href":"https:\/\/sezona.lv\/en\/wp-json\/wp\/v2\/media?parent=76308"}],"wp:term":[{"taxonomy":"product_brand","embeddable":true,"href":"https:\/\/sezona.lv\/en\/wp-json\/wp\/v2\/product_brand?post=76308"},{"taxonomy":"product_cat","embeddable":true,"href":"https:\/\/sezona.lv\/en\/wp-json\/wp\/v2\/product_cat?post=76308"},{"taxonomy":"product_tag","embeddable":true,"href":"https:\/\/sezona.lv\/en\/wp-json\/wp\/v2\/product_tag?post=76308"}],"curies":[{"name":"wp","href":"https:\/\/api.w.org\/{rel}","templated":true}]}}