{"id":76310,"date":"2025-07-14T14:49:17","date_gmt":"2025-07-14T11:49:17","guid":{"rendered":"https:\/\/demo8.ecube.lv\/sezona.lv\/products\/kovea-katlu-komplekts-solo-2\/"},"modified":"2025-07-14T14:49:17","modified_gmt":"2025-07-14T11:49:17","slug":"kovea-katlu-komplekts-solo-2","status":"publish","type":"product","link":"https:\/\/sezona.lv\/en\/products\/kovea-katlu-komplekts-solo-2\/","title":{"rendered":"Kovea Katlu komplekts Solo 2"},"content":{"rendered":"<div class=\"rte\">\n<p>Vienk\u0101r&scaron;s, bet \u013coti paroc\u012bgs katlu un trauku  komplekts Kovea Solo 2. Izgatavots no anodiz\u0113ta alum\u012bnija. Katlu v\u0101ki ir  izveidoti t\u0101, lai tos var\u0113tu lietot ar\u012b k\u0101 pannu. Katla iek&scaron;pus\u0113  ietilpst 230 g g\u0101zes balons. &Scaron;is komplekts ir piem\u0113rots div\u0101m person\u0101m.<\/p>\n<h4>Specifik\u0101cija:<\/h4>\n<p><strong>Materi\u0101ls:<\/strong> Anodiz\u0113ts alum\u012bnijs <br \/><strong>Izm\u0113rs:<\/strong> 16.5 cm x 16,5 cm x 11,5 cm<br \/><strong>Tilpums:<\/strong> 1,2 un 0.9 Litri <br \/><strong>Svars:<\/strong> 650 grami (viss komplekts)<\/p>\n<h4>Komplekt\u0101 ietilpst:&nbsp;<\/h4>\n<ul>\n<li>Katls 1200 ml<\/li>\n<li>Katls 900 ml&nbsp;<\/li>\n<li>2x plastmasas b\u013codi\u0146as&nbsp;<\/li>\n<li>Saliekams kausi\u0146&scaron;&nbsp;<\/li>\n<li>Uzglab\u0101&scaron;anas iepakojums<\/li>\n<\/ul>\n<\/div>\n","protected":false},"excerpt":{"rendered":"<p>Vienk\u0101r&scaron;s, bet \u013coti paroc\u012bgs katlu un trauku komplekts Kovea Solo 2. Izgatavots no anodiz\u0113ta alum\u012bnija. Katlu v\u0101ki ir izveidoti t\u0101, lai tos var\u0113tu lietot ar\u012b k\u0101 pannu. Katla iek&scaron;pus\u0113 ietilpst 230 g g\u0101zes balons. &Scaron;is komplekts ir piem\u0113rots div\u0101m person\u0101m. Specifik\u0101cija: Materi\u0101ls: Anodiz\u0113ts alum\u012bnijs Izm\u0113rs: 16.5 cm x 16,5 cm x 11,5 cmTilpums: 1,2 un [&hellip;]<\/p>\n","protected":false},"featured_media":0,"template":"","meta":[],"product_brand":[934],"product_cat":[4558,4571,4640,4730],"product_tag":[],"class_list":{"0":"post-76310","1":"product","2":"type-product","3":"status-publish","5":"product_brand-kovea","6":"product_cat-for-tourism-recreation","7":"product_cat-dishes-knives-folding-tables-for-tourism-recreation","8":"product_cat-recreation","9":"product_cat-pots-and-pans-dishes-knives-folding-tables-for-tourism-recreation","11":"first","12":"instock","13":"shipping-taxable","14":"purchasable","15":"product-type-simple"},"_links":{"self":[{"href":"https:\/\/sezona.lv\/en\/wp-json\/wp\/v2\/product\/76310","targetHints":{"allow":["GET"]}}],"collection":[{"href":"https:\/\/sezona.lv\/en\/wp-json\/wp\/v2\/product"}],"about":[{"href":"https:\/\/sezona.lv\/en\/wp-json\/wp\/v2\/types\/product"}],"wp:attachment":[{"href":"https:\/\/sezona.lv\/en\/wp-json\/wp\/v2\/media?parent=76310"}],"wp:term":[{"taxonomy":"product_brand","embeddable":true,"href":"https:\/\/sezona.lv\/en\/wp-json\/wp\/v2\/product_brand?post=76310"},{"taxonomy":"product_cat","embeddable":true,"href":"https:\/\/sezona.lv\/en\/wp-json\/wp\/v2\/product_cat?post=76310"},{"taxonomy":"product_tag","embeddable":true,"href":"https:\/\/sezona.lv\/en\/wp-json\/wp\/v2\/product_tag?post=76310"}],"curies":[{"name":"wp","href":"https:\/\/api.w.org\/{rel}","templated":true}]}}