{"id":76311,"date":"2025-07-11T15:42:48","date_gmt":"2025-07-11T12:42:48","guid":{"rendered":"https:\/\/demo8.ecube.lv\/sezona.lv\/products\/victorinox-kedite-nazim\/"},"modified":"2025-07-14T14:49:17","modified_gmt":"2025-07-14T11:49:17","slug":"victorinox-kedite-nazim","status":"publish","type":"product","link":"https:\/\/sezona.lv\/en\/products\/victorinox-kedite-nazim\/","title":{"rendered":"Victorinox \u0137\u0113d\u012bte nazim"},"content":{"rendered":"<p>Vienk\u0101r&scaron;a, ta\u010du iztur\u012bga \u0137\u0113d\u012bte Victorinox nazim, kas ne\u013caus to pazaud\u0113t.<\/p>\n","protected":false},"excerpt":{"rendered":"<p>Vienk\u0101r&scaron;a, ta\u010du iztur\u012bga \u0137\u0113d\u012bte Victorinox nazim, kas ne\u013caus to pazaud\u0113t.<\/p>\n","protected":false},"featured_media":60869,"template":"","meta":[],"product_brand":[54],"product_cat":[4558,4571,4740],"product_tag":[],"class_list":{"0":"post-76311","1":"product","2":"type-product","3":"status-publish","4":"has-post-thumbnail","6":"product_brand-victorinox","7":"product_cat-for-tourism-recreation","8":"product_cat-dishes-knives-folding-tables-for-tourism-recreation","9":"product_cat-knife-accessories-dishes-knives-folding-tables-for-tourism-recreation","11":"first","12":"instock","13":"shipping-taxable","14":"purchasable","15":"product-type-simple"},"_links":{"self":[{"href":"https:\/\/sezona.lv\/en\/wp-json\/wp\/v2\/product\/76311","targetHints":{"allow":["GET"]}}],"collection":[{"href":"https:\/\/sezona.lv\/en\/wp-json\/wp\/v2\/product"}],"about":[{"href":"https:\/\/sezona.lv\/en\/wp-json\/wp\/v2\/types\/product"}],"wp:featuredmedia":[{"embeddable":true,"href":"https:\/\/sezona.lv\/en\/wp-json\/wp\/v2\/media\/60869"}],"wp:attachment":[{"href":"https:\/\/sezona.lv\/en\/wp-json\/wp\/v2\/media?parent=76311"}],"wp:term":[{"taxonomy":"product_brand","embeddable":true,"href":"https:\/\/sezona.lv\/en\/wp-json\/wp\/v2\/product_brand?post=76311"},{"taxonomy":"product_cat","embeddable":true,"href":"https:\/\/sezona.lv\/en\/wp-json\/wp\/v2\/product_cat?post=76311"},{"taxonomy":"product_tag","embeddable":true,"href":"https:\/\/sezona.lv\/en\/wp-json\/wp\/v2\/product_tag?post=76311"}],"curies":[{"name":"wp","href":"https:\/\/api.w.org\/{rel}","templated":true}]}}