{"id":76314,"date":"2025-07-14T14:49:20","date_gmt":"2025-07-14T11:49:20","guid":{"rendered":"https:\/\/demo8.ecube.lv\/sezona.lv\/products\/marmot-kalnu-telts-alpinist-2p\/"},"modified":"2025-07-14T14:49:20","modified_gmt":"2025-07-14T11:49:20","slug":"marmot-kalnu-telts-alpinist-2p","status":"publish","type":"product","link":"https:\/\/sezona.lv\/en\/products\/marmot-kalnu-telts-alpinist-2p\/","title":{"rendered":"Marmot kalnu telts Alpinist 2P"},"content":{"rendered":"<p>Viena sl\u0101\u0146a, \u010detru sezonu telts ar iztur\u012bgu un unik\u0101lu telts loku strukt\u016bru. Piln\u012bga aizsardz\u012bba un dro&scaron;s patv\u0113rums jebkuros laika apst\u0101k\u013cos. Telts ir \u013coti viegla. Ide\u0101li piem\u0113rota kalnu eksped\u012bcij\u0101m, alp\u012bnismam vai kalnu p\u0101rg\u0101jieniem, kur svaram un materi\u0101lu iztur\u012bbai ir b\u016btiska noz\u012bme.<\/p>\n<p><strong>Specifik\u0101cija<\/strong><\/p>\n<table border=\"0\" cellspacing=\"1\" cellpadding=\"3\" width=\"200\">\n<tbody>\n<tr>\n<td><strong>Gr\u012bdas materi\u0101ls:<\/strong><\/td>\n<td>70d 100% Nylon 5000mm W\/R, F\/R<\/td>\n<\/tr>\n<tr>\n<td><strong>Tenta materi\u0101ls:<\/strong><\/td>\n<td>40d 100% HT Polyester Assault MemBrain&reg; 3L W\/R, F\/R<\/td>\n<\/tr>\n<tr>\n<td><strong>Minim\u0101lais svars:<\/strong><\/td>\n<td>2,240 kg<\/td>\n<\/tr>\n<tr>\n<td><strong>Pilna komplekta svars:<\/strong><\/td>\n<td>2,495 kg<\/td>\n<\/tr>\n<tr>\n<td><strong>Gr\u012bdas laukums:<\/strong><\/td>\n<td>2,787 m2<\/td>\n<\/tr>\n<tr>\n<td><strong>Vestibila laukums:<\/strong><\/td>\n<td>0,743 m2<\/td>\n<\/tr>\n<tr>\n<td><strong>Sapakotas telts izm\u0113ri:<\/strong><\/td>\n<td>20 x 51 cm<\/td>\n<\/tr>\n<tr>\n<td><strong>Telts izm\u0113ri:<\/strong><\/td>\n<td>107 x 127 x 224 cm<\/td>\n<\/tr>\n<tr>\n<td><strong>Karkasa loku materi\u0101ls:<\/strong><\/td>\n<td>DAC NSL Dual Diameter Pole<\/td>\n<\/tr>\n<tr>\n<td><strong>Karkasa loku skaits:<\/strong><\/td>\n<td>3<\/td>\n<\/tr>\n<tr>\n<td><strong>Ieeju skaits:<\/strong><\/td>\n<td>1<\/td>\n<\/tr>\n<tr>\n<td><strong>Vietu skaits:<\/strong><\/td>\n<td>2<\/td>\n<\/tr>\n<tr>\n<td><strong>Kr\u0101sa:<\/strong><\/td>\n<td>Oran\u017ea<\/td>\n<\/tr>\n<\/tbody>\n<\/table>\n<p><strong>Raksturojums<\/strong><\/p>\n<p><em>&nbsp;<\/em><strong>Gaisa ventil\u0101cijai<\/strong>&nbsp;&#8211; Regul\u0113jams atloks jumt\u0101 ar r\u0101v\u0113jsl\u0113dz\u0113ju<br \/><em>&nbsp;<\/em><strong>Telts ventil\u0101cijai<\/strong>&nbsp;&#8211; Telts tents izgatavots no MARMOT 3L &scaron;turm\u0113&scaron;anas s\u0113rijas membr\u0101nas materi\u0101la<br \/><em>&nbsp;<\/em><strong>Vestibils<\/strong>&nbsp;&#8211; Vestibil\u0101 izvietots apa\u013cs lodzi\u0146&scaron;, laika apst\u0101k\u013cu nov\u0113rt\u0113&scaron;anai neizejot no telts.&nbsp;<br \/><em>&nbsp;<\/em><strong>\u016adensnotur\u012bba<\/strong>&nbsp;&#8211; Visas telts v\u012bles p\u0101rl\u012bm\u0113tas<br \/><em>&nbsp;<\/em><strong>Knees Pole System<\/strong>&nbsp; &#8211; Palielina telts iek&scaron;\u0113jos izm\u0113rus, bez telts svara pieauguma<br \/><em>&nbsp;<\/em><strong>Storm Pitch<\/strong>&nbsp;&#8211; \u0100trai telts uzb\u016bv\u0113&scaron;anai ekstrem\u0101los apst\u0101k\u013cos.<\/p>\n<p>&nbsp;<\/p>\n<p>&nbsp;<\/p>\n","protected":false},"excerpt":{"rendered":"<p>Viena sl\u0101\u0146a, \u010detru sezonu telts ar iztur\u012bgu un unik\u0101lu telts loku strukt\u016bru. Piln\u012bga aizsardz\u012bba un dro&scaron;s patv\u0113rums jebkuros laika apst\u0101k\u013cos. Telts ir \u013coti viegla. Ide\u0101li piem\u0113rota kalnu eksped\u012bcij\u0101m, alp\u012bnismam vai kalnu p\u0101rg\u0101jieniem, kur svaram un materi\u0101lu iztur\u012bbai ir b\u016btiska noz\u012bme. Specifik\u0101cija Gr\u012bdas materi\u0101ls: 70d 100% Nylon 5000mm W\/R, F\/R Tenta materi\u0101ls: 40d 100% HT Polyester [&hellip;]<\/p>\n","protected":false},"featured_media":0,"template":"","meta":[],"product_brand":[908],"product_cat":[4558,4568,4640,4955],"product_tag":[],"class_list":{"0":"post-76314","1":"product","2":"type-product","3":"status-publish","5":"product_brand-marmot","6":"product_cat-for-tourism-recreation","7":"product_cat-tents-for-tourism-recreation","8":"product_cat-recreation","9":"product_cat-marmot-tents-tents-for-tourism-recreation","11":"first","12":"instock","13":"shipping-taxable","14":"purchasable","15":"product-type-simple"},"_links":{"self":[{"href":"https:\/\/sezona.lv\/en\/wp-json\/wp\/v2\/product\/76314","targetHints":{"allow":["GET"]}}],"collection":[{"href":"https:\/\/sezona.lv\/en\/wp-json\/wp\/v2\/product"}],"about":[{"href":"https:\/\/sezona.lv\/en\/wp-json\/wp\/v2\/types\/product"}],"wp:attachment":[{"href":"https:\/\/sezona.lv\/en\/wp-json\/wp\/v2\/media?parent=76314"}],"wp:term":[{"taxonomy":"product_brand","embeddable":true,"href":"https:\/\/sezona.lv\/en\/wp-json\/wp\/v2\/product_brand?post=76314"},{"taxonomy":"product_cat","embeddable":true,"href":"https:\/\/sezona.lv\/en\/wp-json\/wp\/v2\/product_cat?post=76314"},{"taxonomy":"product_tag","embeddable":true,"href":"https:\/\/sezona.lv\/en\/wp-json\/wp\/v2\/product_tag?post=76314"}],"curies":[{"name":"wp","href":"https:\/\/api.w.org\/{rel}","templated":true}]}}