{"id":76315,"date":"2025-07-14T14:49:21","date_gmt":"2025-07-14T11:49:21","guid":{"rendered":"https:\/\/demo8.ecube.lv\/sezona.lv\/products\/black-diamond-kalnu-telts-cliff-cabana-double-portaledge\/"},"modified":"2025-07-14T14:49:21","modified_gmt":"2025-07-14T11:49:21","slug":"black-diamond-kalnu-telts-cliff-cabana-double-portaledge","status":"publish","type":"product","link":"https:\/\/sezona.lv\/en\/products\/black-diamond-kalnu-telts-cliff-cabana-double-portaledge\/","title":{"rendered":"Black Diamond kalnu telts Cliff Cabana Double Portaledge"},"content":{"rendered":"<p>Pasaul\u0113s iztur\u012bg\u0101k\u0101, uzticam\u0101k\u0101 gu\u013cam-platforma diviem cilv\u0113kiem, ko nostiprina vien\u0101 punkt\u0101. Izgatavota no \u013coti iztur\u012bga, viegla anodiz\u0113t\u0101 alum\u012bnija un&nbsp;210d nylon double ripstop auduma. To ir dro&scaron;i un viegli uzcelt un piel\u0101got, k\u0101 ar\u012b nojaukt. Vair\u0101kas kabati\u0146as ekip\u0113juma uzglab\u0101&scaron;anai.<\/p>\n<p>Savietojama ar BD&nbsp;Simple Cliff Cabana Double Fly vai BD&nbsp;Deluxe Cliff Cabana Double Fly&nbsp;lietusp\u0101rkl\u0101ju. Komplekt\u0101 nav iek\u013cauts!<\/p>\n<p>Specifik\u0101cija:<br \/>Svars: 9kg<br \/>Izm\u0113ri:&nbsp;213 x 130 cm<\/p>\n<p>&nbsp;<\/p>\n<p>&nbsp;<\/p>\n","protected":false},"excerpt":{"rendered":"<p>Pasaul\u0113s iztur\u012bg\u0101k\u0101, uzticam\u0101k\u0101 gu\u013cam-platforma diviem cilv\u0113kiem, ko nostiprina vien\u0101 punkt\u0101. Izgatavota no \u013coti iztur\u012bga, viegla anodiz\u0113t\u0101 alum\u012bnija un&nbsp;210d nylon double ripstop auduma. To ir dro&scaron;i un viegli uzcelt un piel\u0101got, k\u0101 ar\u012b nojaukt. Vair\u0101kas kabati\u0146as ekip\u0113juma uzglab\u0101&scaron;anai. Savietojama ar BD&nbsp;Simple Cliff Cabana Double Fly vai BD&nbsp;Deluxe Cliff Cabana Double Fly&nbsp;lietusp\u0101rkl\u0101ju. Komplekt\u0101 nav iek\u013cauts! Specifik\u0101cija:Svars: 9kgIzm\u0113ri:&nbsp;213 [&hellip;]<\/p>\n","protected":false},"featured_media":0,"template":"","meta":[],"product_brand":[946],"product_cat":[4558,4568,4640],"product_tag":[],"class_list":{"0":"post-76315","1":"product","2":"type-product","3":"status-publish","5":"product_brand-black-diamond","6":"product_cat-for-tourism-recreation","7":"product_cat-tents-for-tourism-recreation","8":"product_cat-recreation","10":"first","11":"instock","12":"shipping-taxable","13":"purchasable","14":"product-type-simple"},"_links":{"self":[{"href":"https:\/\/sezona.lv\/en\/wp-json\/wp\/v2\/product\/76315","targetHints":{"allow":["GET"]}}],"collection":[{"href":"https:\/\/sezona.lv\/en\/wp-json\/wp\/v2\/product"}],"about":[{"href":"https:\/\/sezona.lv\/en\/wp-json\/wp\/v2\/types\/product"}],"wp:attachment":[{"href":"https:\/\/sezona.lv\/en\/wp-json\/wp\/v2\/media?parent=76315"}],"wp:term":[{"taxonomy":"product_brand","embeddable":true,"href":"https:\/\/sezona.lv\/en\/wp-json\/wp\/v2\/product_brand?post=76315"},{"taxonomy":"product_cat","embeddable":true,"href":"https:\/\/sezona.lv\/en\/wp-json\/wp\/v2\/product_cat?post=76315"},{"taxonomy":"product_tag","embeddable":true,"href":"https:\/\/sezona.lv\/en\/wp-json\/wp\/v2\/product_tag?post=76315"}],"curies":[{"name":"wp","href":"https:\/\/api.w.org\/{rel}","templated":true}]}}