{"id":76316,"date":"2025-07-14T14:49:21","date_gmt":"2025-07-14T11:49:21","guid":{"rendered":"https:\/\/demo8.ecube.lv\/sezona.lv\/products\/marmot-pargajienu-telts-limelight-2p\/"},"modified":"2025-07-14T14:49:21","modified_gmt":"2025-07-14T11:49:21","slug":"marmot-pargajienu-telts-limelight-2p","status":"publish","type":"product","link":"https:\/\/sezona.lv\/en\/products\/marmot-pargajienu-telts-limelight-2p\/","title":{"rendered":"Marmot p\u0101rg\u0101jienu telts Limelight 2P"},"content":{"rendered":"<div class=\"rte\">\n<p>Popul\u0101r\u0101k\u0101 tr\u012bs sezonu divviet\u012bg\u0101 telts no Marmot  p\u0101rg\u0101jienu tel&scaron;u kolekcijas. Ar 3m&sup2; plat\u012bbu, viegliem un iztur\u012bgiem DAC  telts lokiem un \u0101rk\u0101rt\u012bgi vienk\u0101r&scaron;u uzslie&scaron;anu, t\u0101 b\u016bs labs ce\u013cabiedrs  piedz\u012bvojumos. Teltij ir &#8220;D&#8221; tipa ieejas ar diviem nelieliem  vestibiliem, kuru plat\u012bba ir 0,84m&sup2; un 0.62m&sup2;. Teicama ventil\u0101cija,  \u016bdens iztur\u012bba un konstrukcija padara &scaron;o telti par lielisku ekip\u0113juma  sast\u0101vda\u013cu. Telts ir pietieko&scaron;i gara un lieliski der\u0113s gar\u0101ka auguma  cilv\u0113kiem. Br\u012bvi st\u0101vo&scaron;a konstrukcija \u013caus to uzcelt ar\u012b uz seguma, kur\u0101  nevar iedz\u012bt mieti\u0146us. Jauna un unik\u0101la telts loku salik&scaron;anas sist\u0113ma  pie&scaron;\u0137ir teltij \u013coti lielu kubat\u016bru. Komplekt\u0101cij\u0101 iek\u013cauta papildus  gr\u012bda (footprint) \u012bpa&scaron;i ekstrem\u0101liem laikapst\u0101k\u013ciem. \u012apa&scaron;i piem\u0113rota  trekingam un gariem p\u0101rg\u0101jieniem, kur ekip\u0113juma svars ir noz\u012bm\u012bgs.  Marmot ra\u017eotaj\u0101m telt\u012bm uzr\u0101d\u012btais \u016bdens notur\u012bbas r\u0101d\u012bt\u0101js ir  minim\u0101lais garant\u0113tais p\u0113c gada lieto&scaron;anas!!!<\/p>\n<h4>Specifik\u0101cija:<\/h4>\n<p><strong>Gr\u012bdas materi\u0101ls<\/strong>: 68d Polyester Taffeta 190T&nbsp; 2000mm F\/R <br \/><strong>Tenta materi\u0101ls<\/strong>: 68d Polyester Taffeta 190T 1500mm F\/R<br \/><strong>Iek&scaron;\u0113j\u0101s telts materi\u0101ls<\/strong>: 40d 100% Polyester No-See-Um Mesh F\/R <br \/><strong>Minim\u0101lais svars<\/strong>: 2325 grami <br \/><strong>Pilna komplekta svars<\/strong>: 2550 grami <br \/><strong>Gr\u012bdas laukums:<\/strong> 3m&sup2; <br \/><strong>Vestibila laukums<\/strong>:&nbsp; 0,88m&sup2; x 0,62m&sup2; <br \/><strong>Sapakotas telts izm\u0113ri<\/strong>: 17.8 x 45,7 cm <br \/><strong>Telts izm\u0113ri:<\/strong> 109cm x 137cm x 224cm <br \/><strong>Karkasa loku materi\u0101ls<\/strong>: DAC Pres-Fit 9 mm <br \/><strong>Karkasa loku skaits<\/strong>: 3 <br \/><strong>Ieeju skaits<\/strong>: 2 <br \/><strong>Vietu skaits<\/strong>: 2&nbsp;<\/p>\n<h4>Raksturojums:<\/h4>\n<ul>\n<li>D tipa durvis ar vestibilu<\/li>\n<li>Visas &scaron;uves ir 100% p\u0101rl\u012bm\u0113tas<\/li>\n<li>Sieti\u0146auduma durvju logs ar r\u0101v\u0113jsl\u0113dz\u0113ju<\/li>\n<li>Kr\u0101su atz\u012bmes viegl\u0101kai telts uzb\u016bvei<\/li>\n<li>Br\u012bvi st\u0101vo&scaron;a konstrukcija<\/li>\n<li>Gaismu atstarojo&scaron;i logotipi<\/li>\n<li>Neskano&scaron;i r\u0101v\u0113jsl\u0113dz\u0113ji<\/li>\n<li>\u012apa&scaron;i pla&scaron;a telts gu\u013cam\u0101 plat\u012bba<\/li>\n<li>Komplekt\u0101cij\u0101 &#8220;footprint&#8221; (papildus gr\u012bda)<\/li>\n<\/ul>\n<\/div>\n","protected":false},"excerpt":{"rendered":"<p>Popul\u0101r\u0101k\u0101 tr\u012bs sezonu divviet\u012bg\u0101 telts no Marmot p\u0101rg\u0101jienu tel&scaron;u kolekcijas. Ar 3m&sup2; plat\u012bbu, viegliem un iztur\u012bgiem DAC telts lokiem un \u0101rk\u0101rt\u012bgi vienk\u0101r&scaron;u uzslie&scaron;anu, t\u0101 b\u016bs labs ce\u013cabiedrs piedz\u012bvojumos. Teltij ir &#8220;D&#8221; tipa ieejas ar diviem nelieliem vestibiliem, kuru plat\u012bba ir 0,84m&sup2; un 0.62m&sup2;. Teicama ventil\u0101cija, \u016bdens iztur\u012bba un konstrukcija padara &scaron;o telti par lielisku ekip\u0113juma [&hellip;]<\/p>\n","protected":false},"featured_media":0,"template":"","meta":[],"product_brand":[908],"product_cat":[4558,4568,4640,4955],"product_tag":[],"class_list":{"0":"post-76316","1":"product","2":"type-product","3":"status-publish","5":"product_brand-marmot","6":"product_cat-for-tourism-recreation","7":"product_cat-tents-for-tourism-recreation","8":"product_cat-recreation","9":"product_cat-marmot-tents-tents-for-tourism-recreation","11":"first","12":"instock","13":"shipping-taxable","14":"purchasable","15":"product-type-simple"},"_links":{"self":[{"href":"https:\/\/sezona.lv\/en\/wp-json\/wp\/v2\/product\/76316","targetHints":{"allow":["GET"]}}],"collection":[{"href":"https:\/\/sezona.lv\/en\/wp-json\/wp\/v2\/product"}],"about":[{"href":"https:\/\/sezona.lv\/en\/wp-json\/wp\/v2\/types\/product"}],"wp:attachment":[{"href":"https:\/\/sezona.lv\/en\/wp-json\/wp\/v2\/media?parent=76316"}],"wp:term":[{"taxonomy":"product_brand","embeddable":true,"href":"https:\/\/sezona.lv\/en\/wp-json\/wp\/v2\/product_brand?post=76316"},{"taxonomy":"product_cat","embeddable":true,"href":"https:\/\/sezona.lv\/en\/wp-json\/wp\/v2\/product_cat?post=76316"},{"taxonomy":"product_tag","embeddable":true,"href":"https:\/\/sezona.lv\/en\/wp-json\/wp\/v2\/product_tag?post=76316"}],"curies":[{"name":"wp","href":"https:\/\/api.w.org\/{rel}","templated":true}]}}