{"id":76317,"date":"2025-07-14T14:49:22","date_gmt":"2025-07-14T11:49:22","guid":{"rendered":"https:\/\/demo8.ecube.lv\/sezona.lv\/products\/marmot-pargajienu-telts-limelight-3p-02\/"},"modified":"2025-07-14T14:49:22","modified_gmt":"2025-07-14T11:49:22","slug":"marmot-pargajienu-telts-limelight-3p-02","status":"publish","type":"product","link":"https:\/\/sezona.lv\/en\/products\/marmot-pargajienu-telts-limelight-3p-02\/","title":{"rendered":"Marmot p\u0101rg\u0101jienu telts Limelight 3P 02"},"content":{"rendered":"<p><span>Limelight 3P pla&scaron;a tr\u012bssezonu telts ar liel\u0101m durv\u012bm un div\u0101m liel\u0101m s\u0101nu kabat\u0101m mantu glab\u0101&scaron;anai. Pre-bent telts loku konstrukcija, kas veido vertik\u0101las sienas, t\u0101d\u0113jadi \u013caujot maksim\u0101li izmantot visu telts iek&scaron;\u0113jo laukumu. Br\u012bvi st\u0101vo&scaron;a konstrukcija \u013caus to uzcelt ar\u012b uz seguma, kur\u0101 nevar iedz\u012bt mieti\u0146us. Viegli un saprotami uzst\u0101d\u0101ma, pateicoties kr\u0101su sist\u0113mai.<\/span><\/p>\n<h4>SPECIFIK\u0100CIJA:<\/h4>\n<table border=\"0\" width=\"562\">\n<tbody>\n<tr>\n<td><strong>Gr\u012bdas materi\u0101ls<\/strong>:<\/td>\n<td>50d 100% Polyester Taffeta 290T&nbsp;<strong>2000mm<\/strong>&nbsp;F\/R<\/td>\n<\/tr>\n<tr>\n<td><strong>Tenta materi\u0101ls<\/strong>:<\/td>\n<td>50D 100% Polyester Ripstop 290T&nbsp;<strong>1200mm<\/strong>, F\/R<\/td>\n<\/tr>\n<tr>\n<td><strong>Iek&scaron;\u0113j\u0101s telts materi\u0101ls<\/strong>:<\/td>\n<td>68d 100% Polyester Ripstop 190T<br \/>40d 100% Polyester No-See-Um Mesh<\/td>\n<\/tr>\n<tr>\n<td><strong>Minim\u0101lais svars<\/strong>:<\/td>\n<td>2740 g<\/td>\n<\/tr>\n<tr>\n<td><strong>Kop\u0113jais svars:<\/strong><\/td>\n<td>3244 g<\/td>\n<\/tr>\n<tr>\n<td><strong>Gr\u012bdas laukums:<\/strong><\/td>\n<td>6.6 m&sup2;<\/td>\n<\/tr>\n<tr>\n<td><strong>Vestibila laukums<\/strong>:<\/td>\n<td>0.6m&sup2; un 0.6m&sup2;<\/td>\n<\/tr>\n<tr>\n<td><strong>Sapakotas telts izm\u0113ri<\/strong>:<\/td>\n<td>56 x 20 cm<\/td>\n<\/tr>\n<tr>\n<td><strong>Telts izm\u0113ri<\/strong>:<\/td>\n<td>234 x 180\/165 x 115 cm<\/td>\n<\/tr>\n<tr>\n<td><strong>Karkasa loku materi\u0101ls<\/strong>:<\/td>\n<td>Yunan SD70PF 9,5mm<\/td>\n<\/tr>\n<tr>\n<td><strong>Karkasa loku skaits<\/strong>:<\/td>\n<td>3<\/td>\n<\/tr>\n<tr>\n<td><strong><strong>Ieeju skaits<\/strong>:<\/strong><\/td>\n<td>2<\/td>\n<\/tr>\n<tr>\n<td><strong>Vietu skaits<\/strong>:<\/td>\n<td>3<\/td>\n<\/tr>\n<\/tbody>\n<\/table>\n<h4>RAKSTUROJUMS: &nbsp;<\/h4>\n<ul>\n<li>Pre-bend loku konstrukcija, kas veido vertik\u0101las sienas, \u013caujot maksim\u0101li izmantot visu telts iek&scaron;\u0113jo laukumu<\/li>\n<li>Izvirz\u012btas s\u0101nu kabatas, mantu, somu glab\u0101&scaron;anai, vai vieta \u010detrk\u0101jainajiem draugiem<\/li>\n<li>Br\u012bvi st\u0101vo&scaron;a telts konstrukcija, \u012bpa&scaron;i lielas durvis un divi priek&scaron;nami mantu uzglab\u0101&scaron;anai<\/li>\n<li>Color-coded &ldquo;easy pitch&rdquo; kr\u0101su sist\u0113ma vieglai un saprotamai uzst\u0101d\u012b&scaron;anai<\/li>\n<li>Kabatas telts iek&scaron;pus\u0113 s\u012bkumu organiz\u0113&scaron;anai, kabata laternai<\/li>\n<li>Ve\u013cas aukla ekip\u0113juma organiz\u0113&scaron;anai vai invent\u0101ra \u017e\u0101v\u0113&scaron;anai<\/li>\n<li>L\u012bm\u0113tas &scaron;uves un vannas konstrukcija gr\u012bdai, ne\u013caus mitrumam nok\u013c\u016bt iek&scaron;pus\u0113<\/li>\n<li>Iek\u013cauta papildus gr\u012bda (footprint)<\/li>\n<\/ul>\n","protected":false},"excerpt":{"rendered":"<p>Limelight 3P pla&scaron;a tr\u012bssezonu telts ar liel\u0101m durv\u012bm un div\u0101m liel\u0101m s\u0101nu kabat\u0101m mantu glab\u0101&scaron;anai. Pre-bent telts loku konstrukcija, kas veido vertik\u0101las sienas, t\u0101d\u0113jadi \u013caujot maksim\u0101li izmantot visu telts iek&scaron;\u0113jo laukumu. Br\u012bvi st\u0101vo&scaron;a konstrukcija \u013caus to uzcelt ar\u012b uz seguma, kur\u0101 nevar iedz\u012bt mieti\u0146us. Viegli un saprotami uzst\u0101d\u0101ma, pateicoties kr\u0101su sist\u0113mai. SPECIFIK\u0100CIJA: Gr\u012bdas materi\u0101ls: 50d [&hellip;]<\/p>\n","protected":false},"featured_media":0,"template":"","meta":[],"product_brand":[908],"product_cat":[4558,4568,4640,4955],"product_tag":[],"class_list":{"0":"post-76317","1":"product","2":"type-product","3":"status-publish","5":"product_brand-marmot","6":"product_cat-for-tourism-recreation","7":"product_cat-tents-for-tourism-recreation","8":"product_cat-recreation","9":"product_cat-marmot-tents-tents-for-tourism-recreation","11":"first","12":"instock","13":"shipping-taxable","14":"purchasable","15":"product-type-simple"},"_links":{"self":[{"href":"https:\/\/sezona.lv\/en\/wp-json\/wp\/v2\/product\/76317","targetHints":{"allow":["GET"]}}],"collection":[{"href":"https:\/\/sezona.lv\/en\/wp-json\/wp\/v2\/product"}],"about":[{"href":"https:\/\/sezona.lv\/en\/wp-json\/wp\/v2\/types\/product"}],"wp:attachment":[{"href":"https:\/\/sezona.lv\/en\/wp-json\/wp\/v2\/media?parent=76317"}],"wp:term":[{"taxonomy":"product_brand","embeddable":true,"href":"https:\/\/sezona.lv\/en\/wp-json\/wp\/v2\/product_brand?post=76317"},{"taxonomy":"product_cat","embeddable":true,"href":"https:\/\/sezona.lv\/en\/wp-json\/wp\/v2\/product_cat?post=76317"},{"taxonomy":"product_tag","embeddable":true,"href":"https:\/\/sezona.lv\/en\/wp-json\/wp\/v2\/product_tag?post=76317"}],"curies":[{"name":"wp","href":"https:\/\/api.w.org\/{rel}","templated":true}]}}