{"id":76318,"date":"2025-07-14T14:49:23","date_gmt":"2025-07-14T11:49:23","guid":{"rendered":"https:\/\/demo8.ecube.lv\/sezona.lv\/products\/marmot-kempinga-telts-limestone-4p\/"},"modified":"2025-07-14T14:49:23","modified_gmt":"2025-07-14T11:49:23","slug":"marmot-kempinga-telts-limestone-4p","status":"publish","type":"product","link":"https:\/\/sezona.lv\/en\/products\/marmot-kempinga-telts-limestone-4p\/","title":{"rendered":"Marmot kempinga telts Limestone 4P"},"content":{"rendered":"<div class=\"rte\">\n<p>Lieliska tr\u012bs sezonu \u010detrviet\u012bg\u0101 kempinga telts no  Marmot tel&scaron;u kolekcijas. Ar 5,6m&sup2; plat\u012bbu, viegliem un iztur\u012bgiem DAC  telts lokiem un \u0101rk\u0101rt\u012bgi vienk\u0101r&scaron;u uzslie&scaron;anu, t\u0101 b\u016bs labs ce\u013cabiedrs  piedz\u012bvojumos. Teltij ir &#8220;D&#8221; tipa ieeja ar pla&scaron;u vestibilu, kura plat\u012bba  ir 1,7m&sup2;. Teicama ventil\u0101cija, \u016bdens iztur\u012bba un konstrukcija padara &scaron;o  telti par lielisku ekip\u0113juma sast\u0101vda\u013cu. Telts ir pietieko&scaron;i gara un  lieliski der\u0113s gar\u0101ka auguma cilv\u0113kiem. Br\u012bvi st\u0101vo&scaron;a konstrukcija \u013caus  to uzcelt ar\u012b uz seguma, kur\u0101 nevar iedz\u012bt mieti\u0146us. Ir padom\u0101ts par  katru telts deta\u013cu, k\u0101 piem\u0113ram &scaron;ai teltij ir ne\u017evadzo&scaron;i r\u0101v\u0113jsl\u0113dz\u0113ji.  Ja telts virsk\u0101rtu sakombin\u0113 ar DAC lokiem un Limestone 4P Footprint,  tad ieg\u016bst \u0101tro patv\u0113rumu. \u012apa&scaron;i piem\u0113rota kempingo&scaron;anai un p\u0101rg\u0101jieniem  ar \u0123imeni. Marmot ra\u017eotaj\u0101m telt\u012bm uzr\u0101d\u012btais \u016bdens notur\u012bbas r\u0101d\u012bt\u0101js  ir minim\u0101lais garant\u0113tais p\u0113c gada lieto&scaron;anas!!!<\/p>\n<h4>Specifik\u0101cija:<\/h4>\n<p><strong>Gr\u012bdas materi\u0101ls<\/strong>: 150d 100% Nylon 3000mm, W\/R, F\/R <br \/><strong>Tenta materi\u0101ls<\/strong>: 68d 210T 100 % Polyester Ripstop 1800mm, W\/R, F\/R <br \/><strong>Iek&scaron;\u0113j\u0101s telts materi\u0101ls<\/strong>: 40d 100% Polyester No-See-Um Mesh F\/R 70d 100% Polyester Taffeta F\/R <br \/><strong>Minim\u0101lais svars<\/strong>: 4960 grami <br \/><strong>Pilna komplekta svars<\/strong>: 5330 grami <br \/><strong>Gr\u012bdas laukums<\/strong>: 5,6 m&sup2; <br \/><strong>Vestibila laukums<\/strong>: 1,7 m&sup2; <br \/><strong>Sapakotas telts izm\u0113ri<\/strong>: 26cm x 70 cm <br \/><strong>Telts izm\u0113ri<\/strong>: 152cm x 218cm x 254cm <br \/><strong>Karkasa loku materi\u0101ls<\/strong>: DAC DA17 13 mm Poles <br \/><strong>Karkasa loku skaits<\/strong>: 4 <br \/><strong>Ieeju skaits<\/strong>: 2 <br \/><strong>Vietu skaits<\/strong>: 4&nbsp;<\/p>\n<h4>Raksturojums:<\/h4>\n<ul>\n<li>D tipa durvis ar vestibilu<\/li>\n<li>Kr\u0101su atz\u012bmes viegl\u0101kai uzst\u0101d\u012b&scaron;anai<\/li>\n<li>Br\u012bvi st\u0101vo&scaron;a konstrukcija<\/li>\n<li>Atstarojo&scaron;i logotipi<\/li>\n<li>Piln\u012bb\u0101 p\u0101rl\u012bm\u0113tas &scaron;uves<\/li>\n<li>Telts loku kabati\u0146as<\/li>\n<li>Komplekt\u0101 iek\u013cauts priek&scaron;nama pakl\u0101js.<\/li>\n<\/ul>\n<\/div>\n","protected":false},"excerpt":{"rendered":"<p>Lieliska tr\u012bs sezonu \u010detrviet\u012bg\u0101 kempinga telts no Marmot tel&scaron;u kolekcijas. Ar 5,6m&sup2; plat\u012bbu, viegliem un iztur\u012bgiem DAC telts lokiem un \u0101rk\u0101rt\u012bgi vienk\u0101r&scaron;u uzslie&scaron;anu, t\u0101 b\u016bs labs ce\u013cabiedrs piedz\u012bvojumos. Teltij ir &#8220;D&#8221; tipa ieeja ar pla&scaron;u vestibilu, kura plat\u012bba ir 1,7m&sup2;. Teicama ventil\u0101cija, \u016bdens iztur\u012bba un konstrukcija padara &scaron;o telti par lielisku ekip\u0113juma sast\u0101vda\u013cu. Telts ir [&hellip;]<\/p>\n","protected":false},"featured_media":0,"template":"","meta":[],"product_brand":[908],"product_cat":[4558,4568,4640,4955],"product_tag":[],"class_list":{"0":"post-76318","1":"product","2":"type-product","3":"status-publish","5":"product_brand-marmot","6":"product_cat-for-tourism-recreation","7":"product_cat-tents-for-tourism-recreation","8":"product_cat-recreation","9":"product_cat-marmot-tents-tents-for-tourism-recreation","11":"first","12":"instock","13":"shipping-taxable","14":"purchasable","15":"product-type-simple"},"_links":{"self":[{"href":"https:\/\/sezona.lv\/en\/wp-json\/wp\/v2\/product\/76318","targetHints":{"allow":["GET"]}}],"collection":[{"href":"https:\/\/sezona.lv\/en\/wp-json\/wp\/v2\/product"}],"about":[{"href":"https:\/\/sezona.lv\/en\/wp-json\/wp\/v2\/types\/product"}],"wp:attachment":[{"href":"https:\/\/sezona.lv\/en\/wp-json\/wp\/v2\/media?parent=76318"}],"wp:term":[{"taxonomy":"product_brand","embeddable":true,"href":"https:\/\/sezona.lv\/en\/wp-json\/wp\/v2\/product_brand?post=76318"},{"taxonomy":"product_cat","embeddable":true,"href":"https:\/\/sezona.lv\/en\/wp-json\/wp\/v2\/product_cat?post=76318"},{"taxonomy":"product_tag","embeddable":true,"href":"https:\/\/sezona.lv\/en\/wp-json\/wp\/v2\/product_tag?post=76318"}],"curies":[{"name":"wp","href":"https:\/\/api.w.org\/{rel}","templated":true}]}}