{"id":76319,"date":"2025-07-14T14:49:24","date_gmt":"2025-07-14T11:49:24","guid":{"rendered":"https:\/\/demo8.ecube.lv\/sezona.lv\/products\/atala-terrier-175\/"},"modified":"2025-07-14T14:49:24","modified_gmt":"2025-07-14T11:49:24","slug":"atala-terrier-175","status":"publish","type":"product","link":"https:\/\/sezona.lv\/en\/products\/atala-terrier-175\/","title":{"rendered":"Atala Terrier 175"},"content":{"rendered":"<p>&nbsp;<\/p>\n<ul>\n<li>Skrejceli\u0146&scaron;<\/li>\n<li>\u0100trums: 1-16 km\/st.<\/li>\n<li>Motora jauda: 1.75 zs.<\/li>\n<li>Motora klase: DC<\/li>\n<li>Maks. lietot\u0101ja svars: 100 kg<\/li>\n<li>Izm\u0113ri: 167 x 71 x 130 cm<\/li>\n<li>Izm\u0113ri salikt\u0101 veid\u0101: 102 x 71 x 98 cm<\/li>\n<li>Skrejlenta: 40 x 120 cm<\/li>\n<li>Ru\u013c\u013ca diametrs: 1.8&#8243;<\/li>\n<li>Amortiz\u0101cijas sist\u0113ma: Elastom\u0113ri<\/li>\n<li>Sl\u012bpuma uzst\u0101d\u012bjumi: 3 (manu\u0101l\u0101 uzst\u0101d\u012b&scaron;ana)<\/li>\n<li>Pulsa dev\u0113ji uz rokturiem<\/li>\n<p><\/p>\n<li>Dators:<\/li>\n<p>LCD displejs 67 x 118 cm&nbsp;<br \/>Programmu skaits: 15 (\u0101trums)&nbsp;<br \/>6 \u0101truma karstie tausti\u0146i&nbsp;<br \/>Atpaka\u013cskait\u012b&scaron;anas funkcija (laiks, distance, kalorijas)\n<\/ul>\n<p>&nbsp;<\/p>\n<p>&nbsp;<\/p>\n","protected":false},"excerpt":{"rendered":"<p>&nbsp; Skrejceli\u0146&scaron; \u0100trums: 1-16 km\/st. Motora jauda: 1.75 zs. Motora klase: DC Maks. lietot\u0101ja svars: 100 kg Izm\u0113ri: 167 x 71 x 130 cm Izm\u0113ri salikt\u0101 veid\u0101: 102 x 71 x 98 cm Skrejlenta: 40 x 120 cm Ru\u013c\u013ca diametrs: 1.8&#8243; Amortiz\u0101cijas sist\u0113ma: Elastom\u0113ri Sl\u012bpuma uzst\u0101d\u012bjumi: 3 (manu\u0101l\u0101 uzst\u0101d\u012b&scaron;ana) Pulsa dev\u0113ji uz rokturiem Dators: LCD [&hellip;]<\/p>\n","protected":false},"featured_media":0,"template":"","meta":[],"product_brand":[],"product_cat":[4587,4588,4591],"product_tag":[],"class_list":{"0":"post-76319","1":"product","2":"type-product","3":"status-publish","5":"product_cat-sports","6":"product_cat-trainers-sports","7":"product_cat-runways-trainers-sports","9":"first","10":"instock","11":"shipping-taxable","12":"purchasable","13":"product-type-simple"},"_links":{"self":[{"href":"https:\/\/sezona.lv\/en\/wp-json\/wp\/v2\/product\/76319","targetHints":{"allow":["GET"]}}],"collection":[{"href":"https:\/\/sezona.lv\/en\/wp-json\/wp\/v2\/product"}],"about":[{"href":"https:\/\/sezona.lv\/en\/wp-json\/wp\/v2\/types\/product"}],"wp:attachment":[{"href":"https:\/\/sezona.lv\/en\/wp-json\/wp\/v2\/media?parent=76319"}],"wp:term":[{"taxonomy":"product_brand","embeddable":true,"href":"https:\/\/sezona.lv\/en\/wp-json\/wp\/v2\/product_brand?post=76319"},{"taxonomy":"product_cat","embeddable":true,"href":"https:\/\/sezona.lv\/en\/wp-json\/wp\/v2\/product_cat?post=76319"},{"taxonomy":"product_tag","embeddable":true,"href":"https:\/\/sezona.lv\/en\/wp-json\/wp\/v2\/product_tag?post=76319"}],"curies":[{"name":"wp","href":"https:\/\/api.w.org\/{rel}","templated":true}]}}