{"id":76320,"date":"2025-07-14T14:49:24","date_gmt":"2025-07-14T11:49:24","guid":{"rendered":"https:\/\/demo8.ecube.lv\/sezona.lv\/products\/atala-panther-250\/"},"modified":"2025-07-14T14:49:24","modified_gmt":"2025-07-14T11:49:24","slug":"atala-panther-250","status":"publish","type":"product","link":"https:\/\/sezona.lv\/en\/products\/atala-panther-250\/","title":{"rendered":"Atala Panther 250"},"content":{"rendered":"<p>&nbsp;<\/p>\n<li>Skrejceli\u0146&scaron;<\/li>\n<li>\u0100trums: 1-20 km\/st.<\/li>\n<li>Motora jauda: 2.5 zs.<\/li>\n<li>Motora klase: DC<\/li>\n<li>Maks. lietot\u0101ja svars: 120 kg<\/li>\n<li>Izm\u0113ri: 190x84x130 cm<\/li>\n<li>Izm\u0113ri salikt\u0101 veid\u0101: 135x84x154 cm<\/li>\n<li>Skrejlenta: 50&#215;137 cm<\/li>\n<li>Ru\u013c\u013ca diametrs: 1.8&#8243;<\/li>\n<li>Amortiz\u0101cijas sist\u0113ma: Elastom\u0113ri<\/li>\n<li>Sl\u012bpuma uzst\u0101d\u012bjumi: 20 (ar elektromotoru)<\/li>\n<li>Pulsa dev\u0113ji uz rokturiem<\/li>\n<p>&nbsp;<\/p>\n<li>Dators:<\/li>\n<p>LCD displejs ar apgaismojumu 67&#215;118 cm&nbsp;<br \/>Programmu skaits: 25&nbsp;<br \/>3 \u0101truma un 3 sl\u012bpuma karstie tausti\u0146i&nbsp;<br \/>Atpaka\u013cskait\u012b&scaron;anas funkcija (laiks, distance, kalorijas)<\/p>\n<p>&nbsp;<\/p>\n","protected":false},"excerpt":{"rendered":"<p>&nbsp; Skrejceli\u0146&scaron; \u0100trums: 1-20 km\/st. Motora jauda: 2.5 zs. Motora klase: DC Maks. lietot\u0101ja svars: 120 kg Izm\u0113ri: 190x84x130 cm Izm\u0113ri salikt\u0101 veid\u0101: 135x84x154 cm Skrejlenta: 50&#215;137 cm Ru\u013c\u013ca diametrs: 1.8&#8243; Amortiz\u0101cijas sist\u0113ma: Elastom\u0113ri Sl\u012bpuma uzst\u0101d\u012bjumi: 20 (ar elektromotoru) Pulsa dev\u0113ji uz rokturiem &nbsp; Dators: LCD displejs ar apgaismojumu 67&#215;118 cm&nbsp;Programmu skaits: 25&nbsp;3 \u0101truma un [&hellip;]<\/p>\n","protected":false},"featured_media":0,"template":"","meta":[],"product_brand":[],"product_cat":[4587,4588,4591],"product_tag":[],"class_list":{"0":"post-76320","1":"product","2":"type-product","3":"status-publish","5":"product_cat-sports","6":"product_cat-trainers-sports","7":"product_cat-runways-trainers-sports","9":"first","10":"instock","11":"shipping-taxable","12":"purchasable","13":"product-type-simple"},"_links":{"self":[{"href":"https:\/\/sezona.lv\/en\/wp-json\/wp\/v2\/product\/76320","targetHints":{"allow":["GET"]}}],"collection":[{"href":"https:\/\/sezona.lv\/en\/wp-json\/wp\/v2\/product"}],"about":[{"href":"https:\/\/sezona.lv\/en\/wp-json\/wp\/v2\/types\/product"}],"wp:attachment":[{"href":"https:\/\/sezona.lv\/en\/wp-json\/wp\/v2\/media?parent=76320"}],"wp:term":[{"taxonomy":"product_brand","embeddable":true,"href":"https:\/\/sezona.lv\/en\/wp-json\/wp\/v2\/product_brand?post=76320"},{"taxonomy":"product_cat","embeddable":true,"href":"https:\/\/sezona.lv\/en\/wp-json\/wp\/v2\/product_cat?post=76320"},{"taxonomy":"product_tag","embeddable":true,"href":"https:\/\/sezona.lv\/en\/wp-json\/wp\/v2\/product_tag?post=76320"}],"curies":[{"name":"wp","href":"https:\/\/api.w.org\/{rel}","templated":true}]}}