{"id":76321,"date":"2025-07-14T14:49:25","date_gmt":"2025-07-14T11:49:25","guid":{"rendered":"https:\/\/demo8.ecube.lv\/sezona.lv\/products\/skvosa-bumbinas\/"},"modified":"2025-07-14T14:49:25","modified_gmt":"2025-07-14T11:49:25","slug":"skvosa-bumbinas","status":"publish","type":"product","link":"https:\/\/sezona.lv\/en\/products\/skvosa-bumbinas\/","title":{"rendered":"Skvo\u0161a bumbi\u0146as"},"content":{"rendered":"<p>Nodro&scaron;ina labas sp\u0113les kvalit\u0101ti. Apstiprin\u0101tas Pasaules Skvo&scaron;a Feder\u0101cijai. Ir pieejami da\u017e\u0101di \u0101trumi (fast, medium, slow, extra slow) Iepakojum\u0101 1 gb.&nbsp;<\/p>\n","protected":false},"excerpt":{"rendered":"<p>Nodro&scaron;ina labas sp\u0113les kvalit\u0101ti. Apstiprin\u0101tas Pasaules Skvo&scaron;a Feder\u0101cijai. Ir pieejami da\u017e\u0101di \u0101trumi (fast, medium, slow, extra slow) Iepakojum\u0101 1 gb.&nbsp;<\/p>\n","protected":false},"featured_media":0,"template":"","meta":[],"product_brand":[920],"product_cat":[4587,4742,4743],"product_tag":[],"class_list":{"0":"post-76321","1":"product","2":"type-product","3":"status-publish","5":"product_brand-wilson","6":"product_cat-sports","7":"product_cat-squash-summer-sports-sports","8":"product_cat-squash-rackets-squash-summer-sports-sports","10":"first","11":"instock","12":"shipping-taxable","13":"purchasable","14":"product-type-simple"},"_links":{"self":[{"href":"https:\/\/sezona.lv\/en\/wp-json\/wp\/v2\/product\/76321","targetHints":{"allow":["GET"]}}],"collection":[{"href":"https:\/\/sezona.lv\/en\/wp-json\/wp\/v2\/product"}],"about":[{"href":"https:\/\/sezona.lv\/en\/wp-json\/wp\/v2\/types\/product"}],"wp:attachment":[{"href":"https:\/\/sezona.lv\/en\/wp-json\/wp\/v2\/media?parent=76321"}],"wp:term":[{"taxonomy":"product_brand","embeddable":true,"href":"https:\/\/sezona.lv\/en\/wp-json\/wp\/v2\/product_brand?post=76321"},{"taxonomy":"product_cat","embeddable":true,"href":"https:\/\/sezona.lv\/en\/wp-json\/wp\/v2\/product_cat?post=76321"},{"taxonomy":"product_tag","embeddable":true,"href":"https:\/\/sezona.lv\/en\/wp-json\/wp\/v2\/product_tag?post=76321"}],"curies":[{"name":"wp","href":"https:\/\/api.w.org\/{rel}","templated":true}]}}