{"id":76322,"date":"2025-07-14T14:49:26","date_gmt":"2025-07-14T11:49:26","guid":{"rendered":"https:\/\/demo8.ecube.lv\/sezona.lv\/products\/leki-nujosanas-nujas-bernu-walker-xs\/"},"modified":"2025-07-14T14:49:26","modified_gmt":"2025-07-14T11:49:26","slug":"leki-nujosanas-nujas-bernu-walker-xs","status":"publish","type":"product","link":"https:\/\/sezona.lv\/en\/products\/leki-nujosanas-nujas-bernu-walker-xs\/","title":{"rendered":"Leki n\u016bjo\u0161anas n\u016bjas b\u0113rnu Walker XS"},"content":{"rendered":"<div class=\"rte\">\n<p>Regul\u0113jamas b\u0113rnu un pusaud\u017eu n\u016bjo&scaron;anas n\u016bjas ar SL  (Speed Lock) sist\u0113mu, kas nodro&scaron;ina \u0101tru un \u0113rtu regul\u0101cijas iesp\u0113ju.  No\u0146emams cimdi\u0146&scaron; un main\u0101mi uzga\u013cu grozi\u0146i. Komplekt\u0101 ir gumijas uzga\u013ci  asfaltam.<\/p>\n<h4>Specifik\u0101cija:<\/h4>\n<p><strong> Materi\u0101ls:<\/strong> Avi\u0101cijas Alum\u012bnijs HTS 5.5 <br \/><strong>Regul\u0113jams garums:<\/strong> 80-110 cm <br \/><strong>Rokturis:<\/strong> Glide Zone Tiger 1 <br \/><strong>Uzgalis:<\/strong> Karb\u012bda Flextip ar gumijas uzmavu &#8220;Powergrip Pad&#8221; <br \/><strong>Diametrs:<\/strong> 16\/14 mm <br \/><strong>Regul\u0113&scaron;anas sist\u0113ma:<\/strong> Speed Lock <br \/><strong>Plaukstas lence (cimdi\u0146&scaron;):<\/strong> Power Tigger 1, regul\u0113jama no S l\u012bdz L izm\u0113ram <br \/><strong>P\u0101rkl\u0101jums:<\/strong> Ultra Sonic &#8211; kvalitat\u012bvs pul\u0113jums, \u013coti sp\u0113c\u012bgs aizsarglakojums, p\u0101rkl\u0101ts ar grafisku z\u012bm\u0113jumu. <br \/><strong>Svars:<\/strong> 410 grami<\/p>\n<\/div>\n<p>N\u016bjas garums ir j\u0101izv\u0113l\u0101s attiec\u012bb\u0101 pret n\u016bjot\u0101ja augumu<\/p>\n<table border=\"0\" cellspacing=\"0\" cellpadding=\"0\" width=\"150\">\n<tbody>\n<tr>\n<td>\n<p align=\"center\"><strong>n\u016bja cm<\/strong><\/p>\n<\/td>\n<td>\n<p align=\"center\"><strong>n\u016bjot\u0101js cm<\/strong><\/p>\n<\/td>\n<\/tr>\n<tr>\n<td>\n<p align=\"center\">90<\/p>\n<\/td>\n<td>\n<p align=\"center\">128 &#8211; 140<\/p>\n<\/td>\n<\/tr>\n<tr>\n<td>\n<p align=\"center\">95<\/p>\n<\/td>\n<td>\n<p align=\"center\">136 &#8211; 145<\/p>\n<\/td>\n<\/tr>\n<tr>\n<td>\n<p align=\"center\">100<\/p>\n<\/td>\n<td>\n<p align=\"center\">142 &#8211; 152<\/p>\n<\/td>\n<\/tr>\n<tr>\n<td>\n<p align=\"center\">105<\/p>\n<\/td>\n<td>\n<p align=\"center\">150 &#8211; 160<\/p>\n<\/td>\n<\/tr>\n<tr>\n<td>\n<p align=\"center\">110<\/p>\n<\/td>\n<td>\n<p align=\"center\">158 &#8211; 168<\/p>\n<\/td>\n<\/tr>\n<tr>\n<td>\n<p align=\"center\">115<\/p>\n<\/td>\n<td>\n<p align=\"center\">165 &#8211; 175<\/p>\n<\/td>\n<\/tr>\n<tr>\n<td>\n<p align=\"center\">120<\/p>\n<\/td>\n<td>\n<p align=\"center\">173 &#8211; 182<\/p>\n<\/td>\n<\/tr>\n<tr>\n<td>\n<p align=\"center\">125<\/p>\n<\/td>\n<td>\n<p align=\"center\">180 &#8211; 190<\/p>\n<\/td>\n<\/tr>\n<tr>\n<td>\n<p align=\"center\">130<\/p>\n<\/td>\n<td>\n<p align=\"center\">188 &#8211; 198<\/p>\n<\/td>\n<\/tr>\n<tr>\n<td>\n<p align=\"center\">135<\/p>\n<\/td>\n<td>\n<p align=\"center\">196 &#8211; 196<\/p>\n<\/td>\n<\/tr>\n<\/tbody>\n<\/table>\n<p>&nbsp;<\/p>\n<p>&nbsp;<\/p>\n","protected":false},"excerpt":{"rendered":"<p>Regul\u0113jamas b\u0113rnu un pusaud\u017eu n\u016bjo&scaron;anas n\u016bjas ar SL (Speed Lock) sist\u0113mu, kas nodro&scaron;ina \u0101tru un \u0113rtu regul\u0101cijas iesp\u0113ju. No\u0146emams cimdi\u0146&scaron; un main\u0101mi uzga\u013cu grozi\u0146i. Komplekt\u0101 ir gumijas uzga\u013ci asfaltam. Specifik\u0101cija: Materi\u0101ls: Avi\u0101cijas Alum\u012bnijs HTS 5.5 Regul\u0113jams garums: 80-110 cm Rokturis: Glide Zone Tiger 1 Uzgalis: Karb\u012bda Flextip ar gumijas uzmavu &#8220;Powergrip Pad&#8221; Diametrs: 16\/14 mm [&hellip;]<\/p>\n","protected":false},"featured_media":0,"template":"","meta":[],"product_brand":[932],"product_cat":[4587,4602,4746,4747],"product_tag":[],"class_list":{"0":"post-76322","1":"product","2":"type-product","3":"status-publish","5":"product_brand-leki","6":"product_cat-sports","7":"product_cat-summer-sports-sports","8":"product_cat-nordic-walking-summer-sports-sports","9":"product_cat-walking-sticks-nordic-walking-summer-sports-sports","11":"first","12":"instock","13":"shipping-taxable","14":"purchasable","15":"product-type-simple"},"_links":{"self":[{"href":"https:\/\/sezona.lv\/en\/wp-json\/wp\/v2\/product\/76322","targetHints":{"allow":["GET"]}}],"collection":[{"href":"https:\/\/sezona.lv\/en\/wp-json\/wp\/v2\/product"}],"about":[{"href":"https:\/\/sezona.lv\/en\/wp-json\/wp\/v2\/types\/product"}],"wp:attachment":[{"href":"https:\/\/sezona.lv\/en\/wp-json\/wp\/v2\/media?parent=76322"}],"wp:term":[{"taxonomy":"product_brand","embeddable":true,"href":"https:\/\/sezona.lv\/en\/wp-json\/wp\/v2\/product_brand?post=76322"},{"taxonomy":"product_cat","embeddable":true,"href":"https:\/\/sezona.lv\/en\/wp-json\/wp\/v2\/product_cat?post=76322"},{"taxonomy":"product_tag","embeddable":true,"href":"https:\/\/sezona.lv\/en\/wp-json\/wp\/v2\/product_tag?post=76322"}],"curies":[{"name":"wp","href":"https:\/\/api.w.org\/{rel}","templated":true}]}}