{"id":76324,"date":"2025-07-14T14:49:27","date_gmt":"2025-07-14T11:49:27","guid":{"rendered":"https:\/\/demo8.ecube.lv\/sezona.lv\/products\/leki-nujosanas-nujas-smart-carbon\/"},"modified":"2025-07-14T14:49:27","modified_gmt":"2025-07-14T11:49:27","slug":"leki-nujosanas-nujas-smart-carbon","status":"publish","type":"product","link":"https:\/\/sezona.lv\/en\/products\/leki-nujosanas-nujas-smart-carbon\/","title":{"rendered":"Leki n\u016bjo\u0161anas n\u016bjas Smart Carbon"},"content":{"rendered":"<div class=\"rte\">\n<p>\u013boti vieglas 100% oglek\u013ca &scaron;\u0137iedras (karbona)  n\u016bjo&scaron;ans n\u016bjas ar jauno Smart Tip uzgali. N\u016bj\u0101m ir jaunais un uzlabotais  Trigger Shark 2.0 rokturis ar no\u0146emamu cimdi\u0146u.<\/p>\n<h4>Specifik\u0101cija:<\/h4>\n<p><strong>Materi\u0101ls:<\/strong> 100% Carbon <br \/><strong>Garums:<\/strong> 110-120 cm ar 5 cm soli <br \/><strong>Rokturis:<\/strong> Trigger Shark 2.0 <br \/><strong>Uzgalis:<\/strong> Karb\u012bda Flextip ar gumijas uzmavu &#8220;Smart Tip&#8221;<br \/><strong>Diametrs:<\/strong> 14 mm<br \/><strong>Plaukstas lence (cimdi\u0146&scaron;):<\/strong> Trigger Shark regul\u0113jams no S l\u012bdz L izm\u0113ram <br \/><strong>Svars:<\/strong> 181 grami (115 cm n\u016bjai) <br \/><strong>P\u0101rkl\u0101jums:<\/strong> Ultra Sonic &#8211; kvalitat\u012bvs pul\u0113jums, \u013coti sp\u0113c\u012bgs aizsarglakojums, p\u0101rkl\u0101ts ar grafisku z\u012bm\u0113jumu<\/p>\n<\/div>\n<p>&nbsp;<\/p>\n<p>N\u016bjas garums ir j\u0101izv\u0113l\u0101s attiec\u012bb\u0101 pret n\u016bjot\u0101ja augumu<\/p>\n<p>&nbsp;<\/p>\n<table border=\"0\" cellspacing=\"0\" cellpadding=\"0\" width=\"150\">\n<tbody>\n<tr>\n<td>\n<p align=\"center\"><strong>n\u016bja cm<\/strong><\/p>\n<\/td>\n<td>\n<p align=\"center\"><strong>n\u016bjot\u0101js cm<\/strong><\/p>\n<\/td>\n<\/tr>\n<tr>\n<td>\n<p align=\"center\">90<\/p>\n<\/td>\n<td>\n<p align=\"center\">128 &#8211; 140<\/p>\n<\/td>\n<\/tr>\n<tr>\n<td>\n<p align=\"center\">95<\/p>\n<\/td>\n<td>\n<p align=\"center\">136 &#8211; 145<\/p>\n<\/td>\n<\/tr>\n<tr>\n<td>\n<p align=\"center\">100<\/p>\n<\/td>\n<td>\n<p align=\"center\">142 &#8211; 152<\/p>\n<\/td>\n<\/tr>\n<tr>\n<td>\n<p align=\"center\">105<\/p>\n<\/td>\n<td>\n<p align=\"center\">150 &#8211; 160<\/p>\n<\/td>\n<\/tr>\n<tr>\n<td>\n<p align=\"center\">110<\/p>\n<\/td>\n<td>\n<p align=\"center\">158 &#8211; 168<\/p>\n<\/td>\n<\/tr>\n<tr>\n<td>\n<p align=\"center\">115<\/p>\n<\/td>\n<td>\n<p align=\"center\">165 &#8211; 175<\/p>\n<\/td>\n<\/tr>\n<tr>\n<td>\n<p align=\"center\">120<\/p>\n<\/td>\n<td>\n<p align=\"center\">173 &#8211; 182<\/p>\n<\/td>\n<\/tr>\n<tr>\n<td>\n<p align=\"center\">125<\/p>\n<\/td>\n<td>\n<p align=\"center\">180 &#8211; 190<\/p>\n<\/td>\n<\/tr>\n<tr>\n<td>\n<p align=\"center\">130<\/p>\n<\/td>\n<td>\n<p align=\"center\">188 &#8211; 198<\/p>\n<\/td>\n<\/tr>\n<tr>\n<td>\n<p align=\"center\">135<\/p>\n<\/td>\n<td>\n<p align=\"center\">196 &#8211; 196<\/p>\n<\/td>\n<\/tr>\n<\/tbody>\n<\/table>\n<p>&nbsp;<\/p>\n<p>&nbsp;<\/p>\n","protected":false},"excerpt":{"rendered":"<p>\u013boti vieglas 100% oglek\u013ca &scaron;\u0137iedras (karbona) n\u016bjo&scaron;ans n\u016bjas ar jauno Smart Tip uzgali. N\u016bj\u0101m ir jaunais un uzlabotais Trigger Shark 2.0 rokturis ar no\u0146emamu cimdi\u0146u. Specifik\u0101cija: Materi\u0101ls: 100% Carbon Garums: 110-120 cm ar 5 cm soli Rokturis: Trigger Shark 2.0 Uzgalis: Karb\u012bda Flextip ar gumijas uzmavu &#8220;Smart Tip&#8221;Diametrs: 14 mmPlaukstas lence (cimdi\u0146&scaron;): Trigger Shark regul\u0113jams [&hellip;]<\/p>\n","protected":false},"featured_media":0,"template":"","meta":[],"product_brand":[932],"product_cat":[4587,4602,4746,4747],"product_tag":[],"class_list":{"0":"post-76324","1":"product","2":"type-product","3":"status-publish","5":"product_brand-leki","6":"product_cat-sports","7":"product_cat-summer-sports-sports","8":"product_cat-nordic-walking-summer-sports-sports","9":"product_cat-walking-sticks-nordic-walking-summer-sports-sports","11":"first","12":"instock","13":"shipping-taxable","14":"purchasable","15":"product-type-simple"},"_links":{"self":[{"href":"https:\/\/sezona.lv\/en\/wp-json\/wp\/v2\/product\/76324","targetHints":{"allow":["GET"]}}],"collection":[{"href":"https:\/\/sezona.lv\/en\/wp-json\/wp\/v2\/product"}],"about":[{"href":"https:\/\/sezona.lv\/en\/wp-json\/wp\/v2\/types\/product"}],"wp:attachment":[{"href":"https:\/\/sezona.lv\/en\/wp-json\/wp\/v2\/media?parent=76324"}],"wp:term":[{"taxonomy":"product_brand","embeddable":true,"href":"https:\/\/sezona.lv\/en\/wp-json\/wp\/v2\/product_brand?post=76324"},{"taxonomy":"product_cat","embeddable":true,"href":"https:\/\/sezona.lv\/en\/wp-json\/wp\/v2\/product_cat?post=76324"},{"taxonomy":"product_tag","embeddable":true,"href":"https:\/\/sezona.lv\/en\/wp-json\/wp\/v2\/product_tag?post=76324"}],"curies":[{"name":"wp","href":"https:\/\/api.w.org\/{rel}","templated":true}]}}