{"id":76325,"date":"2025-07-14T14:49:28","date_gmt":"2025-07-14T11:49:28","guid":{"rendered":"https:\/\/demo8.ecube.lv\/sezona.lv\/products\/leki-nujosanas-nujas-smart-traveller-carbon\/"},"modified":"2025-07-14T14:49:28","modified_gmt":"2025-07-14T11:49:28","slug":"leki-nujosanas-nujas-smart-traveller-carbon","status":"publish","type":"product","link":"https:\/\/sezona.lv\/en\/products\/leki-nujosanas-nujas-smart-traveller-carbon\/","title":{"rendered":"Leki n\u016bjo\u0161anas n\u016bjas Smart traveller Carbon"},"content":{"rendered":"<p>\u013boti vieglas un kompaktas n\u016bjo&scaron;anas n\u016bjas.  Izgatavotas no 100% oglek\u013ca &scaron;\u0137iedras. \u012apa&scaron;i piem\u0113rotas ce\u013cojumiem, jo  salikt\u0101 veid\u0101 ir tikai 62 cm garas. Pateicoties SLS (Super Lock System)  sist\u0113mai, kas nodro&scaron;ina n\u016bjas savienojuma vietas vertik\u0101lo iztur\u012bbu l\u012bdz  140kg, uz t\u0101m var dro&scaron;i atspiesties. No\u0146emams cimdi\u0146&scaron; un main\u0101mi uzga\u013cu  grozi\u0146i. Komplekt\u0101 ir gumijas uzga\u013ci ar radz\u0113m.<\/p>\n<h4>Specifik\u0101cija:<\/h4>\n<p><strong>Materi\u0101ls:<\/strong> 100% Carbon <br \/><strong>Regul\u0113jams garums:<\/strong> 90-130 cm <br \/><strong>Salikt\u0101 veid\u0101:<\/strong> 62 cm<br \/><strong>Izjaukt\u0101 veid\u0101:<\/strong> 52 cm <br \/><strong>Rokturis:<\/strong> 2-Component Shark COR TEC <br \/><strong>Uzgalis:<\/strong> Karb\u012bda Flextip ar gumijas uzmavu &#8220;Powergrip Spike Pad&#8221; <br \/><strong>Diametrs:<\/strong> 16\/14\/12 mm <br \/><strong>Regul\u0113&scaron;anas sist\u0113ma:<\/strong> Super Lock System &#8211; SLS<br \/><strong>Plaukstas lence (cimdi\u0146&scaron;):<\/strong> Power Tigger 3 &#8211; Shark, regul\u0113jama no S l\u012bdz L izm\u0113ram <br \/><strong>P\u0101rkl\u0101jums:<\/strong> Ultra Sonic &#8211; kvalitat\u012bvs pul\u0113jums, p\u0101rkl\u0101ts ar grafisku z\u012bm\u0113jumu,  kur&scaron;, savuk\u0101rt, p\u0101rkl\u0101ts ar \u012bpa&scaron;i nodilumiztur\u012bgu, \u013coti sp\u0113c\u012bgu  aizsarglakojumu <br \/><strong>Svars:<\/strong> 400 grami<\/p>\n<p><strong>Garums: <\/strong>90-130cm<\/p>\n<p>&nbsp;<\/p>\n<p>N\u016bjas garums ir j\u0101izv\u0113l\u0101s attiec\u012bb\u0101 pret n\u016bjot\u0101ja augumu<\/p>\n<p>&nbsp;<\/p>\n<table border=\"0\" cellspacing=\"0\" cellpadding=\"0\" width=\"150\">\n<tbody>\n<tr>\n<td>\n<p align=\"center\"><strong>n\u016bja cm<\/strong><\/p>\n<\/td>\n<td>\n<p align=\"center\"><strong>n\u016bjot\u0101js cm<\/strong><\/p>\n<\/td>\n<\/tr>\n<tr>\n<td>\n<p align=\"center\">90<\/p>\n<\/td>\n<td>\n<p align=\"center\">128 &#8211; 140<\/p>\n<\/td>\n<\/tr>\n<tr>\n<td>\n<p align=\"center\">95<\/p>\n<\/td>\n<td>\n<p align=\"center\">136 &#8211; 145<\/p>\n<\/td>\n<\/tr>\n<tr>\n<td>\n<p align=\"center\">100<\/p>\n<\/td>\n<td>\n<p align=\"center\">142 &#8211; 152<\/p>\n<\/td>\n<\/tr>\n<tr>\n<td>\n<p align=\"center\">105<\/p>\n<\/td>\n<td>\n<p align=\"center\">150 &#8211; 160<\/p>\n<\/td>\n<\/tr>\n<tr>\n<td>\n<p align=\"center\">110<\/p>\n<\/td>\n<td>\n<p align=\"center\">158 &#8211; 168<\/p>\n<\/td>\n<\/tr>\n<tr>\n<td>\n<p align=\"center\">115<\/p>\n<\/td>\n<td>\n<p align=\"center\">165 &#8211; 175<\/p>\n<\/td>\n<\/tr>\n<tr>\n<td>\n<p align=\"center\">120<\/p>\n<\/td>\n<td>\n<p align=\"center\">173 &#8211; 182<\/p>\n<\/td>\n<\/tr>\n<tr>\n<td>\n<p align=\"center\">125<\/p>\n<\/td>\n<td>\n<p align=\"center\">180 &#8211; 190<\/p>\n<\/td>\n<\/tr>\n<tr>\n<td>\n<p align=\"center\">130<\/p>\n<\/td>\n<td>\n<p align=\"center\">188 &#8211; 198<\/p>\n<\/td>\n<\/tr>\n<tr>\n<td>\n<p align=\"center\">135<\/p>\n<\/td>\n<td>\n<p align=\"center\">196 &#8211; 196<\/p>\n<\/td>\n<\/tr>\n<\/tbody>\n<\/table>\n<p>&nbsp;<\/p>\n<p>&nbsp;<\/p>\n","protected":false},"excerpt":{"rendered":"<p>\u013boti vieglas un kompaktas n\u016bjo&scaron;anas n\u016bjas. Izgatavotas no 100% oglek\u013ca &scaron;\u0137iedras. \u012apa&scaron;i piem\u0113rotas ce\u013cojumiem, jo salikt\u0101 veid\u0101 ir tikai 62 cm garas. Pateicoties SLS (Super Lock System) sist\u0113mai, kas nodro&scaron;ina n\u016bjas savienojuma vietas vertik\u0101lo iztur\u012bbu l\u012bdz 140kg, uz t\u0101m var dro&scaron;i atspiesties. No\u0146emams cimdi\u0146&scaron; un main\u0101mi uzga\u013cu grozi\u0146i. Komplekt\u0101 ir gumijas uzga\u013ci ar radz\u0113m. Specifik\u0101cija: [&hellip;]<\/p>\n","protected":false},"featured_media":0,"template":"","meta":[],"product_brand":[932],"product_cat":[4587,4602,4746,4747],"product_tag":[],"class_list":{"0":"post-76325","1":"product","2":"type-product","3":"status-publish","5":"product_brand-leki","6":"product_cat-sports","7":"product_cat-summer-sports-sports","8":"product_cat-nordic-walking-summer-sports-sports","9":"product_cat-walking-sticks-nordic-walking-summer-sports-sports","11":"first","12":"instock","13":"shipping-taxable","14":"purchasable","15":"product-type-simple"},"_links":{"self":[{"href":"https:\/\/sezona.lv\/en\/wp-json\/wp\/v2\/product\/76325","targetHints":{"allow":["GET"]}}],"collection":[{"href":"https:\/\/sezona.lv\/en\/wp-json\/wp\/v2\/product"}],"about":[{"href":"https:\/\/sezona.lv\/en\/wp-json\/wp\/v2\/types\/product"}],"wp:attachment":[{"href":"https:\/\/sezona.lv\/en\/wp-json\/wp\/v2\/media?parent=76325"}],"wp:term":[{"taxonomy":"product_brand","embeddable":true,"href":"https:\/\/sezona.lv\/en\/wp-json\/wp\/v2\/product_brand?post=76325"},{"taxonomy":"product_cat","embeddable":true,"href":"https:\/\/sezona.lv\/en\/wp-json\/wp\/v2\/product_cat?post=76325"},{"taxonomy":"product_tag","embeddable":true,"href":"https:\/\/sezona.lv\/en\/wp-json\/wp\/v2\/product_tag?post=76325"}],"curies":[{"name":"wp","href":"https:\/\/api.w.org\/{rel}","templated":true}]}}